{"id":4492,"date":"2023-01-18T18:57:46","date_gmt":"2023-01-18T18:57:46","guid":{"rendered":"https:\/\/rinnovomedspa.com\/?post_type=product&#038;p=4492"},"modified":"2023-01-25T15:45:57","modified_gmt":"2023-01-25T15:45:57","slug":"diamond-artistic-face-cream","status":"publish","type":"product","link":"https:\/\/rinnovomedspa.com\/en\/product\/crema-facial-diamond-artistic\/","title":{"rendered":"Diamond Artistic Face Cream"},"content":{"rendered":"<p>Presentation: mature skin, dry, alipic, dehydrated, aged skin, deep expression lines, in the climacteric stage.<\/p>\n<p>Assets: Rodacea, Golden c, skinarch and energy diamond.<\/p>\n<p>Benefits: intensely reinforces and repairs the dermis and epidermis, promotes and generates the 4 most important types of collagen to improve the firmness and elasticity of the skin, younger skin, combats the signs of aging, shows off sensual, fresh skin, Soft, silky and highly hydrated, corrects skin tone. Ideal for skin in the climacteric stage.<\/p>","protected":false},"excerpt":{"rendered":"<p>Presentation: mature skin, dry, alipic, dehydrated, aged skin, deep expression lines, in the climacteric stage.<\/p>\n<p>Assets: Rodacea, Golden c, skinarch and energy diamond.<\/p>\n<p>Benefits: intensely reinforces and repairs the dermis and epidermis, promotes and generates the 4 most important types of collagen to improve the firmness and elasticity of the skin, younger skin, combats the signs of aging, shows off sensual, fresh skin, Soft, silky and highly hydrated, corrects skin tone. Ideal for skin in the climacteric stage.<\/p>","protected":false},"featured_media":4501,"comment_status":"open","ping_status":"closed","template":"","meta":{"inline_featured_image":false},"product_brand":[],"product_cat":[157],"product_tag":[],"class_list":{"0":"post-4492","1":"product","2":"type-product","3":"status-publish","4":"has-post-thumbnail","6":"product_cat-diamond","8":"first","9":"instock","10":"shipping-taxable","11":"purchasable","12":"product-type-simple"},"yoast_head":"<!-- This site is optimized with the Yoast SEO plugin v27.4 - https:\/\/yoast.com\/product\/yoast-seo-wordpress\/ -->\n<title>Crema facial Diamond Artistic - Rinnovo<\/title>\n<meta name=\"robots\" content=\"index, follow, max-snippet:-1, max-image-preview:large, max-video-preview:-1\" \/>\n<link rel=\"canonical\" href=\"https:\/\/rinnovomedspa.com\/en\/products\/diamond-artistic-face-cream\/\" \/>\n<meta property=\"og:locale\" content=\"en_US\" \/>\n<meta property=\"og:type\" content=\"article\" \/>\n<meta property=\"og:title\" content=\"Crema facial Diamond Artistic - Rinnovo\" \/>\n<meta property=\"og:description\" content=\"Presentaci\u00f3n: piel madura, pieles secas, alipicas, deshidratadas, envejecidas, l\u00edneas de expresi\u00f3n profunda, en etapa de climaterio.  Activos: Rodacea, Golden c, skinarch y energy diamond.  Beneficios: refuerza y repara intensamente la dermis y la epidermis, promueve y genera los 4 tipos de col\u00e1geno m\u00e1s importantes para mejorar la firmeza y elasticidad de la piel, una piel m\u00e1s joven, combate los signos del envejecimiento, luce una piel sensual, fresca, suave, sedosa y altamente hidratada, corrige el tono de la piel. Ideal para pieles en etapa del climaterio.\" \/>\n<meta property=\"og:url\" content=\"https:\/\/rinnovomedspa.com\/en\/products\/diamond-artistic-face-cream\/\" \/>\n<meta property=\"og:site_name\" content=\"Rinnovo\" \/>\n<meta property=\"article:publisher\" content=\"https:\/\/www.facebook.com\/RinnovoMedSpa\" \/>\n<meta property=\"article:modified_time\" content=\"2023-01-25T15:45:57+00:00\" \/>\n<meta property=\"og:image\" content=\"https:\/\/rinnovomedspa.com\/wp-content\/uploads\/2023\/01\/Mesa-de-trabajo-6.png\" \/>\n\t<meta property=\"og:image:width\" content=\"1000\" \/>\n\t<meta property=\"og:image:height\" content=\"1000\" \/>\n\t<meta property=\"og:image:type\" content=\"image\/png\" \/>\n<meta name=\"twitter:card\" content=\"summary_large_image\" \/>\n<script type=\"application\/ld+json\" class=\"yoast-schema-graph\">{\"@context\":\"https:\\\/\\\/schema.org\",\"@graph\":[{\"@type\":\"WebPage\",\"@id\":\"https:\\\/\\\/rinnovomedspa.com\\\/product\\\/crema-facial-diamond-artistic\\\/\",\"url\":\"https:\\\/\\\/rinnovomedspa.com\\\/product\\\/crema-facial-diamond-artistic\\\/\",\"name\":\"Crema facial Diamond Artistic - Rinnovo\",\"isPartOf\":{\"@id\":\"https:\\\/\\\/rinnovomedspa.com\\\/#website\"},\"primaryImageOfPage\":{\"@id\":\"https:\\\/\\\/rinnovomedspa.com\\\/product\\\/crema-facial-diamond-artistic\\\/#primaryimage\"},\"image\":{\"@id\":\"https:\\\/\\\/rinnovomedspa.com\\\/product\\\/crema-facial-diamond-artistic\\\/#primaryimage\"},\"thumbnailUrl\":\"https:\\\/\\\/rinnovomedspa.com\\\/wp-content\\\/uploads\\\/2023\\\/01\\\/Mesa-de-trabajo-6.png\",\"datePublished\":\"2023-01-18T18:57:46+00:00\",\"dateModified\":\"2023-01-25T15:45:57+00:00\",\"breadcrumb\":{\"@id\":\"https:\\\/\\\/rinnovomedspa.com\\\/product\\\/crema-facial-diamond-artistic\\\/#breadcrumb\"},\"inLanguage\":\"en-US\",\"potentialAction\":[{\"@type\":\"ReadAction\",\"target\":[\"https:\\\/\\\/rinnovomedspa.com\\\/product\\\/crema-facial-diamond-artistic\\\/\"]}]},{\"@type\":\"ImageObject\",\"inLanguage\":\"en-US\",\"@id\":\"https:\\\/\\\/rinnovomedspa.com\\\/product\\\/crema-facial-diamond-artistic\\\/#primaryimage\",\"url\":\"https:\\\/\\\/rinnovomedspa.com\\\/wp-content\\\/uploads\\\/2023\\\/01\\\/Mesa-de-trabajo-6.png\",\"contentUrl\":\"https:\\\/\\\/rinnovomedspa.com\\\/wp-content\\\/uploads\\\/2023\\\/01\\\/Mesa-de-trabajo-6.png\",\"width\":1000,\"height\":1000},{\"@type\":\"BreadcrumbList\",\"@id\":\"https:\\\/\\\/rinnovomedspa.com\\\/product\\\/crema-facial-diamond-artistic\\\/#breadcrumb\",\"itemListElement\":[{\"@type\":\"ListItem\",\"position\":1,\"name\":\"Inicio\",\"item\":\"https:\\\/\\\/rinnovomedspa.com\\\/\"},{\"@type\":\"ListItem\",\"position\":2,\"name\":\"Nuestra Tienda\",\"item\":\"https:\\\/\\\/rinnovomedspa.com\\\/tienda\\\/\"},{\"@type\":\"ListItem\",\"position\":3,\"name\":\"Crema facial Diamond Artistic\"}]},{\"@type\":\"WebSite\",\"@id\":\"https:\\\/\\\/rinnovomedspa.com\\\/#website\",\"url\":\"https:\\\/\\\/rinnovomedspa.com\\\/\",\"name\":\"Rinnovo Med Spa\",\"description\":\"Med Spa\",\"publisher\":{\"@id\":\"https:\\\/\\\/rinnovomedspa.com\\\/#organization\"},\"potentialAction\":[{\"@type\":\"SearchAction\",\"target\":{\"@type\":\"EntryPoint\",\"urlTemplate\":\"https:\\\/\\\/rinnovomedspa.com\\\/?s={search_term_string}\"},\"query-input\":{\"@type\":\"PropertyValueSpecification\",\"valueRequired\":true,\"valueName\":\"search_term_string\"}}],\"inLanguage\":\"en-US\"},{\"@type\":\"Organization\",\"@id\":\"https:\\\/\\\/rinnovomedspa.com\\\/#organization\",\"name\":\"Rinnovo Med Spa\",\"url\":\"https:\\\/\\\/rinnovomedspa.com\\\/\",\"logo\":{\"@type\":\"ImageObject\",\"inLanguage\":\"en-US\",\"@id\":\"https:\\\/\\\/rinnovomedspa.com\\\/#\\\/schema\\\/logo\\\/image\\\/\",\"url\":\"https:\\\/\\\/rinnovomedspa.com\\\/wp-content\\\/uploads\\\/2022\\\/12\\\/rinnovo-med-spa-logo-purpule.png\",\"contentUrl\":\"https:\\\/\\\/rinnovomedspa.com\\\/wp-content\\\/uploads\\\/2022\\\/12\\\/rinnovo-med-spa-logo-purpule.png\",\"width\":150,\"height\":41,\"caption\":\"Rinnovo Med Spa\"},\"image\":{\"@id\":\"https:\\\/\\\/rinnovomedspa.com\\\/#\\\/schema\\\/logo\\\/image\\\/\"},\"sameAs\":[\"https:\\\/\\\/www.facebook.com\\\/RinnovoMedSpa\"]}]}<\/script>\n<!-- \/ Yoast SEO plugin. -->","yoast_head_json":{"title":"Diamond Artistic Face Cream - Rinnovo","robots":{"index":"index","follow":"follow","max-snippet":"max-snippet:-1","max-image-preview":"max-image-preview:large","max-video-preview":"max-video-preview:-1"},"canonical":"https:\/\/rinnovomedspa.com\/en\/products\/diamond-artistic-face-cream\/","og_locale":"en_US","og_type":"article","og_title":"Crema facial Diamond Artistic - Rinnovo","og_description":"Presentaci\u00f3n: piel madura, pieles secas, alipicas, deshidratadas, envejecidas, l\u00edneas de expresi\u00f3n profunda, en etapa de climaterio.  Activos: Rodacea, Golden c, skinarch y energy diamond.  Beneficios: refuerza y repara intensamente la dermis y la epidermis, promueve y genera los 4 tipos de col\u00e1geno m\u00e1s importantes para mejorar la firmeza y elasticidad de la piel, una piel m\u00e1s joven, combate los signos del envejecimiento, luce una piel sensual, fresca, suave, sedosa y altamente hidratada, corrige el tono de la piel. Ideal para pieles en etapa del climaterio.","og_url":"https:\/\/rinnovomedspa.com\/en\/products\/diamond-artistic-face-cream\/","og_site_name":"Rinnovo","article_publisher":"https:\/\/www.facebook.com\/RinnovoMedSpa","article_modified_time":"2023-01-25T15:45:57+00:00","og_image":[{"width":1000,"height":1000,"url":"https:\/\/rinnovomedspa.com\/wp-content\/uploads\/2023\/01\/Mesa-de-trabajo-6.png","type":"image\/png"}],"twitter_card":"summary_large_image","schema":{"@context":"https:\/\/schema.org","@graph":[{"@type":"WebPage","@id":"https:\/\/rinnovomedspa.com\/product\/crema-facial-diamond-artistic\/","url":"https:\/\/rinnovomedspa.com\/product\/crema-facial-diamond-artistic\/","name":"Diamond Artistic Face Cream - Rinnovo","isPartOf":{"@id":"https:\/\/rinnovomedspa.com\/#website"},"primaryImageOfPage":{"@id":"https:\/\/rinnovomedspa.com\/product\/crema-facial-diamond-artistic\/#primaryimage"},"image":{"@id":"https:\/\/rinnovomedspa.com\/product\/crema-facial-diamond-artistic\/#primaryimage"},"thumbnailUrl":"https:\/\/rinnovomedspa.com\/wp-content\/uploads\/2023\/01\/Mesa-de-trabajo-6.png","datePublished":"2023-01-18T18:57:46+00:00","dateModified":"2023-01-25T15:45:57+00:00","breadcrumb":{"@id":"https:\/\/rinnovomedspa.com\/product\/crema-facial-diamond-artistic\/#breadcrumb"},"inLanguage":"en-US","potentialAction":[{"@type":"ReadAction","target":["https:\/\/rinnovomedspa.com\/product\/crema-facial-diamond-artistic\/"]}]},{"@type":"ImageObject","inLanguage":"en-US","@id":"https:\/\/rinnovomedspa.com\/product\/crema-facial-diamond-artistic\/#primaryimage","url":"https:\/\/rinnovomedspa.com\/wp-content\/uploads\/2023\/01\/Mesa-de-trabajo-6.png","contentUrl":"https:\/\/rinnovomedspa.com\/wp-content\/uploads\/2023\/01\/Mesa-de-trabajo-6.png","width":1000,"height":1000},{"@type":"BreadcrumbList","@id":"https:\/\/rinnovomedspa.com\/product\/crema-facial-diamond-artistic\/#breadcrumb","itemListElement":[{"@type":"ListItem","position":1,"name":"Inicio","item":"https:\/\/rinnovomedspa.com\/"},{"@type":"ListItem","position":2,"name":"Nuestra Tienda","item":"https:\/\/rinnovomedspa.com\/tienda\/"},{"@type":"ListItem","position":3,"name":"Crema facial Diamond Artistic"}]},{"@type":"WebSite","@id":"https:\/\/rinnovomedspa.com\/#website","url":"https:\/\/rinnovomedspa.com\/","name":"Rinnovo Med Spa","description":"med-spa","publisher":{"@id":"https:\/\/rinnovomedspa.com\/#organization"},"potentialAction":[{"@type":"SearchAction","target":{"@type":"EntryPoint","urlTemplate":"https:\/\/rinnovomedspa.com\/?s={search_term_string}"},"query-input":{"@type":"PropertyValueSpecification","valueRequired":true,"valueName":"search_term_string"}}],"inLanguage":"en-US"},{"@type":"Organization","@id":"https:\/\/rinnovomedspa.com\/#organization","name":"Rinnovo Med Spa","url":"https:\/\/rinnovomedspa.com\/","logo":{"@type":"ImageObject","inLanguage":"en-US","@id":"https:\/\/rinnovomedspa.com\/#\/schema\/logo\/image\/","url":"https:\/\/rinnovomedspa.com\/wp-content\/uploads\/2022\/12\/rinnovo-med-spa-logo-purpule.png","contentUrl":"https:\/\/rinnovomedspa.com\/wp-content\/uploads\/2022\/12\/rinnovo-med-spa-logo-purpule.png","width":150,"height":41,"caption":"Rinnovo Med Spa"},"image":{"@id":"https:\/\/rinnovomedspa.com\/#\/schema\/logo\/image\/"},"sameAs":["https:\/\/www.facebook.com\/RinnovoMedSpa"]}]}},"_links":{"self":[{"href":"https:\/\/rinnovomedspa.com\/en\/wp-json\/wp\/v2\/product\/4492","targetHints":{"allow":["GET"]}}],"collection":[{"href":"https:\/\/rinnovomedspa.com\/en\/wp-json\/wp\/v2\/product"}],"about":[{"href":"https:\/\/rinnovomedspa.com\/en\/wp-json\/wp\/v2\/types\/product"}],"replies":[{"embeddable":true,"href":"https:\/\/rinnovomedspa.com\/en\/wp-json\/wp\/v2\/comments?post=4492"}],"wp:featuredmedia":[{"embeddable":true,"href":"https:\/\/rinnovomedspa.com\/en\/wp-json\/wp\/v2\/media\/4501"}],"wp:attachment":[{"href":"https:\/\/rinnovomedspa.com\/en\/wp-json\/wp\/v2\/media?parent=4492"}],"wp:term":[{"taxonomy":"product_brand","embeddable":true,"href":"https:\/\/rinnovomedspa.com\/en\/wp-json\/wp\/v2\/product_brand?post=4492"},{"taxonomy":"product_cat","embeddable":true,"href":"https:\/\/rinnovomedspa.com\/en\/wp-json\/wp\/v2\/product_cat?post=4492"},{"taxonomy":"product_tag","embeddable":true,"href":"https:\/\/rinnovomedspa.com\/en\/wp-json\/wp\/v2\/product_tag?post=4492"}],"curies":[{"name":"wp","href":"https:\/\/api.w.org\/{rel}","templated":true}]}}