{"id":4489,"date":"2023-01-18T18:57:46","date_gmt":"2023-01-18T18:57:46","guid":{"rendered":"https:\/\/rinnovomedspa.com\/?post_type=product&#038;p=4489"},"modified":"2023-06-15T15:13:57","modified_gmt":"2023-06-15T15:13:57","slug":"eye-perfect-cream","status":"publish","type":"product","link":"https:\/\/rinnovomedspa.com\/en\/products\/eye-perfect-cream\/","title":{"rendered":"Eye Perfect Cream"},"content":{"rendered":"<p>Presentation: ideal for deep expression lines on the eyes and lips<\/p>\n<p>Eye and lip contour cream with triple effect<\/p>\n<p>Actives: peptides, skinarch, detoxondris and olive phospholipids.<\/p>\n<p>Benefits: acts against dehydration of the eyelids and lips, increases the thickness of the epidermis, fades the depth of expression lines, smoothes and fills expression lines and wrinkles, energizes cells and counteracts the effect of fatigue, a fresh look all over time.<\/p>","protected":false},"excerpt":{"rendered":"<p>Presentation: ideal for deep expression lines on the eyes and lips<\/p>\n<p>Eye and lip contour cream with triple effect<\/p>\n<p>Actives: peptides, skinarch, detoxondris and olive phospholipids.<\/p>\n<p>Benefits: acts against dehydration of the eyelids and lips, increases the thickness of the epidermis, fades the depth of expression lines, smoothes and fills expression lines and wrinkles, energizes cells and counteracts the effect of fatigue, a fresh look all over time.<\/p>","protected":false},"featured_media":4498,"comment_status":"open","ping_status":"closed","template":"","meta":{"inline_featured_image":false},"product_brand":[],"product_cat":[157],"product_tag":[],"class_list":{"0":"post-4489","1":"product","2":"type-product","3":"status-publish","4":"has-post-thumbnail","6":"product_cat-diamond","8":"first","9":"instock","10":"shipping-taxable","11":"purchasable","12":"product-type-simple"},"yoast_head":"<!-- This site is optimized with the Yoast SEO plugin v26.0 - https:\/\/yoast.com\/wordpress\/plugins\/seo\/ -->\n<title>Eye Perfect Cream - Rinnovo<\/title>\n<meta name=\"robots\" content=\"index, follow, max-snippet:-1, max-image-preview:large, max-video-preview:-1\" \/>\n<link rel=\"canonical\" href=\"https:\/\/rinnovomedspa.com\/en\/products\/eye-perfect-cream\/\" \/>\n<meta property=\"og:locale\" content=\"en_US\" \/>\n<meta property=\"og:type\" content=\"article\" \/>\n<meta property=\"og:title\" content=\"Eye Perfect Cream - Rinnovo\" \/>\n<meta property=\"og:description\" content=\"Presentaci\u00f3n: ideal para l\u00edneas de expresi\u00f3n profundas en ojos y labios  Crema de contorno de ojos y labios con triple efecto  Activos: p\u00e9ptidos, skinarch, detoxondris y fosfol\u00edpidos de olivo.  Beneficios: actua contra la deshidrataci\u00f3n de parpados y labios, aumenta el grosor de la epidermis, desvanece la profundidad de las l\u00edneas de expresi\u00f3n, alisa y rellena las l\u00edneas de expresi\u00f3n y arrugas, energizante celular y contrarresta el efecto de cansancio, una mirada fresca todo el tiempo.\" \/>\n<meta property=\"og:url\" content=\"https:\/\/rinnovomedspa.com\/en\/products\/eye-perfect-cream\/\" \/>\n<meta property=\"og:site_name\" content=\"Rinnovo\" \/>\n<meta property=\"article:publisher\" content=\"https:\/\/www.facebook.com\/RinnovoMedSpa\" \/>\n<meta property=\"article:modified_time\" content=\"2023-06-15T15:13:57+00:00\" \/>\n<meta property=\"og:image\" content=\"https:\/\/rinnovomedspa.com\/wp-content\/uploads\/2023\/01\/Mesa-de-trabajo-3-1.png\" \/>\n\t<meta property=\"og:image:width\" content=\"1500\" \/>\n\t<meta property=\"og:image:height\" content=\"1500\" \/>\n\t<meta property=\"og:image:type\" content=\"image\/png\" \/>\n<meta name=\"twitter:card\" content=\"summary_large_image\" \/>\n<script type=\"application\/ld+json\" class=\"yoast-schema-graph\">{\"@context\":\"https:\/\/schema.org\",\"@graph\":[{\"@type\":\"WebPage\",\"@id\":\"https:\/\/rinnovomedspa.com\/product\/eye-perfect-cream\/\",\"url\":\"https:\/\/rinnovomedspa.com\/product\/eye-perfect-cream\/\",\"name\":\"Eye Perfect Cream - Rinnovo\",\"isPartOf\":{\"@id\":\"https:\/\/rinnovomedspa.com\/#website\"},\"primaryImageOfPage\":{\"@id\":\"https:\/\/rinnovomedspa.com\/product\/eye-perfect-cream\/#primaryimage\"},\"image\":{\"@id\":\"https:\/\/rinnovomedspa.com\/product\/eye-perfect-cream\/#primaryimage\"},\"thumbnailUrl\":\"https:\/\/rinnovomedspa.com\/wp-content\/uploads\/2023\/01\/Mesa-de-trabajo-3-1.png\",\"datePublished\":\"2023-01-18T18:57:46+00:00\",\"dateModified\":\"2023-06-15T15:13:57+00:00\",\"breadcrumb\":{\"@id\":\"https:\/\/rinnovomedspa.com\/product\/eye-perfect-cream\/#breadcrumb\"},\"inLanguage\":\"en-US\",\"potentialAction\":[{\"@type\":\"ReadAction\",\"target\":[\"https:\/\/rinnovomedspa.com\/product\/eye-perfect-cream\/\"]}]},{\"@type\":\"ImageObject\",\"inLanguage\":\"en-US\",\"@id\":\"https:\/\/rinnovomedspa.com\/product\/eye-perfect-cream\/#primaryimage\",\"url\":\"https:\/\/rinnovomedspa.com\/wp-content\/uploads\/2023\/01\/Mesa-de-trabajo-3-1.png\",\"contentUrl\":\"https:\/\/rinnovomedspa.com\/wp-content\/uploads\/2023\/01\/Mesa-de-trabajo-3-1.png\",\"width\":1500,\"height\":1500},{\"@type\":\"BreadcrumbList\",\"@id\":\"https:\/\/rinnovomedspa.com\/product\/eye-perfect-cream\/#breadcrumb\",\"itemListElement\":[{\"@type\":\"ListItem\",\"position\":1,\"name\":\"Inicio\",\"item\":\"https:\/\/rinnovomedspa.com\/\"},{\"@type\":\"ListItem\",\"position\":2,\"name\":\"Nuestra Tienda\",\"item\":\"https:\/\/rinnovomedspa.com\/tienda\/\"},{\"@type\":\"ListItem\",\"position\":3,\"name\":\"Eye Perfect Cream\"}]},{\"@type\":\"WebSite\",\"@id\":\"https:\/\/rinnovomedspa.com\/#website\",\"url\":\"https:\/\/rinnovomedspa.com\/\",\"name\":\"Rinnovo Med Spa\",\"description\":\"Med Spa\",\"publisher\":{\"@id\":\"https:\/\/rinnovomedspa.com\/#organization\"},\"potentialAction\":[{\"@type\":\"SearchAction\",\"target\":{\"@type\":\"EntryPoint\",\"urlTemplate\":\"https:\/\/rinnovomedspa.com\/?s={search_term_string}\"},\"query-input\":{\"@type\":\"PropertyValueSpecification\",\"valueRequired\":true,\"valueName\":\"search_term_string\"}}],\"inLanguage\":\"en-US\"},{\"@type\":\"Organization\",\"@id\":\"https:\/\/rinnovomedspa.com\/#organization\",\"name\":\"Rinnovo Med Spa\",\"url\":\"https:\/\/rinnovomedspa.com\/\",\"logo\":{\"@type\":\"ImageObject\",\"inLanguage\":\"en-US\",\"@id\":\"https:\/\/rinnovomedspa.com\/#\/schema\/logo\/image\/\",\"url\":\"https:\/\/rinnovomedspa.com\/wp-content\/uploads\/2022\/12\/rinnovo-med-spa-logo-purpule.png\",\"contentUrl\":\"https:\/\/rinnovomedspa.com\/wp-content\/uploads\/2022\/12\/rinnovo-med-spa-logo-purpule.png\",\"width\":150,\"height\":41,\"caption\":\"Rinnovo Med Spa\"},\"image\":{\"@id\":\"https:\/\/rinnovomedspa.com\/#\/schema\/logo\/image\/\"},\"sameAs\":[\"https:\/\/www.facebook.com\/RinnovoMedSpa\"]}]}<\/script>\n<!-- \/ Yoast SEO plugin. -->","yoast_head_json":{"title":"Eye Perfect Cream - Rinnovo","robots":{"index":"index","follow":"follow","max-snippet":"max-snippet:-1","max-image-preview":"max-image-preview:large","max-video-preview":"max-video-preview:-1"},"canonical":"https:\/\/rinnovomedspa.com\/en\/products\/eye-perfect-cream\/","og_locale":"en_US","og_type":"article","og_title":"Eye Perfect Cream - Rinnovo","og_description":"Presentaci\u00f3n: ideal para l\u00edneas de expresi\u00f3n profundas en ojos y labios  Crema de contorno de ojos y labios con triple efecto  Activos: p\u00e9ptidos, skinarch, detoxondris y fosfol\u00edpidos de olivo.  Beneficios: actua contra la deshidrataci\u00f3n de parpados y labios, aumenta el grosor de la epidermis, desvanece la profundidad de las l\u00edneas de expresi\u00f3n, alisa y rellena las l\u00edneas de expresi\u00f3n y arrugas, energizante celular y contrarresta el efecto de cansancio, una mirada fresca todo el tiempo.","og_url":"https:\/\/rinnovomedspa.com\/en\/products\/eye-perfect-cream\/","og_site_name":"Rinnovo","article_publisher":"https:\/\/www.facebook.com\/RinnovoMedSpa","article_modified_time":"2023-06-15T15:13:57+00:00","og_image":[{"width":1500,"height":1500,"url":"https:\/\/rinnovomedspa.com\/wp-content\/uploads\/2023\/01\/Mesa-de-trabajo-3-1.png","type":"image\/png"}],"twitter_card":"summary_large_image","schema":{"@context":"https:\/\/schema.org","@graph":[{"@type":"WebPage","@id":"https:\/\/rinnovomedspa.com\/product\/eye-perfect-cream\/","url":"https:\/\/rinnovomedspa.com\/product\/eye-perfect-cream\/","name":"Eye Perfect Cream - Rinnovo","isPartOf":{"@id":"https:\/\/rinnovomedspa.com\/#website"},"primaryImageOfPage":{"@id":"https:\/\/rinnovomedspa.com\/product\/eye-perfect-cream\/#primaryimage"},"image":{"@id":"https:\/\/rinnovomedspa.com\/product\/eye-perfect-cream\/#primaryimage"},"thumbnailUrl":"https:\/\/rinnovomedspa.com\/wp-content\/uploads\/2023\/01\/Mesa-de-trabajo-3-1.png","datePublished":"2023-01-18T18:57:46+00:00","dateModified":"2023-06-15T15:13:57+00:00","breadcrumb":{"@id":"https:\/\/rinnovomedspa.com\/product\/eye-perfect-cream\/#breadcrumb"},"inLanguage":"en-US","potentialAction":[{"@type":"ReadAction","target":["https:\/\/rinnovomedspa.com\/product\/eye-perfect-cream\/"]}]},{"@type":"ImageObject","inLanguage":"en-US","@id":"https:\/\/rinnovomedspa.com\/product\/eye-perfect-cream\/#primaryimage","url":"https:\/\/rinnovomedspa.com\/wp-content\/uploads\/2023\/01\/Mesa-de-trabajo-3-1.png","contentUrl":"https:\/\/rinnovomedspa.com\/wp-content\/uploads\/2023\/01\/Mesa-de-trabajo-3-1.png","width":1500,"height":1500},{"@type":"BreadcrumbList","@id":"https:\/\/rinnovomedspa.com\/product\/eye-perfect-cream\/#breadcrumb","itemListElement":[{"@type":"ListItem","position":1,"name":"Inicio","item":"https:\/\/rinnovomedspa.com\/"},{"@type":"ListItem","position":2,"name":"Nuestra Tienda","item":"https:\/\/rinnovomedspa.com\/tienda\/"},{"@type":"ListItem","position":3,"name":"Eye Perfect Cream"}]},{"@type":"WebSite","@id":"https:\/\/rinnovomedspa.com\/#website","url":"https:\/\/rinnovomedspa.com\/","name":"Rinnovo Med Spa","description":"med-spa","publisher":{"@id":"https:\/\/rinnovomedspa.com\/#organization"},"potentialAction":[{"@type":"SearchAction","target":{"@type":"EntryPoint","urlTemplate":"https:\/\/rinnovomedspa.com\/?s={search_term_string}"},"query-input":{"@type":"PropertyValueSpecification","valueRequired":true,"valueName":"search_term_string"}}],"inLanguage":"en-US"},{"@type":"Organization","@id":"https:\/\/rinnovomedspa.com\/#organization","name":"Rinnovo Med Spa","url":"https:\/\/rinnovomedspa.com\/","logo":{"@type":"ImageObject","inLanguage":"en-US","@id":"https:\/\/rinnovomedspa.com\/#\/schema\/logo\/image\/","url":"https:\/\/rinnovomedspa.com\/wp-content\/uploads\/2022\/12\/rinnovo-med-spa-logo-purpule.png","contentUrl":"https:\/\/rinnovomedspa.com\/wp-content\/uploads\/2022\/12\/rinnovo-med-spa-logo-purpule.png","width":150,"height":41,"caption":"Rinnovo Med Spa"},"image":{"@id":"https:\/\/rinnovomedspa.com\/#\/schema\/logo\/image\/"},"sameAs":["https:\/\/www.facebook.com\/RinnovoMedSpa"]}]}},"_links":{"self":[{"href":"https:\/\/rinnovomedspa.com\/en\/wp-json\/wp\/v2\/product\/4489","targetHints":{"allow":["GET"]}}],"collection":[{"href":"https:\/\/rinnovomedspa.com\/en\/wp-json\/wp\/v2\/product"}],"about":[{"href":"https:\/\/rinnovomedspa.com\/en\/wp-json\/wp\/v2\/types\/product"}],"replies":[{"embeddable":true,"href":"https:\/\/rinnovomedspa.com\/en\/wp-json\/wp\/v2\/comments?post=4489"}],"wp:featuredmedia":[{"embeddable":true,"href":"https:\/\/rinnovomedspa.com\/en\/wp-json\/wp\/v2\/media\/4498"}],"wp:attachment":[{"href":"https:\/\/rinnovomedspa.com\/en\/wp-json\/wp\/v2\/media?parent=4489"}],"wp:term":[{"taxonomy":"product_brand","embeddable":true,"href":"https:\/\/rinnovomedspa.com\/en\/wp-json\/wp\/v2\/product_brand?post=4489"},{"taxonomy":"product_cat","embeddable":true,"href":"https:\/\/rinnovomedspa.com\/en\/wp-json\/wp\/v2\/product_cat?post=4489"},{"taxonomy":"product_tag","embeddable":true,"href":"https:\/\/rinnovomedspa.com\/en\/wp-json\/wp\/v2\/product_tag?post=4489"}],"curies":[{"name":"wp","href":"https:\/\/api.w.org\/{rel}","templated":true}]}}