{"id":4488,"date":"2023-01-18T18:57:46","date_gmt":"2023-01-18T18:57:46","guid":{"rendered":"https:\/\/rinnovomedspa.com\/?post_type=product&#038;p=4488"},"modified":"2023-01-25T15:44:07","modified_gmt":"2023-01-25T15:44:07","slug":"gel-facial-platinium-repair","status":"publish","type":"product","link":"https:\/\/rinnovomedspa.com\/en\/product\/gel-facial-platinium-repair\/","title":{"rendered":"Platinum Repair Facial Gel"},"content":{"rendered":"<p>Presentation: mature skin with aging and deep expression lines.<\/p>\n<p>Actives: argan oil, biotechnological collagen, biotechnological placenta and celery stem cell.<\/p>\n<p>Benefits: antioxidant, deeply hydrates, intensive regeneration, lifting effect, delays the signs of aging, ideal for skin in the climacteric stage<\/p>","protected":false},"excerpt":{"rendered":"<p>Presentation: mature skin with aging and deep expression lines.<\/p>\n<p>Actives: argan oil, biotechnological collagen, biotechnological placenta and celery stem cell.<\/p>\n<p>Benefits: antioxidant, deeply hydrates, intensive regeneration, lifting effect, delays the signs of aging, ideal for skin in the climacteric stage<\/p>","protected":false},"featured_media":4497,"comment_status":"open","ping_status":"closed","template":"","meta":{"inline_featured_image":false},"product_brand":[],"product_cat":[157],"product_tag":[],"class_list":{"0":"post-4488","1":"product","2":"type-product","3":"status-publish","4":"has-post-thumbnail","6":"product_cat-diamond","8":"first","9":"instock","10":"shipping-taxable","11":"purchasable","12":"product-type-simple"},"yoast_head":"<!-- This site is optimized with the Yoast SEO plugin v27.4 - https:\/\/yoast.com\/product\/yoast-seo-wordpress\/ -->\n<title>Gel Facial Platinium Repair - Rinnovo<\/title>\n<meta name=\"robots\" content=\"index, follow, max-snippet:-1, max-image-preview:large, max-video-preview:-1\" \/>\n<link rel=\"canonical\" href=\"https:\/\/rinnovomedspa.com\/en\/products\/gel-facial-platinium-repair\/\" \/>\n<meta property=\"og:locale\" content=\"en_US\" \/>\n<meta property=\"og:type\" content=\"article\" \/>\n<meta property=\"og:title\" content=\"Gel Facial Platinium Repair - Rinnovo\" \/>\n<meta property=\"og:description\" content=\"Presentaci\u00f3n: pieles maduras con envejecimiento y l\u00edneas de expresi\u00f3n profundas.  Activos: aceite de arg\u00e1n, col\u00e1geno biotecnol\u00f3gico, placenta biotecnol\u00f3gica y c\u00e9lula madre de apio.  Beneficios: antioxidante, hidrata profundo, regeneraci\u00f3n intensiva, efecto lifting , retarda los signos de la edad, ideal para pieles en etapa de climaterio\" \/>\n<meta property=\"og:url\" content=\"https:\/\/rinnovomedspa.com\/en\/products\/gel-facial-platinium-repair\/\" \/>\n<meta property=\"og:site_name\" content=\"Rinnovo\" \/>\n<meta property=\"article:publisher\" content=\"https:\/\/www.facebook.com\/RinnovoMedSpa\" \/>\n<meta property=\"article:modified_time\" content=\"2023-01-25T15:44:07+00:00\" \/>\n<meta property=\"og:image\" content=\"https:\/\/rinnovomedspa.com\/wp-content\/uploads\/2023\/01\/Mesa-de-trabajo-9.png\" \/>\n\t<meta property=\"og:image:width\" content=\"1500\" \/>\n\t<meta property=\"og:image:height\" content=\"1500\" \/>\n\t<meta property=\"og:image:type\" content=\"image\/png\" \/>\n<meta name=\"twitter:card\" content=\"summary_large_image\" \/>\n<script type=\"application\/ld+json\" class=\"yoast-schema-graph\">{\"@context\":\"https:\\\/\\\/schema.org\",\"@graph\":[{\"@type\":\"WebPage\",\"@id\":\"https:\\\/\\\/rinnovomedspa.com\\\/product\\\/gel-facial-platinium-repair\\\/\",\"url\":\"https:\\\/\\\/rinnovomedspa.com\\\/product\\\/gel-facial-platinium-repair\\\/\",\"name\":\"Gel Facial Platinium Repair - Rinnovo\",\"isPartOf\":{\"@id\":\"https:\\\/\\\/rinnovomedspa.com\\\/#website\"},\"primaryImageOfPage\":{\"@id\":\"https:\\\/\\\/rinnovomedspa.com\\\/product\\\/gel-facial-platinium-repair\\\/#primaryimage\"},\"image\":{\"@id\":\"https:\\\/\\\/rinnovomedspa.com\\\/product\\\/gel-facial-platinium-repair\\\/#primaryimage\"},\"thumbnailUrl\":\"https:\\\/\\\/rinnovomedspa.com\\\/wp-content\\\/uploads\\\/2023\\\/01\\\/Mesa-de-trabajo-9.png\",\"datePublished\":\"2023-01-18T18:57:46+00:00\",\"dateModified\":\"2023-01-25T15:44:07+00:00\",\"breadcrumb\":{\"@id\":\"https:\\\/\\\/rinnovomedspa.com\\\/product\\\/gel-facial-platinium-repair\\\/#breadcrumb\"},\"inLanguage\":\"en-US\",\"potentialAction\":[{\"@type\":\"ReadAction\",\"target\":[\"https:\\\/\\\/rinnovomedspa.com\\\/product\\\/gel-facial-platinium-repair\\\/\"]}]},{\"@type\":\"ImageObject\",\"inLanguage\":\"en-US\",\"@id\":\"https:\\\/\\\/rinnovomedspa.com\\\/product\\\/gel-facial-platinium-repair\\\/#primaryimage\",\"url\":\"https:\\\/\\\/rinnovomedspa.com\\\/wp-content\\\/uploads\\\/2023\\\/01\\\/Mesa-de-trabajo-9.png\",\"contentUrl\":\"https:\\\/\\\/rinnovomedspa.com\\\/wp-content\\\/uploads\\\/2023\\\/01\\\/Mesa-de-trabajo-9.png\",\"width\":1500,\"height\":1500},{\"@type\":\"BreadcrumbList\",\"@id\":\"https:\\\/\\\/rinnovomedspa.com\\\/product\\\/gel-facial-platinium-repair\\\/#breadcrumb\",\"itemListElement\":[{\"@type\":\"ListItem\",\"position\":1,\"name\":\"Inicio\",\"item\":\"https:\\\/\\\/rinnovomedspa.com\\\/\"},{\"@type\":\"ListItem\",\"position\":2,\"name\":\"Nuestra Tienda\",\"item\":\"https:\\\/\\\/rinnovomedspa.com\\\/tienda\\\/\"},{\"@type\":\"ListItem\",\"position\":3,\"name\":\"Gel Facial Platinium Repair\"}]},{\"@type\":\"WebSite\",\"@id\":\"https:\\\/\\\/rinnovomedspa.com\\\/#website\",\"url\":\"https:\\\/\\\/rinnovomedspa.com\\\/\",\"name\":\"Rinnovo Med Spa\",\"description\":\"Med Spa\",\"publisher\":{\"@id\":\"https:\\\/\\\/rinnovomedspa.com\\\/#organization\"},\"potentialAction\":[{\"@type\":\"SearchAction\",\"target\":{\"@type\":\"EntryPoint\",\"urlTemplate\":\"https:\\\/\\\/rinnovomedspa.com\\\/?s={search_term_string}\"},\"query-input\":{\"@type\":\"PropertyValueSpecification\",\"valueRequired\":true,\"valueName\":\"search_term_string\"}}],\"inLanguage\":\"en-US\"},{\"@type\":\"Organization\",\"@id\":\"https:\\\/\\\/rinnovomedspa.com\\\/#organization\",\"name\":\"Rinnovo Med Spa\",\"url\":\"https:\\\/\\\/rinnovomedspa.com\\\/\",\"logo\":{\"@type\":\"ImageObject\",\"inLanguage\":\"en-US\",\"@id\":\"https:\\\/\\\/rinnovomedspa.com\\\/#\\\/schema\\\/logo\\\/image\\\/\",\"url\":\"https:\\\/\\\/rinnovomedspa.com\\\/wp-content\\\/uploads\\\/2022\\\/12\\\/rinnovo-med-spa-logo-purpule.png\",\"contentUrl\":\"https:\\\/\\\/rinnovomedspa.com\\\/wp-content\\\/uploads\\\/2022\\\/12\\\/rinnovo-med-spa-logo-purpule.png\",\"width\":150,\"height\":41,\"caption\":\"Rinnovo Med Spa\"},\"image\":{\"@id\":\"https:\\\/\\\/rinnovomedspa.com\\\/#\\\/schema\\\/logo\\\/image\\\/\"},\"sameAs\":[\"https:\\\/\\\/www.facebook.com\\\/RinnovoMedSpa\"]}]}<\/script>\n<!-- \/ Yoast SEO plugin. -->","yoast_head_json":{"title":"Platinum Repair Facial Gel - Rinnovo","robots":{"index":"index","follow":"follow","max-snippet":"max-snippet:-1","max-image-preview":"max-image-preview:large","max-video-preview":"max-video-preview:-1"},"canonical":"https:\/\/rinnovomedspa.com\/en\/products\/gel-facial-platinium-repair\/","og_locale":"en_US","og_type":"article","og_title":"Gel Facial Platinium Repair - Rinnovo","og_description":"Presentaci\u00f3n: pieles maduras con envejecimiento y l\u00edneas de expresi\u00f3n profundas.  Activos: aceite de arg\u00e1n, col\u00e1geno biotecnol\u00f3gico, placenta biotecnol\u00f3gica y c\u00e9lula madre de apio.  Beneficios: antioxidante, hidrata profundo, regeneraci\u00f3n intensiva, efecto lifting , retarda los signos de la edad, ideal para pieles en etapa de climaterio","og_url":"https:\/\/rinnovomedspa.com\/en\/products\/gel-facial-platinium-repair\/","og_site_name":"Rinnovo","article_publisher":"https:\/\/www.facebook.com\/RinnovoMedSpa","article_modified_time":"2023-01-25T15:44:07+00:00","og_image":[{"width":1500,"height":1500,"url":"https:\/\/rinnovomedspa.com\/wp-content\/uploads\/2023\/01\/Mesa-de-trabajo-9.png","type":"image\/png"}],"twitter_card":"summary_large_image","schema":{"@context":"https:\/\/schema.org","@graph":[{"@type":"WebPage","@id":"https:\/\/rinnovomedspa.com\/product\/gel-facial-platinium-repair\/","url":"https:\/\/rinnovomedspa.com\/product\/gel-facial-platinium-repair\/","name":"Platinum Repair Facial Gel - Rinnovo","isPartOf":{"@id":"https:\/\/rinnovomedspa.com\/#website"},"primaryImageOfPage":{"@id":"https:\/\/rinnovomedspa.com\/product\/gel-facial-platinium-repair\/#primaryimage"},"image":{"@id":"https:\/\/rinnovomedspa.com\/product\/gel-facial-platinium-repair\/#primaryimage"},"thumbnailUrl":"https:\/\/rinnovomedspa.com\/wp-content\/uploads\/2023\/01\/Mesa-de-trabajo-9.png","datePublished":"2023-01-18T18:57:46+00:00","dateModified":"2023-01-25T15:44:07+00:00","breadcrumb":{"@id":"https:\/\/rinnovomedspa.com\/product\/gel-facial-platinium-repair\/#breadcrumb"},"inLanguage":"en-US","potentialAction":[{"@type":"ReadAction","target":["https:\/\/rinnovomedspa.com\/product\/gel-facial-platinium-repair\/"]}]},{"@type":"ImageObject","inLanguage":"en-US","@id":"https:\/\/rinnovomedspa.com\/product\/gel-facial-platinium-repair\/#primaryimage","url":"https:\/\/rinnovomedspa.com\/wp-content\/uploads\/2023\/01\/Mesa-de-trabajo-9.png","contentUrl":"https:\/\/rinnovomedspa.com\/wp-content\/uploads\/2023\/01\/Mesa-de-trabajo-9.png","width":1500,"height":1500},{"@type":"BreadcrumbList","@id":"https:\/\/rinnovomedspa.com\/product\/gel-facial-platinium-repair\/#breadcrumb","itemListElement":[{"@type":"ListItem","position":1,"name":"Inicio","item":"https:\/\/rinnovomedspa.com\/"},{"@type":"ListItem","position":2,"name":"Nuestra Tienda","item":"https:\/\/rinnovomedspa.com\/tienda\/"},{"@type":"ListItem","position":3,"name":"Gel Facial Platinium Repair"}]},{"@type":"WebSite","@id":"https:\/\/rinnovomedspa.com\/#website","url":"https:\/\/rinnovomedspa.com\/","name":"Rinnovo Med Spa","description":"med-spa","publisher":{"@id":"https:\/\/rinnovomedspa.com\/#organization"},"potentialAction":[{"@type":"SearchAction","target":{"@type":"EntryPoint","urlTemplate":"https:\/\/rinnovomedspa.com\/?s={search_term_string}"},"query-input":{"@type":"PropertyValueSpecification","valueRequired":true,"valueName":"search_term_string"}}],"inLanguage":"en-US"},{"@type":"Organization","@id":"https:\/\/rinnovomedspa.com\/#organization","name":"Rinnovo Med Spa","url":"https:\/\/rinnovomedspa.com\/","logo":{"@type":"ImageObject","inLanguage":"en-US","@id":"https:\/\/rinnovomedspa.com\/#\/schema\/logo\/image\/","url":"https:\/\/rinnovomedspa.com\/wp-content\/uploads\/2022\/12\/rinnovo-med-spa-logo-purpule.png","contentUrl":"https:\/\/rinnovomedspa.com\/wp-content\/uploads\/2022\/12\/rinnovo-med-spa-logo-purpule.png","width":150,"height":41,"caption":"Rinnovo Med Spa"},"image":{"@id":"https:\/\/rinnovomedspa.com\/#\/schema\/logo\/image\/"},"sameAs":["https:\/\/www.facebook.com\/RinnovoMedSpa"]}]}},"_links":{"self":[{"href":"https:\/\/rinnovomedspa.com\/en\/wp-json\/wp\/v2\/product\/4488","targetHints":{"allow":["GET"]}}],"collection":[{"href":"https:\/\/rinnovomedspa.com\/en\/wp-json\/wp\/v2\/product"}],"about":[{"href":"https:\/\/rinnovomedspa.com\/en\/wp-json\/wp\/v2\/types\/product"}],"replies":[{"embeddable":true,"href":"https:\/\/rinnovomedspa.com\/en\/wp-json\/wp\/v2\/comments?post=4488"}],"wp:featuredmedia":[{"embeddable":true,"href":"https:\/\/rinnovomedspa.com\/en\/wp-json\/wp\/v2\/media\/4497"}],"wp:attachment":[{"href":"https:\/\/rinnovomedspa.com\/en\/wp-json\/wp\/v2\/media?parent=4488"}],"wp:term":[{"taxonomy":"product_brand","embeddable":true,"href":"https:\/\/rinnovomedspa.com\/en\/wp-json\/wp\/v2\/product_brand?post=4488"},{"taxonomy":"product_cat","embeddable":true,"href":"https:\/\/rinnovomedspa.com\/en\/wp-json\/wp\/v2\/product_cat?post=4488"},{"taxonomy":"product_tag","embeddable":true,"href":"https:\/\/rinnovomedspa.com\/en\/wp-json\/wp\/v2\/product_tag?post=4488"}],"curies":[{"name":"wp","href":"https:\/\/api.w.org\/{rel}","templated":true}]}}