{"id":4472,"date":"2023-01-18T18:57:45","date_gmt":"2023-01-18T18:57:45","guid":{"rendered":"https:\/\/rinnovomedspa.com\/?post_type=product&#038;p=4472"},"modified":"2023-06-15T16:03:25","modified_gmt":"2023-06-15T16:03:25","slug":"redufirm","status":"publish","type":"product","link":"https:\/\/rinnovomedspa.com\/en\/product\/redufirm\/","title":{"rendered":"redufirm"},"content":{"rendered":"<p>Presentation: 250gr<\/p>\n<p>INDICATED FOR: * Skin with flaccidity and stretch marks (arms and crotch)<\/p>\n<p>BENEFITS: Tones Firms Anti-Stretch Marks Redefines contours Reduces adiposity Moisturizes Exercise and eat healthy<\/p>\n<p>ASSETS: Ivy Extracts \u2013 toning; Horse Chestnut \u2013 activates circulation; Seaweed, Bamboo \u2013 improves skin health; Cucumber \u2013 moisturizer; Hops \u2013 astringent; Camphor, Menthol \u2013 toning; Allantoin \u2013 moisturizer. The use of this product is the responsibility of who consumes it and who recommends it.<\/p>","protected":false},"excerpt":{"rendered":"<p>Presentation: 250gr<\/p>\n<p>INDICATED FOR: * Skin with flaccidity and stretch marks (arms and crotch)<\/p>\n<p>BENEFITS: Tones Firms Anti-Stretch Marks Redefines contours Reduces adiposity Moisturizes Exercise and eat healthy<\/p>\n<p>ASSETS: Ivy Extracts \u2013 toning; Horse Chestnut \u2013 activates circulation; Seaweed, Bamboo \u2013 improves skin health; Cucumber \u2013 moisturizer; Hops \u2013 astringent; Camphor, Menthol \u2013 toning; Allantoin \u2013 moisturizer. The use of this product is the responsibility of who consumes it and who recommends it.<\/p>","protected":false},"featured_media":4533,"comment_status":"open","ping_status":"closed","template":"","meta":{"inline_featured_image":false},"product_brand":[],"product_cat":[155],"product_tag":[],"class_list":{"0":"post-4472","1":"product","2":"type-product","3":"status-publish","4":"has-post-thumbnail","6":"product_cat-geles-y-cremas-corporales","8":"first","9":"instock","10":"shipping-taxable","11":"purchasable","12":"product-type-simple"},"yoast_head":"<!-- This site is optimized with the Yoast SEO plugin v27.4 - https:\/\/yoast.com\/product\/yoast-seo-wordpress\/ -->\n<title>Redufirm - Rinnovo<\/title>\n<meta name=\"robots\" content=\"index, follow, max-snippet:-1, max-image-preview:large, max-video-preview:-1\" \/>\n<link rel=\"canonical\" href=\"https:\/\/rinnovomedspa.com\/en\/products\/redufirm\/\" \/>\n<meta property=\"og:locale\" content=\"en_US\" \/>\n<meta property=\"og:type\" content=\"article\" \/>\n<meta property=\"og:title\" content=\"Redufirm - Rinnovo\" \/>\n<meta property=\"og:description\" content=\"Presentaci\u00f3n: 250gr  INDICADO PARA: *Pieles con flacidez y estr\u00edas (brazos y entrepierna)  BENEFICIOS: Tonifica Reafirma Anti-Estr\u00edas Redefine contornos Disminuye la adiposidad Humecta Ejerc\u00edtate y alimentate sanamente  ACTIVOS: Extractos de Hiedra \u2013 tonificante; Casta\u00f1o de Indias \u2013 activa la circulaci\u00f3n; Algas marinas, Bamb\u00fa \u2013 mejora la salud de la piel; Pepino \u2013 humectante; L\u00fapulo \u2013 astringente; Alcanfor, Mentol \u2013 tonificantes; Alantoina \u2013 humectante. El uso de este producto es responsabilidad de quien lo consume y de quien lo recomienda.\" \/>\n<meta property=\"og:url\" content=\"https:\/\/rinnovomedspa.com\/en\/products\/redufirm\/\" \/>\n<meta property=\"og:site_name\" content=\"Rinnovo\" \/>\n<meta property=\"article:publisher\" content=\"https:\/\/www.facebook.com\/RinnovoMedSpa\" \/>\n<meta property=\"article:modified_time\" content=\"2023-06-15T16:03:25+00:00\" \/>\n<meta property=\"og:image\" content=\"https:\/\/rinnovomedspa.com\/wp-content\/uploads\/2023\/01\/Gel_corporal_redufirm_disminuye_la_flacidez_250ml.png\" \/>\n\t<meta property=\"og:image:width\" content=\"1000\" \/>\n\t<meta property=\"og:image:height\" content=\"1000\" \/>\n\t<meta property=\"og:image:type\" content=\"image\/png\" \/>\n<meta name=\"twitter:card\" content=\"summary_large_image\" \/>\n<script type=\"application\/ld+json\" class=\"yoast-schema-graph\">{\"@context\":\"https:\\\/\\\/schema.org\",\"@graph\":[{\"@type\":\"WebPage\",\"@id\":\"https:\\\/\\\/rinnovomedspa.com\\\/product\\\/redufirm\\\/\",\"url\":\"https:\\\/\\\/rinnovomedspa.com\\\/product\\\/redufirm\\\/\",\"name\":\"Redufirm - Rinnovo\",\"isPartOf\":{\"@id\":\"https:\\\/\\\/rinnovomedspa.com\\\/#website\"},\"primaryImageOfPage\":{\"@id\":\"https:\\\/\\\/rinnovomedspa.com\\\/product\\\/redufirm\\\/#primaryimage\"},\"image\":{\"@id\":\"https:\\\/\\\/rinnovomedspa.com\\\/product\\\/redufirm\\\/#primaryimage\"},\"thumbnailUrl\":\"https:\\\/\\\/rinnovomedspa.com\\\/wp-content\\\/uploads\\\/2023\\\/01\\\/Gel_corporal_redufirm_disminuye_la_flacidez_250ml.png\",\"datePublished\":\"2023-01-18T18:57:45+00:00\",\"dateModified\":\"2023-06-15T16:03:25+00:00\",\"breadcrumb\":{\"@id\":\"https:\\\/\\\/rinnovomedspa.com\\\/product\\\/redufirm\\\/#breadcrumb\"},\"inLanguage\":\"en-US\",\"potentialAction\":[{\"@type\":\"ReadAction\",\"target\":[\"https:\\\/\\\/rinnovomedspa.com\\\/product\\\/redufirm\\\/\"]}]},{\"@type\":\"ImageObject\",\"inLanguage\":\"en-US\",\"@id\":\"https:\\\/\\\/rinnovomedspa.com\\\/product\\\/redufirm\\\/#primaryimage\",\"url\":\"https:\\\/\\\/rinnovomedspa.com\\\/wp-content\\\/uploads\\\/2023\\\/01\\\/Gel_corporal_redufirm_disminuye_la_flacidez_250ml.png\",\"contentUrl\":\"https:\\\/\\\/rinnovomedspa.com\\\/wp-content\\\/uploads\\\/2023\\\/01\\\/Gel_corporal_redufirm_disminuye_la_flacidez_250ml.png\",\"width\":1000,\"height\":1000},{\"@type\":\"BreadcrumbList\",\"@id\":\"https:\\\/\\\/rinnovomedspa.com\\\/product\\\/redufirm\\\/#breadcrumb\",\"itemListElement\":[{\"@type\":\"ListItem\",\"position\":1,\"name\":\"Inicio\",\"item\":\"https:\\\/\\\/rinnovomedspa.com\\\/\"},{\"@type\":\"ListItem\",\"position\":2,\"name\":\"Nuestra Tienda\",\"item\":\"https:\\\/\\\/rinnovomedspa.com\\\/tienda\\\/\"},{\"@type\":\"ListItem\",\"position\":3,\"name\":\"Redufirm\"}]},{\"@type\":\"WebSite\",\"@id\":\"https:\\\/\\\/rinnovomedspa.com\\\/#website\",\"url\":\"https:\\\/\\\/rinnovomedspa.com\\\/\",\"name\":\"Rinnovo Med Spa\",\"description\":\"Med Spa\",\"publisher\":{\"@id\":\"https:\\\/\\\/rinnovomedspa.com\\\/#organization\"},\"potentialAction\":[{\"@type\":\"SearchAction\",\"target\":{\"@type\":\"EntryPoint\",\"urlTemplate\":\"https:\\\/\\\/rinnovomedspa.com\\\/?s={search_term_string}\"},\"query-input\":{\"@type\":\"PropertyValueSpecification\",\"valueRequired\":true,\"valueName\":\"search_term_string\"}}],\"inLanguage\":\"en-US\"},{\"@type\":\"Organization\",\"@id\":\"https:\\\/\\\/rinnovomedspa.com\\\/#organization\",\"name\":\"Rinnovo Med Spa\",\"url\":\"https:\\\/\\\/rinnovomedspa.com\\\/\",\"logo\":{\"@type\":\"ImageObject\",\"inLanguage\":\"en-US\",\"@id\":\"https:\\\/\\\/rinnovomedspa.com\\\/#\\\/schema\\\/logo\\\/image\\\/\",\"url\":\"https:\\\/\\\/rinnovomedspa.com\\\/wp-content\\\/uploads\\\/2022\\\/12\\\/rinnovo-med-spa-logo-purpule.png\",\"contentUrl\":\"https:\\\/\\\/rinnovomedspa.com\\\/wp-content\\\/uploads\\\/2022\\\/12\\\/rinnovo-med-spa-logo-purpule.png\",\"width\":150,\"height\":41,\"caption\":\"Rinnovo Med Spa\"},\"image\":{\"@id\":\"https:\\\/\\\/rinnovomedspa.com\\\/#\\\/schema\\\/logo\\\/image\\\/\"},\"sameAs\":[\"https:\\\/\\\/www.facebook.com\\\/RinnovoMedSpa\"]}]}<\/script>\n<!-- \/ Yoast SEO plugin. -->","yoast_head_json":{"title":"Redufirm - Rinnovo","robots":{"index":"index","follow":"follow","max-snippet":"max-snippet:-1","max-image-preview":"max-image-preview:large","max-video-preview":"max-video-preview:-1"},"canonical":"https:\/\/rinnovomedspa.com\/en\/products\/redufirm\/","og_locale":"en_US","og_type":"article","og_title":"Redufirm - Rinnovo","og_description":"Presentaci\u00f3n: 250gr  INDICADO PARA: *Pieles con flacidez y estr\u00edas (brazos y entrepierna)  BENEFICIOS: Tonifica Reafirma Anti-Estr\u00edas Redefine contornos Disminuye la adiposidad Humecta Ejerc\u00edtate y alimentate sanamente  ACTIVOS: Extractos de Hiedra \u2013 tonificante; Casta\u00f1o de Indias \u2013 activa la circulaci\u00f3n; Algas marinas, Bamb\u00fa \u2013 mejora la salud de la piel; Pepino \u2013 humectante; L\u00fapulo \u2013 astringente; Alcanfor, Mentol \u2013 tonificantes; Alantoina \u2013 humectante. El uso de este producto es responsabilidad de quien lo consume y de quien lo recomienda.","og_url":"https:\/\/rinnovomedspa.com\/en\/products\/redufirm\/","og_site_name":"Rinnovo","article_publisher":"https:\/\/www.facebook.com\/RinnovoMedSpa","article_modified_time":"2023-06-15T16:03:25+00:00","og_image":[{"width":1000,"height":1000,"url":"https:\/\/rinnovomedspa.com\/wp-content\/uploads\/2023\/01\/Gel_corporal_redufirm_disminuye_la_flacidez_250ml.png","type":"image\/png"}],"twitter_card":"summary_large_image","schema":{"@context":"https:\/\/schema.org","@graph":[{"@type":"WebPage","@id":"https:\/\/rinnovomedspa.com\/product\/redufirm\/","url":"https:\/\/rinnovomedspa.com\/product\/redufirm\/","name":"Redufirm - Rinnovo","isPartOf":{"@id":"https:\/\/rinnovomedspa.com\/#website"},"primaryImageOfPage":{"@id":"https:\/\/rinnovomedspa.com\/product\/redufirm\/#primaryimage"},"image":{"@id":"https:\/\/rinnovomedspa.com\/product\/redufirm\/#primaryimage"},"thumbnailUrl":"https:\/\/rinnovomedspa.com\/wp-content\/uploads\/2023\/01\/Gel_corporal_redufirm_disminuye_la_flacidez_250ml.png","datePublished":"2023-01-18T18:57:45+00:00","dateModified":"2023-06-15T16:03:25+00:00","breadcrumb":{"@id":"https:\/\/rinnovomedspa.com\/product\/redufirm\/#breadcrumb"},"inLanguage":"en-US","potentialAction":[{"@type":"ReadAction","target":["https:\/\/rinnovomedspa.com\/product\/redufirm\/"]}]},{"@type":"ImageObject","inLanguage":"en-US","@id":"https:\/\/rinnovomedspa.com\/product\/redufirm\/#primaryimage","url":"https:\/\/rinnovomedspa.com\/wp-content\/uploads\/2023\/01\/Gel_corporal_redufirm_disminuye_la_flacidez_250ml.png","contentUrl":"https:\/\/rinnovomedspa.com\/wp-content\/uploads\/2023\/01\/Gel_corporal_redufirm_disminuye_la_flacidez_250ml.png","width":1000,"height":1000},{"@type":"BreadcrumbList","@id":"https:\/\/rinnovomedspa.com\/product\/redufirm\/#breadcrumb","itemListElement":[{"@type":"ListItem","position":1,"name":"Inicio","item":"https:\/\/rinnovomedspa.com\/"},{"@type":"ListItem","position":2,"name":"Nuestra Tienda","item":"https:\/\/rinnovomedspa.com\/tienda\/"},{"@type":"ListItem","position":3,"name":"Redufirm"}]},{"@type":"WebSite","@id":"https:\/\/rinnovomedspa.com\/#website","url":"https:\/\/rinnovomedspa.com\/","name":"Rinnovo Med Spa","description":"med-spa","publisher":{"@id":"https:\/\/rinnovomedspa.com\/#organization"},"potentialAction":[{"@type":"SearchAction","target":{"@type":"EntryPoint","urlTemplate":"https:\/\/rinnovomedspa.com\/?s={search_term_string}"},"query-input":{"@type":"PropertyValueSpecification","valueRequired":true,"valueName":"search_term_string"}}],"inLanguage":"en-US"},{"@type":"Organization","@id":"https:\/\/rinnovomedspa.com\/#organization","name":"Rinnovo Med Spa","url":"https:\/\/rinnovomedspa.com\/","logo":{"@type":"ImageObject","inLanguage":"en-US","@id":"https:\/\/rinnovomedspa.com\/#\/schema\/logo\/image\/","url":"https:\/\/rinnovomedspa.com\/wp-content\/uploads\/2022\/12\/rinnovo-med-spa-logo-purpule.png","contentUrl":"https:\/\/rinnovomedspa.com\/wp-content\/uploads\/2022\/12\/rinnovo-med-spa-logo-purpule.png","width":150,"height":41,"caption":"Rinnovo Med Spa"},"image":{"@id":"https:\/\/rinnovomedspa.com\/#\/schema\/logo\/image\/"},"sameAs":["https:\/\/www.facebook.com\/RinnovoMedSpa"]}]}},"_links":{"self":[{"href":"https:\/\/rinnovomedspa.com\/en\/wp-json\/wp\/v2\/product\/4472","targetHints":{"allow":["GET"]}}],"collection":[{"href":"https:\/\/rinnovomedspa.com\/en\/wp-json\/wp\/v2\/product"}],"about":[{"href":"https:\/\/rinnovomedspa.com\/en\/wp-json\/wp\/v2\/types\/product"}],"replies":[{"embeddable":true,"href":"https:\/\/rinnovomedspa.com\/en\/wp-json\/wp\/v2\/comments?post=4472"}],"wp:featuredmedia":[{"embeddable":true,"href":"https:\/\/rinnovomedspa.com\/en\/wp-json\/wp\/v2\/media\/4533"}],"wp:attachment":[{"href":"https:\/\/rinnovomedspa.com\/en\/wp-json\/wp\/v2\/media?parent=4472"}],"wp:term":[{"taxonomy":"product_brand","embeddable":true,"href":"https:\/\/rinnovomedspa.com\/en\/wp-json\/wp\/v2\/product_brand?post=4472"},{"taxonomy":"product_cat","embeddable":true,"href":"https:\/\/rinnovomedspa.com\/en\/wp-json\/wp\/v2\/product_cat?post=4472"},{"taxonomy":"product_tag","embeddable":true,"href":"https:\/\/rinnovomedspa.com\/en\/wp-json\/wp\/v2\/product_tag?post=4472"}],"curies":[{"name":"wp","href":"https:\/\/api.w.org\/{rel}","templated":true}]}}