{"id":4467,"date":"2023-01-18T18:57:45","date_gmt":"2023-01-18T18:57:45","guid":{"rendered":"https:\/\/rinnovomedspa.com\/?post_type=product&#038;p=4467"},"modified":"2023-06-15T15:42:39","modified_gmt":"2023-06-15T15:42:39","slug":"aruna-ultra-lift","status":"publish","type":"product","link":"https:\/\/rinnovomedspa.com\/en\/products\/aruna-ultra-lift\/","title":{"rendered":"Aruna Ultra Lift"},"content":{"rendered":"<p>Presentation: 50 gr facial cream with stem cell and + lifting<\/p>\n<p>Description: skin with premature aging or deep expression lines<\/p>\n<p>Benefit: reduces the signs of aging such as fine lines and wrinkles, redensifies and increases the expensor of the skin, stimulates the production of collagen, fibronectin and the proteins involved in the three-dimensional formation of the extracellular matrix, decreases muscle contraction and promotes the synthesis of dermal fiber, clinical tests with ultrasound show that the extract is capable of reversing up to ten years the appearance of the skin in two months.<\/p>\n<p>Active ingredients: celery cell factor concentrate, ascorbyl methyl silane, ceramides 3, tripeptide pal 5, snail secretion filtrate, amethyst extract.<\/p>","protected":false},"excerpt":{"rendered":"<p>Presentation: 50 gr facial cream with stem cell and + lifting<\/p>\n<p>Description: skin with premature aging or deep expression lines<\/p>\n<p>Benefit: reduces the signs of aging such as fine lines and wrinkles, redensifies and increases the expensor of the skin, stimulates the production of collagen, fibronectin and the proteins involved in the three-dimensional formation of the extracellular matrix, decreases muscle contraction and promotes the synthesis of dermal fiber, clinical tests with ultrasound show that the extract is capable of reversing up to ten years the appearance of the skin in two months.<\/p>\n<p>Active ingredients: celery cell factor concentrate, ascorbyl methyl silane, ceramides 3, tripeptide pal 5, snail secretion filtrate, amethyst extract.<\/p>","protected":false},"featured_media":4521,"comment_status":"open","ping_status":"closed","template":"","meta":{"inline_featured_image":false},"product_brand":[],"product_cat":[154],"product_tag":[],"class_list":{"0":"post-4467","1":"product","2":"type-product","3":"status-publish","4":"has-post-thumbnail","6":"product_cat-cremas-faciales","8":"first","9":"instock","10":"shipping-taxable","11":"purchasable","12":"product-type-simple"},"yoast_head":"<!-- This site is optimized with the Yoast SEO plugin v26.0 - https:\/\/yoast.com\/wordpress\/plugins\/seo\/ -->\n<title>Aruna Ultra Lift - Rinnovo<\/title>\n<meta name=\"robots\" content=\"index, follow, max-snippet:-1, max-image-preview:large, max-video-preview:-1\" \/>\n<link rel=\"canonical\" href=\"https:\/\/rinnovomedspa.com\/en\/products\/aruna-ultra-lift\/\" \/>\n<meta property=\"og:locale\" content=\"en_US\" \/>\n<meta property=\"og:type\" content=\"article\" \/>\n<meta property=\"og:title\" content=\"Aruna Ultra Lift - Rinnovo\" \/>\n<meta property=\"og:description\" content=\"Presentaci\u00f3n: 50 gr crema facial con c\u00e9lula madre y\u00a0 + lifting  Descripci\u00f3n: pieles con envejecimiento prematuro o l\u00edneas de expresi\u00f3n profundas  Beneficio: reduce los signos de la edad como l\u00edneas finas y arrugas, redensifica y aumenta el expensor de la piel, estimula la producci\u00f3n de col\u00e1geno, fibronectina y las prote\u00ednas que intervienen en la formaci\u00f3n tridimensional de la matriz extracelular, disminuye la contracci\u00f3n muscular y promueve la s\u00edntesis de fibra d\u00e9rmicas, pruebas cl\u00ednicas con ultrasonido demuestra que el extracto es capaz de revertir hasta diez a\u00f1os la apariencia de la piel en dos meses.  Activos: concentrado de factores celulares de apio, ascorbil metil silano, ceramidas 3, tripeptido pal 5, filtrado de la secreci\u00f3n de caracol, extracto de amatista.\" \/>\n<meta property=\"og:url\" content=\"https:\/\/rinnovomedspa.com\/en\/products\/aruna-ultra-lift\/\" \/>\n<meta property=\"og:site_name\" content=\"Rinnovo\" \/>\n<meta property=\"article:publisher\" content=\"https:\/\/www.facebook.com\/RinnovoMedSpa\" \/>\n<meta property=\"article:modified_time\" content=\"2023-06-15T15:42:39+00:00\" \/>\n<meta property=\"og:image\" content=\"https:\/\/rinnovomedspa.com\/wp-content\/uploads\/2023\/01\/Crema_facial_aruna_ultra_lift_50g-copia.png\" \/>\n\t<meta property=\"og:image:width\" content=\"1000\" \/>\n\t<meta property=\"og:image:height\" content=\"1000\" \/>\n\t<meta property=\"og:image:type\" content=\"image\/png\" \/>\n<meta name=\"twitter:card\" content=\"summary_large_image\" \/>\n<meta name=\"twitter:label1\" content=\"Est. reading time\" \/>\n\t<meta name=\"twitter:data1\" content=\"1 minute\" \/>\n<script type=\"application\/ld+json\" class=\"yoast-schema-graph\">{\"@context\":\"https:\/\/schema.org\",\"@graph\":[{\"@type\":\"WebPage\",\"@id\":\"https:\/\/rinnovomedspa.com\/product\/aruna-ultra-lift\/\",\"url\":\"https:\/\/rinnovomedspa.com\/product\/aruna-ultra-lift\/\",\"name\":\"Aruna Ultra Lift - Rinnovo\",\"isPartOf\":{\"@id\":\"https:\/\/rinnovomedspa.com\/#website\"},\"primaryImageOfPage\":{\"@id\":\"https:\/\/rinnovomedspa.com\/product\/aruna-ultra-lift\/#primaryimage\"},\"image\":{\"@id\":\"https:\/\/rinnovomedspa.com\/product\/aruna-ultra-lift\/#primaryimage\"},\"thumbnailUrl\":\"https:\/\/rinnovomedspa.com\/wp-content\/uploads\/2023\/01\/Crema_facial_aruna_ultra_lift_50g-copia.png\",\"datePublished\":\"2023-01-18T18:57:45+00:00\",\"dateModified\":\"2023-06-15T15:42:39+00:00\",\"breadcrumb\":{\"@id\":\"https:\/\/rinnovomedspa.com\/product\/aruna-ultra-lift\/#breadcrumb\"},\"inLanguage\":\"en-US\",\"potentialAction\":[{\"@type\":\"ReadAction\",\"target\":[\"https:\/\/rinnovomedspa.com\/product\/aruna-ultra-lift\/\"]}]},{\"@type\":\"ImageObject\",\"inLanguage\":\"en-US\",\"@id\":\"https:\/\/rinnovomedspa.com\/product\/aruna-ultra-lift\/#primaryimage\",\"url\":\"https:\/\/rinnovomedspa.com\/wp-content\/uploads\/2023\/01\/Crema_facial_aruna_ultra_lift_50g-copia.png\",\"contentUrl\":\"https:\/\/rinnovomedspa.com\/wp-content\/uploads\/2023\/01\/Crema_facial_aruna_ultra_lift_50g-copia.png\",\"width\":1000,\"height\":1000},{\"@type\":\"BreadcrumbList\",\"@id\":\"https:\/\/rinnovomedspa.com\/product\/aruna-ultra-lift\/#breadcrumb\",\"itemListElement\":[{\"@type\":\"ListItem\",\"position\":1,\"name\":\"Inicio\",\"item\":\"https:\/\/rinnovomedspa.com\/\"},{\"@type\":\"ListItem\",\"position\":2,\"name\":\"Nuestra Tienda\",\"item\":\"https:\/\/rinnovomedspa.com\/tienda\/\"},{\"@type\":\"ListItem\",\"position\":3,\"name\":\"Aruna Ultra Lift\"}]},{\"@type\":\"WebSite\",\"@id\":\"https:\/\/rinnovomedspa.com\/#website\",\"url\":\"https:\/\/rinnovomedspa.com\/\",\"name\":\"Rinnovo Med Spa\",\"description\":\"Med Spa\",\"publisher\":{\"@id\":\"https:\/\/rinnovomedspa.com\/#organization\"},\"potentialAction\":[{\"@type\":\"SearchAction\",\"target\":{\"@type\":\"EntryPoint\",\"urlTemplate\":\"https:\/\/rinnovomedspa.com\/?s={search_term_string}\"},\"query-input\":{\"@type\":\"PropertyValueSpecification\",\"valueRequired\":true,\"valueName\":\"search_term_string\"}}],\"inLanguage\":\"en-US\"},{\"@type\":\"Organization\",\"@id\":\"https:\/\/rinnovomedspa.com\/#organization\",\"name\":\"Rinnovo Med Spa\",\"url\":\"https:\/\/rinnovomedspa.com\/\",\"logo\":{\"@type\":\"ImageObject\",\"inLanguage\":\"en-US\",\"@id\":\"https:\/\/rinnovomedspa.com\/#\/schema\/logo\/image\/\",\"url\":\"https:\/\/rinnovomedspa.com\/wp-content\/uploads\/2022\/12\/rinnovo-med-spa-logo-purpule.png\",\"contentUrl\":\"https:\/\/rinnovomedspa.com\/wp-content\/uploads\/2022\/12\/rinnovo-med-spa-logo-purpule.png\",\"width\":150,\"height\":41,\"caption\":\"Rinnovo Med Spa\"},\"image\":{\"@id\":\"https:\/\/rinnovomedspa.com\/#\/schema\/logo\/image\/\"},\"sameAs\":[\"https:\/\/www.facebook.com\/RinnovoMedSpa\"]}]}<\/script>\n<!-- \/ Yoast SEO plugin. -->","yoast_head_json":{"title":"Aruna Ultra Lift - Rinnovo","robots":{"index":"index","follow":"follow","max-snippet":"max-snippet:-1","max-image-preview":"max-image-preview:large","max-video-preview":"max-video-preview:-1"},"canonical":"https:\/\/rinnovomedspa.com\/en\/products\/aruna-ultra-lift\/","og_locale":"en_US","og_type":"article","og_title":"Aruna Ultra Lift - Rinnovo","og_description":"Presentaci\u00f3n: 50 gr crema facial con c\u00e9lula madre y\u00a0 + lifting  Descripci\u00f3n: pieles con envejecimiento prematuro o l\u00edneas de expresi\u00f3n profundas  Beneficio: reduce los signos de la edad como l\u00edneas finas y arrugas, redensifica y aumenta el expensor de la piel, estimula la producci\u00f3n de col\u00e1geno, fibronectina y las prote\u00ednas que intervienen en la formaci\u00f3n tridimensional de la matriz extracelular, disminuye la contracci\u00f3n muscular y promueve la s\u00edntesis de fibra d\u00e9rmicas, pruebas cl\u00ednicas con ultrasonido demuestra que el extracto es capaz de revertir hasta diez a\u00f1os la apariencia de la piel en dos meses.  Activos: concentrado de factores celulares de apio, ascorbil metil silano, ceramidas 3, tripeptido pal 5, filtrado de la secreci\u00f3n de caracol, extracto de amatista.","og_url":"https:\/\/rinnovomedspa.com\/en\/products\/aruna-ultra-lift\/","og_site_name":"Rinnovo","article_publisher":"https:\/\/www.facebook.com\/RinnovoMedSpa","article_modified_time":"2023-06-15T15:42:39+00:00","og_image":[{"width":1000,"height":1000,"url":"https:\/\/rinnovomedspa.com\/wp-content\/uploads\/2023\/01\/Crema_facial_aruna_ultra_lift_50g-copia.png","type":"image\/png"}],"twitter_card":"summary_large_image","twitter_misc":{"Est. reading time":"1 minute"},"schema":{"@context":"https:\/\/schema.org","@graph":[{"@type":"WebPage","@id":"https:\/\/rinnovomedspa.com\/product\/aruna-ultra-lift\/","url":"https:\/\/rinnovomedspa.com\/product\/aruna-ultra-lift\/","name":"Aruna Ultra Lift - Rinnovo","isPartOf":{"@id":"https:\/\/rinnovomedspa.com\/#website"},"primaryImageOfPage":{"@id":"https:\/\/rinnovomedspa.com\/product\/aruna-ultra-lift\/#primaryimage"},"image":{"@id":"https:\/\/rinnovomedspa.com\/product\/aruna-ultra-lift\/#primaryimage"},"thumbnailUrl":"https:\/\/rinnovomedspa.com\/wp-content\/uploads\/2023\/01\/Crema_facial_aruna_ultra_lift_50g-copia.png","datePublished":"2023-01-18T18:57:45+00:00","dateModified":"2023-06-15T15:42:39+00:00","breadcrumb":{"@id":"https:\/\/rinnovomedspa.com\/product\/aruna-ultra-lift\/#breadcrumb"},"inLanguage":"en-US","potentialAction":[{"@type":"ReadAction","target":["https:\/\/rinnovomedspa.com\/product\/aruna-ultra-lift\/"]}]},{"@type":"ImageObject","inLanguage":"en-US","@id":"https:\/\/rinnovomedspa.com\/product\/aruna-ultra-lift\/#primaryimage","url":"https:\/\/rinnovomedspa.com\/wp-content\/uploads\/2023\/01\/Crema_facial_aruna_ultra_lift_50g-copia.png","contentUrl":"https:\/\/rinnovomedspa.com\/wp-content\/uploads\/2023\/01\/Crema_facial_aruna_ultra_lift_50g-copia.png","width":1000,"height":1000},{"@type":"BreadcrumbList","@id":"https:\/\/rinnovomedspa.com\/product\/aruna-ultra-lift\/#breadcrumb","itemListElement":[{"@type":"ListItem","position":1,"name":"Inicio","item":"https:\/\/rinnovomedspa.com\/"},{"@type":"ListItem","position":2,"name":"Nuestra Tienda","item":"https:\/\/rinnovomedspa.com\/tienda\/"},{"@type":"ListItem","position":3,"name":"Aruna Ultra Lift"}]},{"@type":"WebSite","@id":"https:\/\/rinnovomedspa.com\/#website","url":"https:\/\/rinnovomedspa.com\/","name":"Rinnovo Med Spa","description":"med-spa","publisher":{"@id":"https:\/\/rinnovomedspa.com\/#organization"},"potentialAction":[{"@type":"SearchAction","target":{"@type":"EntryPoint","urlTemplate":"https:\/\/rinnovomedspa.com\/?s={search_term_string}"},"query-input":{"@type":"PropertyValueSpecification","valueRequired":true,"valueName":"search_term_string"}}],"inLanguage":"en-US"},{"@type":"Organization","@id":"https:\/\/rinnovomedspa.com\/#organization","name":"Rinnovo Med Spa","url":"https:\/\/rinnovomedspa.com\/","logo":{"@type":"ImageObject","inLanguage":"en-US","@id":"https:\/\/rinnovomedspa.com\/#\/schema\/logo\/image\/","url":"https:\/\/rinnovomedspa.com\/wp-content\/uploads\/2022\/12\/rinnovo-med-spa-logo-purpule.png","contentUrl":"https:\/\/rinnovomedspa.com\/wp-content\/uploads\/2022\/12\/rinnovo-med-spa-logo-purpule.png","width":150,"height":41,"caption":"Rinnovo Med Spa"},"image":{"@id":"https:\/\/rinnovomedspa.com\/#\/schema\/logo\/image\/"},"sameAs":["https:\/\/www.facebook.com\/RinnovoMedSpa"]}]}},"_links":{"self":[{"href":"https:\/\/rinnovomedspa.com\/en\/wp-json\/wp\/v2\/product\/4467","targetHints":{"allow":["GET"]}}],"collection":[{"href":"https:\/\/rinnovomedspa.com\/en\/wp-json\/wp\/v2\/product"}],"about":[{"href":"https:\/\/rinnovomedspa.com\/en\/wp-json\/wp\/v2\/types\/product"}],"replies":[{"embeddable":true,"href":"https:\/\/rinnovomedspa.com\/en\/wp-json\/wp\/v2\/comments?post=4467"}],"wp:featuredmedia":[{"embeddable":true,"href":"https:\/\/rinnovomedspa.com\/en\/wp-json\/wp\/v2\/media\/4521"}],"wp:attachment":[{"href":"https:\/\/rinnovomedspa.com\/en\/wp-json\/wp\/v2\/media?parent=4467"}],"wp:term":[{"taxonomy":"product_brand","embeddable":true,"href":"https:\/\/rinnovomedspa.com\/en\/wp-json\/wp\/v2\/product_brand?post=4467"},{"taxonomy":"product_cat","embeddable":true,"href":"https:\/\/rinnovomedspa.com\/en\/wp-json\/wp\/v2\/product_cat?post=4467"},{"taxonomy":"product_tag","embeddable":true,"href":"https:\/\/rinnovomedspa.com\/en\/wp-json\/wp\/v2\/product_tag?post=4467"}],"curies":[{"name":"wp","href":"https:\/\/api.w.org\/{rel}","templated":true}]}}