{"id":4464,"date":"2023-01-18T18:57:45","date_gmt":"2023-01-18T18:57:45","guid":{"rendered":"https:\/\/rinnovomedspa.com\/?post_type=product&#038;p=4464"},"modified":"2023-06-15T15:38:41","modified_gmt":"2023-06-15T15:38:41","slug":"prickly-pear","status":"publish","type":"product","link":"https:\/\/rinnovomedspa.com\/en\/products\/prickly-pear\/","title":{"rendered":"Prickly pear"},"content":{"rendered":"<p>Presentation: 50gr<\/p>\n<p>INDICATED FOR: All skin types that require hydration. From 25 years old<\/p>\n<p>BENEFITS: Moisturizes Emollient Humidifies Decongests Restructures<\/p>\n<p>ACTIVE INGREDIENTS: Extracts of Nopal, Horsetail, and Yarrow \u2013 with moisturizing and restructuring properties; Elastin helps with firmness and elasticity, Collagen \u2013 moisturizer, Lanolin \u2013 emollient The use of this product is the responsibility of the person who consumes it and the person who recommends it.<\/p>","protected":false},"excerpt":{"rendered":"<p>Presentation: 50gr<\/p>\n<p>INDICATED FOR: All skin types that require hydration. From 25 years old<\/p>\n<p>BENEFITS: Moisturizes Emollient Humidifies Decongests Restructures<\/p>\n<p>ACTIVE INGREDIENTS: Extracts of Nopal, Horsetail, and Yarrow \u2013 with moisturizing and restructuring properties; Elastin helps with firmness and elasticity, Collagen \u2013 moisturizer, Lanolin \u2013 emollient The use of this product is the responsibility of the person who consumes it and the person who recommends it.<\/p>","protected":false},"featured_media":4529,"comment_status":"open","ping_status":"closed","template":"","meta":{"inline_featured_image":false},"product_brand":[],"product_cat":[154],"product_tag":[],"class_list":{"0":"post-4464","1":"product","2":"type-product","3":"status-publish","4":"has-post-thumbnail","6":"product_cat-cremas-faciales","8":"first","9":"instock","10":"shipping-taxable","11":"purchasable","12":"product-type-simple"},"yoast_head":"<!-- This site is optimized with the Yoast SEO plugin v26.0 - https:\/\/yoast.com\/wordpress\/plugins\/seo\/ -->\n<title>Nopal - Rinnovo<\/title>\n<meta name=\"robots\" content=\"index, follow, max-snippet:-1, max-image-preview:large, max-video-preview:-1\" \/>\n<link rel=\"canonical\" href=\"https:\/\/rinnovomedspa.com\/en\/products\/prickly-pear\/\" \/>\n<meta property=\"og:locale\" content=\"en_US\" \/>\n<meta property=\"og:type\" content=\"article\" \/>\n<meta property=\"og:title\" content=\"Nopal - Rinnovo\" \/>\n<meta property=\"og:description\" content=\"Presentaci\u00f3n: 50gr  INDICADO PARA: Todo tipo de piel cut\u00e1neo que requiera Hidrataci\u00f3n. A partir de los 25 a\u00f1os  BENEFICIOS: Hidrata Emoliente Humecta Descongestiona Reestructura  ACTIVOS: Extractos de Nopal, Cola de Caballo, y Milenrama \u2013 con propiedades humectantes y reestructurantes; La Elastina ayuda con la firmeza y elasticidad, Col\u00e1geno \u2013 humectante, Lanolina \u2013 emoliente El uso de este producto es responsabilidad de quien lo consume y de quien lo recomienda.\" \/>\n<meta property=\"og:url\" content=\"https:\/\/rinnovomedspa.com\/en\/products\/prickly-pear\/\" \/>\n<meta property=\"og:site_name\" content=\"Rinnovo\" \/>\n<meta property=\"article:publisher\" content=\"https:\/\/www.facebook.com\/RinnovoMedSpa\" \/>\n<meta property=\"article:modified_time\" content=\"2023-06-15T15:38:41+00:00\" \/>\n<meta property=\"og:image\" content=\"https:\/\/rinnovomedspa.com\/wp-content\/uploads\/2023\/01\/Crema_de_nopal_crema_facial_hidratante_50g-copia.png\" \/>\n\t<meta property=\"og:image:width\" content=\"1000\" \/>\n\t<meta property=\"og:image:height\" content=\"1000\" \/>\n\t<meta property=\"og:image:type\" content=\"image\/png\" \/>\n<meta name=\"twitter:card\" content=\"summary_large_image\" \/>\n<script type=\"application\/ld+json\" class=\"yoast-schema-graph\">{\"@context\":\"https:\/\/schema.org\",\"@graph\":[{\"@type\":\"WebPage\",\"@id\":\"https:\/\/rinnovomedspa.com\/product\/nopal\/\",\"url\":\"https:\/\/rinnovomedspa.com\/product\/nopal\/\",\"name\":\"Nopal - Rinnovo\",\"isPartOf\":{\"@id\":\"https:\/\/rinnovomedspa.com\/#website\"},\"primaryImageOfPage\":{\"@id\":\"https:\/\/rinnovomedspa.com\/product\/nopal\/#primaryimage\"},\"image\":{\"@id\":\"https:\/\/rinnovomedspa.com\/product\/nopal\/#primaryimage\"},\"thumbnailUrl\":\"https:\/\/rinnovomedspa.com\/wp-content\/uploads\/2023\/01\/Crema_de_nopal_crema_facial_hidratante_50g-copia.png\",\"datePublished\":\"2023-01-18T18:57:45+00:00\",\"dateModified\":\"2023-06-15T15:38:41+00:00\",\"breadcrumb\":{\"@id\":\"https:\/\/rinnovomedspa.com\/product\/nopal\/#breadcrumb\"},\"inLanguage\":\"en-US\",\"potentialAction\":[{\"@type\":\"ReadAction\",\"target\":[\"https:\/\/rinnovomedspa.com\/product\/nopal\/\"]}]},{\"@type\":\"ImageObject\",\"inLanguage\":\"en-US\",\"@id\":\"https:\/\/rinnovomedspa.com\/product\/nopal\/#primaryimage\",\"url\":\"https:\/\/rinnovomedspa.com\/wp-content\/uploads\/2023\/01\/Crema_de_nopal_crema_facial_hidratante_50g-copia.png\",\"contentUrl\":\"https:\/\/rinnovomedspa.com\/wp-content\/uploads\/2023\/01\/Crema_de_nopal_crema_facial_hidratante_50g-copia.png\",\"width\":1000,\"height\":1000},{\"@type\":\"BreadcrumbList\",\"@id\":\"https:\/\/rinnovomedspa.com\/product\/nopal\/#breadcrumb\",\"itemListElement\":[{\"@type\":\"ListItem\",\"position\":1,\"name\":\"Inicio\",\"item\":\"https:\/\/rinnovomedspa.com\/\"},{\"@type\":\"ListItem\",\"position\":2,\"name\":\"Nuestra Tienda\",\"item\":\"https:\/\/rinnovomedspa.com\/tienda\/\"},{\"@type\":\"ListItem\",\"position\":3,\"name\":\"Nopal\"}]},{\"@type\":\"WebSite\",\"@id\":\"https:\/\/rinnovomedspa.com\/#website\",\"url\":\"https:\/\/rinnovomedspa.com\/\",\"name\":\"Rinnovo Med Spa\",\"description\":\"Med Spa\",\"publisher\":{\"@id\":\"https:\/\/rinnovomedspa.com\/#organization\"},\"potentialAction\":[{\"@type\":\"SearchAction\",\"target\":{\"@type\":\"EntryPoint\",\"urlTemplate\":\"https:\/\/rinnovomedspa.com\/?s={search_term_string}\"},\"query-input\":{\"@type\":\"PropertyValueSpecification\",\"valueRequired\":true,\"valueName\":\"search_term_string\"}}],\"inLanguage\":\"en-US\"},{\"@type\":\"Organization\",\"@id\":\"https:\/\/rinnovomedspa.com\/#organization\",\"name\":\"Rinnovo Med Spa\",\"url\":\"https:\/\/rinnovomedspa.com\/\",\"logo\":{\"@type\":\"ImageObject\",\"inLanguage\":\"en-US\",\"@id\":\"https:\/\/rinnovomedspa.com\/#\/schema\/logo\/image\/\",\"url\":\"https:\/\/rinnovomedspa.com\/wp-content\/uploads\/2022\/12\/rinnovo-med-spa-logo-purpule.png\",\"contentUrl\":\"https:\/\/rinnovomedspa.com\/wp-content\/uploads\/2022\/12\/rinnovo-med-spa-logo-purpule.png\",\"width\":150,\"height\":41,\"caption\":\"Rinnovo Med Spa\"},\"image\":{\"@id\":\"https:\/\/rinnovomedspa.com\/#\/schema\/logo\/image\/\"},\"sameAs\":[\"https:\/\/www.facebook.com\/RinnovoMedSpa\"]}]}<\/script>\n<!-- \/ Yoast SEO plugin. -->","yoast_head_json":{"title":"Nopal - Rinnovo","robots":{"index":"index","follow":"follow","max-snippet":"max-snippet:-1","max-image-preview":"max-image-preview:large","max-video-preview":"max-video-preview:-1"},"canonical":"https:\/\/rinnovomedspa.com\/en\/products\/prickly-pear\/","og_locale":"en_US","og_type":"article","og_title":"Nopal - Rinnovo","og_description":"Presentaci\u00f3n: 50gr  INDICADO PARA: Todo tipo de piel cut\u00e1neo que requiera Hidrataci\u00f3n. A partir de los 25 a\u00f1os  BENEFICIOS: Hidrata Emoliente Humecta Descongestiona Reestructura  ACTIVOS: Extractos de Nopal, Cola de Caballo, y Milenrama \u2013 con propiedades humectantes y reestructurantes; La Elastina ayuda con la firmeza y elasticidad, Col\u00e1geno \u2013 humectante, Lanolina \u2013 emoliente El uso de este producto es responsabilidad de quien lo consume y de quien lo recomienda.","og_url":"https:\/\/rinnovomedspa.com\/en\/products\/prickly-pear\/","og_site_name":"Rinnovo","article_publisher":"https:\/\/www.facebook.com\/RinnovoMedSpa","article_modified_time":"2023-06-15T15:38:41+00:00","og_image":[{"width":1000,"height":1000,"url":"https:\/\/rinnovomedspa.com\/wp-content\/uploads\/2023\/01\/Crema_de_nopal_crema_facial_hidratante_50g-copia.png","type":"image\/png"}],"twitter_card":"summary_large_image","schema":{"@context":"https:\/\/schema.org","@graph":[{"@type":"WebPage","@id":"https:\/\/rinnovomedspa.com\/product\/nopal\/","url":"https:\/\/rinnovomedspa.com\/product\/nopal\/","name":"Nopal - Rinnovo","isPartOf":{"@id":"https:\/\/rinnovomedspa.com\/#website"},"primaryImageOfPage":{"@id":"https:\/\/rinnovomedspa.com\/product\/nopal\/#primaryimage"},"image":{"@id":"https:\/\/rinnovomedspa.com\/product\/nopal\/#primaryimage"},"thumbnailUrl":"https:\/\/rinnovomedspa.com\/wp-content\/uploads\/2023\/01\/Crema_de_nopal_crema_facial_hidratante_50g-copia.png","datePublished":"2023-01-18T18:57:45+00:00","dateModified":"2023-06-15T15:38:41+00:00","breadcrumb":{"@id":"https:\/\/rinnovomedspa.com\/product\/nopal\/#breadcrumb"},"inLanguage":"en-US","potentialAction":[{"@type":"ReadAction","target":["https:\/\/rinnovomedspa.com\/product\/nopal\/"]}]},{"@type":"ImageObject","inLanguage":"en-US","@id":"https:\/\/rinnovomedspa.com\/product\/nopal\/#primaryimage","url":"https:\/\/rinnovomedspa.com\/wp-content\/uploads\/2023\/01\/Crema_de_nopal_crema_facial_hidratante_50g-copia.png","contentUrl":"https:\/\/rinnovomedspa.com\/wp-content\/uploads\/2023\/01\/Crema_de_nopal_crema_facial_hidratante_50g-copia.png","width":1000,"height":1000},{"@type":"BreadcrumbList","@id":"https:\/\/rinnovomedspa.com\/product\/nopal\/#breadcrumb","itemListElement":[{"@type":"ListItem","position":1,"name":"Inicio","item":"https:\/\/rinnovomedspa.com\/"},{"@type":"ListItem","position":2,"name":"Nuestra Tienda","item":"https:\/\/rinnovomedspa.com\/tienda\/"},{"@type":"ListItem","position":3,"name":"Nopal"}]},{"@type":"WebSite","@id":"https:\/\/rinnovomedspa.com\/#website","url":"https:\/\/rinnovomedspa.com\/","name":"Rinnovo Med Spa","description":"med-spa","publisher":{"@id":"https:\/\/rinnovomedspa.com\/#organization"},"potentialAction":[{"@type":"SearchAction","target":{"@type":"EntryPoint","urlTemplate":"https:\/\/rinnovomedspa.com\/?s={search_term_string}"},"query-input":{"@type":"PropertyValueSpecification","valueRequired":true,"valueName":"search_term_string"}}],"inLanguage":"en-US"},{"@type":"Organization","@id":"https:\/\/rinnovomedspa.com\/#organization","name":"Rinnovo Med Spa","url":"https:\/\/rinnovomedspa.com\/","logo":{"@type":"ImageObject","inLanguage":"en-US","@id":"https:\/\/rinnovomedspa.com\/#\/schema\/logo\/image\/","url":"https:\/\/rinnovomedspa.com\/wp-content\/uploads\/2022\/12\/rinnovo-med-spa-logo-purpule.png","contentUrl":"https:\/\/rinnovomedspa.com\/wp-content\/uploads\/2022\/12\/rinnovo-med-spa-logo-purpule.png","width":150,"height":41,"caption":"Rinnovo Med Spa"},"image":{"@id":"https:\/\/rinnovomedspa.com\/#\/schema\/logo\/image\/"},"sameAs":["https:\/\/www.facebook.com\/RinnovoMedSpa"]}]}},"_links":{"self":[{"href":"https:\/\/rinnovomedspa.com\/en\/wp-json\/wp\/v2\/product\/4464","targetHints":{"allow":["GET"]}}],"collection":[{"href":"https:\/\/rinnovomedspa.com\/en\/wp-json\/wp\/v2\/product"}],"about":[{"href":"https:\/\/rinnovomedspa.com\/en\/wp-json\/wp\/v2\/types\/product"}],"replies":[{"embeddable":true,"href":"https:\/\/rinnovomedspa.com\/en\/wp-json\/wp\/v2\/comments?post=4464"}],"wp:featuredmedia":[{"embeddable":true,"href":"https:\/\/rinnovomedspa.com\/en\/wp-json\/wp\/v2\/media\/4529"}],"wp:attachment":[{"href":"https:\/\/rinnovomedspa.com\/en\/wp-json\/wp\/v2\/media?parent=4464"}],"wp:term":[{"taxonomy":"product_brand","embeddable":true,"href":"https:\/\/rinnovomedspa.com\/en\/wp-json\/wp\/v2\/product_brand?post=4464"},{"taxonomy":"product_cat","embeddable":true,"href":"https:\/\/rinnovomedspa.com\/en\/wp-json\/wp\/v2\/product_cat?post=4464"},{"taxonomy":"product_tag","embeddable":true,"href":"https:\/\/rinnovomedspa.com\/en\/wp-json\/wp\/v2\/product_tag?post=4464"}],"curies":[{"name":"wp","href":"https:\/\/api.w.org\/{rel}","templated":true}]}}