{"id":4461,"date":"2023-01-18T18:57:45","date_gmt":"2023-01-18T18:57:45","guid":{"rendered":"https:\/\/rinnovomedspa.com\/?post_type=product&#038;p=4461"},"modified":"2023-01-18T20:06:47","modified_gmt":"2023-01-18T20:06:47","slug":"hydrium-gold","status":"publish","type":"product","link":"https:\/\/rinnovomedspa.com\/en\/products\/hydrium-gold\/","title":{"rendered":"Hydrium Gold"},"content":{"rendered":"<p>Presentation: 50g<\/p>\n<p>INDICATED FOR: *Mature oily skin with sensitivity *Skin in climacteric stage<\/p>\n<p>BENEFITS: Powerful anti-wrinkle Fills expression lines Provides firmness Anti-inflammatory Recovers and prolongs the youth of the skin.<\/p>\n<p>ACTIVE ACTIVE: Pomegranate and Red Clover Isoflavones \u2013 stimulates keratinocytes and fibroblasts, achieving greater thickness in both the epidermis and dermis. Marine collagen and Aloe Vera \u2013 are excellent moisturizers. Suggestion: in the case of prematurely aging skin, it can be recommended for younger ages. The use of this product is the responsibility of the person who consumes it and the person who recommends it.<\/p>","protected":false},"excerpt":{"rendered":"<p>Presentation: 50g<\/p>\n<p>INDICATED FOR: *Mature oily skin with sensitivity *Skin in climacteric stage<\/p>\n<p>BENEFITS: Powerful anti-wrinkle Fills expression lines Provides firmness Anti-inflammatory Recovers and prolongs the youth of the skin.<\/p>\n<p>ACTIVE ACTIVE: Pomegranate and Red Clover Isoflavones \u2013 stimulates keratinocytes and fibroblasts, achieving greater thickness in both the epidermis and dermis. Marine collagen and Aloe Vera \u2013 are excellent moisturizers. Suggestion: in the case of prematurely aging skin, it can be recommended for younger ages. The use of this product is the responsibility of the person who consumes it and the person who recommends it.<\/p>","protected":false},"featured_media":4535,"comment_status":"open","ping_status":"closed","template":"","meta":{"inline_featured_image":false},"product_brand":[],"product_cat":[153],"product_tag":[],"class_list":{"0":"post-4461","1":"product","2":"type-product","3":"status-publish","4":"has-post-thumbnail","6":"product_cat-geles-faciales","8":"first","9":"instock","10":"shipping-taxable","11":"purchasable","12":"product-type-simple"},"yoast_head":"<!-- This site is optimized with the Yoast SEO plugin v26.0 - https:\/\/yoast.com\/wordpress\/plugins\/seo\/ -->\n<title>Hydrium Gold - Rinnovo<\/title>\n<meta name=\"robots\" content=\"index, follow, max-snippet:-1, max-image-preview:large, max-video-preview:-1\" \/>\n<link rel=\"canonical\" href=\"https:\/\/rinnovomedspa.com\/en\/products\/hydrium-gold\/\" \/>\n<meta property=\"og:locale\" content=\"en_US\" \/>\n<meta property=\"og:type\" content=\"article\" \/>\n<meta property=\"og:title\" content=\"Hydrium Gold - Rinnovo\" \/>\n<meta property=\"og:description\" content=\"Presentaci\u00f3n: 50g  INDICADO PARA: *Pieles grasas maduras con sensibilidad *Pieles en etapa de climaterio  BENEFICIOS: Potente antiarrugas Rellena l\u00edneas de expresi\u00f3n Aporta firmeza Antiinflamatorio Recupera y prolonga la juventud de la piel.  ACTIVOS: Isoflavonas de Granada y Tr\u00e9bol Rojo \u2013 estimula a los queratinocitos y fibroblastos, con lo que se logra mayor espesor tanto en la epidermis como en la dermis, El col\u00e1geno Marino y Aloe Vera \u2013 son excelentes humectantes. Sugerencia: en caso de pieles con envejecimiento prematuro se puede recomendar para edades mas tempranas El uso de este producto es responsabilidad de quien lo consume y de quien lo recomienda.\" \/>\n<meta property=\"og:url\" content=\"https:\/\/rinnovomedspa.com\/en\/products\/hydrium-gold\/\" \/>\n<meta property=\"og:site_name\" content=\"Rinnovo\" \/>\n<meta property=\"article:publisher\" content=\"https:\/\/www.facebook.com\/RinnovoMedSpa\" \/>\n<meta property=\"article:modified_time\" content=\"2023-01-18T20:06:47+00:00\" \/>\n<meta property=\"og:image\" content=\"https:\/\/rinnovomedspa.com\/wp-content\/uploads\/2023\/01\/Gel_facial_hydrium_gold_piel-sensible_maura_50g-copia.png\" \/>\n\t<meta property=\"og:image:width\" content=\"1000\" \/>\n\t<meta property=\"og:image:height\" content=\"1000\" \/>\n\t<meta property=\"og:image:type\" content=\"image\/png\" \/>\n<meta name=\"twitter:card\" content=\"summary_large_image\" \/>\n<meta name=\"twitter:label1\" content=\"Est. reading time\" \/>\n\t<meta name=\"twitter:data1\" content=\"1 minute\" \/>\n<script type=\"application\/ld+json\" class=\"yoast-schema-graph\">{\"@context\":\"https:\/\/schema.org\",\"@graph\":[{\"@type\":\"WebPage\",\"@id\":\"https:\/\/rinnovomedspa.com\/product\/hydrium-gold\/\",\"url\":\"https:\/\/rinnovomedspa.com\/product\/hydrium-gold\/\",\"name\":\"Hydrium Gold - Rinnovo\",\"isPartOf\":{\"@id\":\"https:\/\/rinnovomedspa.com\/#website\"},\"primaryImageOfPage\":{\"@id\":\"https:\/\/rinnovomedspa.com\/product\/hydrium-gold\/#primaryimage\"},\"image\":{\"@id\":\"https:\/\/rinnovomedspa.com\/product\/hydrium-gold\/#primaryimage\"},\"thumbnailUrl\":\"https:\/\/rinnovomedspa.com\/wp-content\/uploads\/2023\/01\/Gel_facial_hydrium_gold_piel-sensible_maura_50g-copia.png\",\"datePublished\":\"2023-01-18T18:57:45+00:00\",\"dateModified\":\"2023-01-18T20:06:47+00:00\",\"breadcrumb\":{\"@id\":\"https:\/\/rinnovomedspa.com\/product\/hydrium-gold\/#breadcrumb\"},\"inLanguage\":\"en-US\",\"potentialAction\":[{\"@type\":\"ReadAction\",\"target\":[\"https:\/\/rinnovomedspa.com\/product\/hydrium-gold\/\"]}]},{\"@type\":\"ImageObject\",\"inLanguage\":\"en-US\",\"@id\":\"https:\/\/rinnovomedspa.com\/product\/hydrium-gold\/#primaryimage\",\"url\":\"https:\/\/rinnovomedspa.com\/wp-content\/uploads\/2023\/01\/Gel_facial_hydrium_gold_piel-sensible_maura_50g-copia.png\",\"contentUrl\":\"https:\/\/rinnovomedspa.com\/wp-content\/uploads\/2023\/01\/Gel_facial_hydrium_gold_piel-sensible_maura_50g-copia.png\",\"width\":1000,\"height\":1000},{\"@type\":\"BreadcrumbList\",\"@id\":\"https:\/\/rinnovomedspa.com\/product\/hydrium-gold\/#breadcrumb\",\"itemListElement\":[{\"@type\":\"ListItem\",\"position\":1,\"name\":\"Inicio\",\"item\":\"https:\/\/rinnovomedspa.com\/\"},{\"@type\":\"ListItem\",\"position\":2,\"name\":\"Nuestra Tienda\",\"item\":\"https:\/\/rinnovomedspa.com\/tienda\/\"},{\"@type\":\"ListItem\",\"position\":3,\"name\":\"Hydrium Gold\"}]},{\"@type\":\"WebSite\",\"@id\":\"https:\/\/rinnovomedspa.com\/#website\",\"url\":\"https:\/\/rinnovomedspa.com\/\",\"name\":\"Rinnovo Med Spa\",\"description\":\"Med Spa\",\"publisher\":{\"@id\":\"https:\/\/rinnovomedspa.com\/#organization\"},\"potentialAction\":[{\"@type\":\"SearchAction\",\"target\":{\"@type\":\"EntryPoint\",\"urlTemplate\":\"https:\/\/rinnovomedspa.com\/?s={search_term_string}\"},\"query-input\":{\"@type\":\"PropertyValueSpecification\",\"valueRequired\":true,\"valueName\":\"search_term_string\"}}],\"inLanguage\":\"en-US\"},{\"@type\":\"Organization\",\"@id\":\"https:\/\/rinnovomedspa.com\/#organization\",\"name\":\"Rinnovo Med Spa\",\"url\":\"https:\/\/rinnovomedspa.com\/\",\"logo\":{\"@type\":\"ImageObject\",\"inLanguage\":\"en-US\",\"@id\":\"https:\/\/rinnovomedspa.com\/#\/schema\/logo\/image\/\",\"url\":\"https:\/\/rinnovomedspa.com\/wp-content\/uploads\/2022\/12\/rinnovo-med-spa-logo-purpule.png\",\"contentUrl\":\"https:\/\/rinnovomedspa.com\/wp-content\/uploads\/2022\/12\/rinnovo-med-spa-logo-purpule.png\",\"width\":150,\"height\":41,\"caption\":\"Rinnovo Med Spa\"},\"image\":{\"@id\":\"https:\/\/rinnovomedspa.com\/#\/schema\/logo\/image\/\"},\"sameAs\":[\"https:\/\/www.facebook.com\/RinnovoMedSpa\"]}]}<\/script>\n<!-- \/ Yoast SEO plugin. -->","yoast_head_json":{"title":"Hydrium Gold - Rinnovo","robots":{"index":"index","follow":"follow","max-snippet":"max-snippet:-1","max-image-preview":"max-image-preview:large","max-video-preview":"max-video-preview:-1"},"canonical":"https:\/\/rinnovomedspa.com\/en\/products\/hydrium-gold\/","og_locale":"en_US","og_type":"article","og_title":"Hydrium Gold - Rinnovo","og_description":"Presentaci\u00f3n: 50g  INDICADO PARA: *Pieles grasas maduras con sensibilidad *Pieles en etapa de climaterio  BENEFICIOS: Potente antiarrugas Rellena l\u00edneas de expresi\u00f3n Aporta firmeza Antiinflamatorio Recupera y prolonga la juventud de la piel.  ACTIVOS: Isoflavonas de Granada y Tr\u00e9bol Rojo \u2013 estimula a los queratinocitos y fibroblastos, con lo que se logra mayor espesor tanto en la epidermis como en la dermis, El col\u00e1geno Marino y Aloe Vera \u2013 son excelentes humectantes. Sugerencia: en caso de pieles con envejecimiento prematuro se puede recomendar para edades mas tempranas El uso de este producto es responsabilidad de quien lo consume y de quien lo recomienda.","og_url":"https:\/\/rinnovomedspa.com\/en\/products\/hydrium-gold\/","og_site_name":"Rinnovo","article_publisher":"https:\/\/www.facebook.com\/RinnovoMedSpa","article_modified_time":"2023-01-18T20:06:47+00:00","og_image":[{"width":1000,"height":1000,"url":"https:\/\/rinnovomedspa.com\/wp-content\/uploads\/2023\/01\/Gel_facial_hydrium_gold_piel-sensible_maura_50g-copia.png","type":"image\/png"}],"twitter_card":"summary_large_image","twitter_misc":{"Est. reading time":"1 minute"},"schema":{"@context":"https:\/\/schema.org","@graph":[{"@type":"WebPage","@id":"https:\/\/rinnovomedspa.com\/product\/hydrium-gold\/","url":"https:\/\/rinnovomedspa.com\/product\/hydrium-gold\/","name":"Hydrium Gold - Rinnovo","isPartOf":{"@id":"https:\/\/rinnovomedspa.com\/#website"},"primaryImageOfPage":{"@id":"https:\/\/rinnovomedspa.com\/product\/hydrium-gold\/#primaryimage"},"image":{"@id":"https:\/\/rinnovomedspa.com\/product\/hydrium-gold\/#primaryimage"},"thumbnailUrl":"https:\/\/rinnovomedspa.com\/wp-content\/uploads\/2023\/01\/Gel_facial_hydrium_gold_piel-sensible_maura_50g-copia.png","datePublished":"2023-01-18T18:57:45+00:00","dateModified":"2023-01-18T20:06:47+00:00","breadcrumb":{"@id":"https:\/\/rinnovomedspa.com\/product\/hydrium-gold\/#breadcrumb"},"inLanguage":"en-US","potentialAction":[{"@type":"ReadAction","target":["https:\/\/rinnovomedspa.com\/product\/hydrium-gold\/"]}]},{"@type":"ImageObject","inLanguage":"en-US","@id":"https:\/\/rinnovomedspa.com\/product\/hydrium-gold\/#primaryimage","url":"https:\/\/rinnovomedspa.com\/wp-content\/uploads\/2023\/01\/Gel_facial_hydrium_gold_piel-sensible_maura_50g-copia.png","contentUrl":"https:\/\/rinnovomedspa.com\/wp-content\/uploads\/2023\/01\/Gel_facial_hydrium_gold_piel-sensible_maura_50g-copia.png","width":1000,"height":1000},{"@type":"BreadcrumbList","@id":"https:\/\/rinnovomedspa.com\/product\/hydrium-gold\/#breadcrumb","itemListElement":[{"@type":"ListItem","position":1,"name":"Inicio","item":"https:\/\/rinnovomedspa.com\/"},{"@type":"ListItem","position":2,"name":"Nuestra Tienda","item":"https:\/\/rinnovomedspa.com\/tienda\/"},{"@type":"ListItem","position":3,"name":"Hydrium Gold"}]},{"@type":"WebSite","@id":"https:\/\/rinnovomedspa.com\/#website","url":"https:\/\/rinnovomedspa.com\/","name":"Rinnovo Med Spa","description":"med-spa","publisher":{"@id":"https:\/\/rinnovomedspa.com\/#organization"},"potentialAction":[{"@type":"SearchAction","target":{"@type":"EntryPoint","urlTemplate":"https:\/\/rinnovomedspa.com\/?s={search_term_string}"},"query-input":{"@type":"PropertyValueSpecification","valueRequired":true,"valueName":"search_term_string"}}],"inLanguage":"en-US"},{"@type":"Organization","@id":"https:\/\/rinnovomedspa.com\/#organization","name":"Rinnovo Med Spa","url":"https:\/\/rinnovomedspa.com\/","logo":{"@type":"ImageObject","inLanguage":"en-US","@id":"https:\/\/rinnovomedspa.com\/#\/schema\/logo\/image\/","url":"https:\/\/rinnovomedspa.com\/wp-content\/uploads\/2022\/12\/rinnovo-med-spa-logo-purpule.png","contentUrl":"https:\/\/rinnovomedspa.com\/wp-content\/uploads\/2022\/12\/rinnovo-med-spa-logo-purpule.png","width":150,"height":41,"caption":"Rinnovo Med Spa"},"image":{"@id":"https:\/\/rinnovomedspa.com\/#\/schema\/logo\/image\/"},"sameAs":["https:\/\/www.facebook.com\/RinnovoMedSpa"]}]}},"_links":{"self":[{"href":"https:\/\/rinnovomedspa.com\/en\/wp-json\/wp\/v2\/product\/4461","targetHints":{"allow":["GET"]}}],"collection":[{"href":"https:\/\/rinnovomedspa.com\/en\/wp-json\/wp\/v2\/product"}],"about":[{"href":"https:\/\/rinnovomedspa.com\/en\/wp-json\/wp\/v2\/types\/product"}],"replies":[{"embeddable":true,"href":"https:\/\/rinnovomedspa.com\/en\/wp-json\/wp\/v2\/comments?post=4461"}],"wp:featuredmedia":[{"embeddable":true,"href":"https:\/\/rinnovomedspa.com\/en\/wp-json\/wp\/v2\/media\/4535"}],"wp:attachment":[{"href":"https:\/\/rinnovomedspa.com\/en\/wp-json\/wp\/v2\/media?parent=4461"}],"wp:term":[{"taxonomy":"product_brand","embeddable":true,"href":"https:\/\/rinnovomedspa.com\/en\/wp-json\/wp\/v2\/product_brand?post=4461"},{"taxonomy":"product_cat","embeddable":true,"href":"https:\/\/rinnovomedspa.com\/en\/wp-json\/wp\/v2\/product_cat?post=4461"},{"taxonomy":"product_tag","embeddable":true,"href":"https:\/\/rinnovomedspa.com\/en\/wp-json\/wp\/v2\/product_tag?post=4461"}],"curies":[{"name":"wp","href":"https:\/\/api.w.org\/{rel}","templated":true}]}}