{"id":4459,"date":"2023-01-18T18:57:45","date_gmt":"2023-01-18T18:57:45","guid":{"rendered":"https:\/\/rinnovomedspa.com\/?post_type=product&#038;p=4459"},"modified":"2023-01-18T20:07:44","modified_gmt":"2023-01-18T20:07:44","slug":"reaffirm-pink","status":"publish","type":"product","link":"https:\/\/rinnovomedspa.com\/en\/products\/reaffirm-pink\/","title":{"rendered":"Reaffirms Pink"},"content":{"rendered":"<p>Presentation: 50gr<\/p>\n<p>INDICATED FOR: *All skin types, Sensitive and Mature Skin from 45+<\/p>\n<p>BENEFITS: Firms Antioxidant Regenerates Fades expression lines Filling effect<\/p>\n<p>Active ingredients: Oligopeptides (Pentapeptide, Tripeptide and Hexapeptide + Vegetable Protein) \u2013 stimulate the synthesis of different types of collagen, causing firmness and a filling effect, Ceramides II \u2013 retain hydration and Centella Asiatica and Rosa Centifolia, improve collagen formation, Suggestion: in case of prematurely aging skin, it can be recommended for younger ages. The use of this product is the responsibility of the person who consumes it and the person who recommends it.<\/p>","protected":false},"excerpt":{"rendered":"<p>Presentation: 50gr<\/p>\n<p>INDICATED FOR: *All skin types, Sensitive and Mature Skin from 45+<\/p>\n<p>BENEFITS: Firms Antioxidant Regenerates Fades expression lines Filling effect<\/p>\n<p>Active ingredients: Oligopeptides (Pentapeptide, Tripeptide and Hexapeptide + Vegetable Protein) \u2013 stimulate the synthesis of different types of collagen, causing firmness and a filling effect, Ceramides II \u2013 retain hydration and Centella Asiatica and Rosa Centifolia, improve collagen formation, Suggestion: in case of prematurely aging skin, it can be recommended for younger ages. The use of this product is the responsibility of the person who consumes it and the person who recommends it.<\/p>","protected":false},"featured_media":4536,"comment_status":"open","ping_status":"closed","template":"","meta":{"inline_featured_image":false},"product_brand":[],"product_cat":[153],"product_tag":[],"class_list":{"0":"post-4459","1":"product","2":"type-product","3":"status-publish","4":"has-post-thumbnail","6":"product_cat-geles-faciales","8":"first","9":"instock","10":"shipping-taxable","11":"purchasable","12":"product-type-simple"},"yoast_head":"<!-- This site is optimized with the Yoast SEO plugin v26.0 - https:\/\/yoast.com\/wordpress\/plugins\/seo\/ -->\n<title>Reafirm Rosa - Rinnovo<\/title>\n<meta name=\"robots\" content=\"index, follow, max-snippet:-1, max-image-preview:large, max-video-preview:-1\" \/>\n<link rel=\"canonical\" href=\"https:\/\/rinnovomedspa.com\/en\/products\/reaffirm-pink\/\" \/>\n<meta property=\"og:locale\" content=\"en_US\" \/>\n<meta property=\"og:type\" content=\"article\" \/>\n<meta property=\"og:title\" content=\"Reafirm Rosa - Rinnovo\" \/>\n<meta property=\"og:description\" content=\"Presentaci\u00f3n: 50gr  INDICADO PARA: *Todo tipo de piel , Pieles Sensibles y Maduras a partir de los 45+  BENEFICIOS: Reafirma Antioxidante Regenera Desvanece l\u00edneas de expresi\u00f3n Efecto relleno  Activos: Oligop\u00e9ptidos (Pentap\u00e9ptido, Trip\u00e9ptido y Hexap\u00e9ptido+ Prote\u00edna Vegetal) \u2013 estimulan la s\u00edntesis de diferentes tipos de col\u00e1geno, provocando firmeza y efecto de relleno, Las Ceramidas II-retienen la hidrataci\u00f3n y La Centella Asi\u00e1tica y Rosa Centifolia, mejoran la formaci\u00f3n de col\u00e1geno, Sugerencia: en caso de pieles con envejecimiento prematuro se puede recomendar para edades mas tempranas El uso de este producto es responsabilidad de quien lo consume y de quien lo recomienda.\" \/>\n<meta property=\"og:url\" content=\"https:\/\/rinnovomedspa.com\/en\/products\/reaffirm-pink\/\" \/>\n<meta property=\"og:site_name\" content=\"Rinnovo\" \/>\n<meta property=\"article:publisher\" content=\"https:\/\/www.facebook.com\/RinnovoMedSpa\" \/>\n<meta property=\"article:modified_time\" content=\"2023-01-18T20:07:44+00:00\" \/>\n<meta property=\"og:image\" content=\"https:\/\/rinnovomedspa.com\/wp-content\/uploads\/2023\/01\/Gel_corpo_facial_reafirm_rose_gel-copia.png\" \/>\n\t<meta property=\"og:image:width\" content=\"1000\" \/>\n\t<meta property=\"og:image:height\" content=\"1000\" \/>\n\t<meta property=\"og:image:type\" content=\"image\/png\" \/>\n<meta name=\"twitter:card\" content=\"summary_large_image\" \/>\n<meta name=\"twitter:label1\" content=\"Est. reading time\" \/>\n\t<meta name=\"twitter:data1\" content=\"1 minute\" \/>\n<script type=\"application\/ld+json\" class=\"yoast-schema-graph\">{\"@context\":\"https:\/\/schema.org\",\"@graph\":[{\"@type\":\"WebPage\",\"@id\":\"https:\/\/rinnovomedspa.com\/product\/reafirm-rosa\/\",\"url\":\"https:\/\/rinnovomedspa.com\/product\/reafirm-rosa\/\",\"name\":\"Reafirm Rosa - Rinnovo\",\"isPartOf\":{\"@id\":\"https:\/\/rinnovomedspa.com\/#website\"},\"primaryImageOfPage\":{\"@id\":\"https:\/\/rinnovomedspa.com\/product\/reafirm-rosa\/#primaryimage\"},\"image\":{\"@id\":\"https:\/\/rinnovomedspa.com\/product\/reafirm-rosa\/#primaryimage\"},\"thumbnailUrl\":\"https:\/\/rinnovomedspa.com\/wp-content\/uploads\/2023\/01\/Gel_corpo_facial_reafirm_rose_gel-copia.png\",\"datePublished\":\"2023-01-18T18:57:45+00:00\",\"dateModified\":\"2023-01-18T20:07:44+00:00\",\"breadcrumb\":{\"@id\":\"https:\/\/rinnovomedspa.com\/product\/reafirm-rosa\/#breadcrumb\"},\"inLanguage\":\"en-US\",\"potentialAction\":[{\"@type\":\"ReadAction\",\"target\":[\"https:\/\/rinnovomedspa.com\/product\/reafirm-rosa\/\"]}]},{\"@type\":\"ImageObject\",\"inLanguage\":\"en-US\",\"@id\":\"https:\/\/rinnovomedspa.com\/product\/reafirm-rosa\/#primaryimage\",\"url\":\"https:\/\/rinnovomedspa.com\/wp-content\/uploads\/2023\/01\/Gel_corpo_facial_reafirm_rose_gel-copia.png\",\"contentUrl\":\"https:\/\/rinnovomedspa.com\/wp-content\/uploads\/2023\/01\/Gel_corpo_facial_reafirm_rose_gel-copia.png\",\"width\":1000,\"height\":1000},{\"@type\":\"BreadcrumbList\",\"@id\":\"https:\/\/rinnovomedspa.com\/product\/reafirm-rosa\/#breadcrumb\",\"itemListElement\":[{\"@type\":\"ListItem\",\"position\":1,\"name\":\"Inicio\",\"item\":\"https:\/\/rinnovomedspa.com\/\"},{\"@type\":\"ListItem\",\"position\":2,\"name\":\"Nuestra Tienda\",\"item\":\"https:\/\/rinnovomedspa.com\/tienda\/\"},{\"@type\":\"ListItem\",\"position\":3,\"name\":\"Reafirm Rosa\"}]},{\"@type\":\"WebSite\",\"@id\":\"https:\/\/rinnovomedspa.com\/#website\",\"url\":\"https:\/\/rinnovomedspa.com\/\",\"name\":\"Rinnovo Med Spa\",\"description\":\"Med Spa\",\"publisher\":{\"@id\":\"https:\/\/rinnovomedspa.com\/#organization\"},\"potentialAction\":[{\"@type\":\"SearchAction\",\"target\":{\"@type\":\"EntryPoint\",\"urlTemplate\":\"https:\/\/rinnovomedspa.com\/?s={search_term_string}\"},\"query-input\":{\"@type\":\"PropertyValueSpecification\",\"valueRequired\":true,\"valueName\":\"search_term_string\"}}],\"inLanguage\":\"en-US\"},{\"@type\":\"Organization\",\"@id\":\"https:\/\/rinnovomedspa.com\/#organization\",\"name\":\"Rinnovo Med Spa\",\"url\":\"https:\/\/rinnovomedspa.com\/\",\"logo\":{\"@type\":\"ImageObject\",\"inLanguage\":\"en-US\",\"@id\":\"https:\/\/rinnovomedspa.com\/#\/schema\/logo\/image\/\",\"url\":\"https:\/\/rinnovomedspa.com\/wp-content\/uploads\/2022\/12\/rinnovo-med-spa-logo-purpule.png\",\"contentUrl\":\"https:\/\/rinnovomedspa.com\/wp-content\/uploads\/2022\/12\/rinnovo-med-spa-logo-purpule.png\",\"width\":150,\"height\":41,\"caption\":\"Rinnovo Med Spa\"},\"image\":{\"@id\":\"https:\/\/rinnovomedspa.com\/#\/schema\/logo\/image\/\"},\"sameAs\":[\"https:\/\/www.facebook.com\/RinnovoMedSpa\"]}]}<\/script>\n<!-- \/ Yoast SEO plugin. -->","yoast_head_json":{"title":"Reaffirm Pink - Rinnovo","robots":{"index":"index","follow":"follow","max-snippet":"max-snippet:-1","max-image-preview":"max-image-preview:large","max-video-preview":"max-video-preview:-1"},"canonical":"https:\/\/rinnovomedspa.com\/en\/products\/reaffirm-pink\/","og_locale":"en_US","og_type":"article","og_title":"Reafirm Rosa - Rinnovo","og_description":"Presentaci\u00f3n: 50gr  INDICADO PARA: *Todo tipo de piel , Pieles Sensibles y Maduras a partir de los 45+  BENEFICIOS: Reafirma Antioxidante Regenera Desvanece l\u00edneas de expresi\u00f3n Efecto relleno  Activos: Oligop\u00e9ptidos (Pentap\u00e9ptido, Trip\u00e9ptido y Hexap\u00e9ptido+ Prote\u00edna Vegetal) \u2013 estimulan la s\u00edntesis de diferentes tipos de col\u00e1geno, provocando firmeza y efecto de relleno, Las Ceramidas II-retienen la hidrataci\u00f3n y La Centella Asi\u00e1tica y Rosa Centifolia, mejoran la formaci\u00f3n de col\u00e1geno, Sugerencia: en caso de pieles con envejecimiento prematuro se puede recomendar para edades mas tempranas El uso de este producto es responsabilidad de quien lo consume y de quien lo recomienda.","og_url":"https:\/\/rinnovomedspa.com\/en\/products\/reaffirm-pink\/","og_site_name":"Rinnovo","article_publisher":"https:\/\/www.facebook.com\/RinnovoMedSpa","article_modified_time":"2023-01-18T20:07:44+00:00","og_image":[{"width":1000,"height":1000,"url":"https:\/\/rinnovomedspa.com\/wp-content\/uploads\/2023\/01\/Gel_corpo_facial_reafirm_rose_gel-copia.png","type":"image\/png"}],"twitter_card":"summary_large_image","twitter_misc":{"Est. reading time":"1 minute"},"schema":{"@context":"https:\/\/schema.org","@graph":[{"@type":"WebPage","@id":"https:\/\/rinnovomedspa.com\/product\/reafirm-rosa\/","url":"https:\/\/rinnovomedspa.com\/product\/reafirm-rosa\/","name":"Reaffirm Pink - Rinnovo","isPartOf":{"@id":"https:\/\/rinnovomedspa.com\/#website"},"primaryImageOfPage":{"@id":"https:\/\/rinnovomedspa.com\/product\/reafirm-rosa\/#primaryimage"},"image":{"@id":"https:\/\/rinnovomedspa.com\/product\/reafirm-rosa\/#primaryimage"},"thumbnailUrl":"https:\/\/rinnovomedspa.com\/wp-content\/uploads\/2023\/01\/Gel_corpo_facial_reafirm_rose_gel-copia.png","datePublished":"2023-01-18T18:57:45+00:00","dateModified":"2023-01-18T20:07:44+00:00","breadcrumb":{"@id":"https:\/\/rinnovomedspa.com\/product\/reafirm-rosa\/#breadcrumb"},"inLanguage":"en-US","potentialAction":[{"@type":"ReadAction","target":["https:\/\/rinnovomedspa.com\/product\/reafirm-rosa\/"]}]},{"@type":"ImageObject","inLanguage":"en-US","@id":"https:\/\/rinnovomedspa.com\/product\/reafirm-rosa\/#primaryimage","url":"https:\/\/rinnovomedspa.com\/wp-content\/uploads\/2023\/01\/Gel_corpo_facial_reafirm_rose_gel-copia.png","contentUrl":"https:\/\/rinnovomedspa.com\/wp-content\/uploads\/2023\/01\/Gel_corpo_facial_reafirm_rose_gel-copia.png","width":1000,"height":1000},{"@type":"BreadcrumbList","@id":"https:\/\/rinnovomedspa.com\/product\/reafirm-rosa\/#breadcrumb","itemListElement":[{"@type":"ListItem","position":1,"name":"Inicio","item":"https:\/\/rinnovomedspa.com\/"},{"@type":"ListItem","position":2,"name":"Nuestra Tienda","item":"https:\/\/rinnovomedspa.com\/tienda\/"},{"@type":"ListItem","position":3,"name":"Reafirm Rosa"}]},{"@type":"WebSite","@id":"https:\/\/rinnovomedspa.com\/#website","url":"https:\/\/rinnovomedspa.com\/","name":"Rinnovo Med Spa","description":"med-spa","publisher":{"@id":"https:\/\/rinnovomedspa.com\/#organization"},"potentialAction":[{"@type":"SearchAction","target":{"@type":"EntryPoint","urlTemplate":"https:\/\/rinnovomedspa.com\/?s={search_term_string}"},"query-input":{"@type":"PropertyValueSpecification","valueRequired":true,"valueName":"search_term_string"}}],"inLanguage":"en-US"},{"@type":"Organization","@id":"https:\/\/rinnovomedspa.com\/#organization","name":"Rinnovo Med Spa","url":"https:\/\/rinnovomedspa.com\/","logo":{"@type":"ImageObject","inLanguage":"en-US","@id":"https:\/\/rinnovomedspa.com\/#\/schema\/logo\/image\/","url":"https:\/\/rinnovomedspa.com\/wp-content\/uploads\/2022\/12\/rinnovo-med-spa-logo-purpule.png","contentUrl":"https:\/\/rinnovomedspa.com\/wp-content\/uploads\/2022\/12\/rinnovo-med-spa-logo-purpule.png","width":150,"height":41,"caption":"Rinnovo Med Spa"},"image":{"@id":"https:\/\/rinnovomedspa.com\/#\/schema\/logo\/image\/"},"sameAs":["https:\/\/www.facebook.com\/RinnovoMedSpa"]}]}},"_links":{"self":[{"href":"https:\/\/rinnovomedspa.com\/en\/wp-json\/wp\/v2\/product\/4459","targetHints":{"allow":["GET"]}}],"collection":[{"href":"https:\/\/rinnovomedspa.com\/en\/wp-json\/wp\/v2\/product"}],"about":[{"href":"https:\/\/rinnovomedspa.com\/en\/wp-json\/wp\/v2\/types\/product"}],"replies":[{"embeddable":true,"href":"https:\/\/rinnovomedspa.com\/en\/wp-json\/wp\/v2\/comments?post=4459"}],"wp:featuredmedia":[{"embeddable":true,"href":"https:\/\/rinnovomedspa.com\/en\/wp-json\/wp\/v2\/media\/4536"}],"wp:attachment":[{"href":"https:\/\/rinnovomedspa.com\/en\/wp-json\/wp\/v2\/media?parent=4459"}],"wp:term":[{"taxonomy":"product_brand","embeddable":true,"href":"https:\/\/rinnovomedspa.com\/en\/wp-json\/wp\/v2\/product_brand?post=4459"},{"taxonomy":"product_cat","embeddable":true,"href":"https:\/\/rinnovomedspa.com\/en\/wp-json\/wp\/v2\/product_cat?post=4459"},{"taxonomy":"product_tag","embeddable":true,"href":"https:\/\/rinnovomedspa.com\/en\/wp-json\/wp\/v2\/product_tag?post=4459"}],"curies":[{"name":"wp","href":"https:\/\/api.w.org\/{rel}","templated":true}]}}