{"id":4453,"date":"2023-01-18T18:57:44","date_gmt":"2023-01-18T18:57:44","guid":{"rendered":"https:\/\/rinnovomedspa.com\/?post_type=product&#038;p=4453"},"modified":"2024-02-29T08:58:25","modified_gmt":"2024-02-29T08:58:25","slug":"hydrogel","status":"publish","type":"product","link":"https:\/\/rinnovomedspa.com\/en\/products\/hydrogel\/","title":{"rendered":"hydrogel"},"content":{"rendered":"<p>Presentation: 150ml<\/p>\n<p>Indicated for: oily skin, with acne problems from 18 years of age<\/p>\n<p>Benefits Maintains the optimal level of hydration Soothes Decongests.<\/p>\n<p>Actives: Horsetail Extract \u2013 retains moisture, Mallow \u2013 soothing, Hops \u2013 mild astringent The use of this product is the responsibility of the person who consumes it and the person who recommends it. COLAGEL E 25+ Presentation: 150ml and 250ml Indicated for: *Young skin from 25 years of age, Excellent for oily skin or hot climates Benefits Maintains deep hydration of the skin, Prevents aging Fades expression lines Returns the glow of youth + Firmness Actives: Fibronectin \u2013 helps maintain the normal structure of the dermis, Elastin \u2013 increases elasticity, Hydrolyzed Collagen \u2013 moisturizing, prevents the appearance of wrinkles, Horsetail \u2013 reinforces the moisturizing action, Mauve \u2013 maintains deep hydration of the skin skin The use of this product is the responsibility of the person who consumes it and the person who recommends it.<\/p>","protected":false},"excerpt":{"rendered":"<p>Presentation: 150ml<\/p>\n<p>Indicated for: oily skin, with acne problems from 18 years of age<\/p>\n<p>Benefits Maintains the optimal level of hydration Soothes Decongests.<\/p>\n<p>Actives: Horsetail Extract \u2013 retains moisture, Mallow \u2013 soothing, Hops \u2013 mild astringent The use of this product is the responsibility of the person who consumes it and the person who recommends it. COLAGEL E 25+ Presentation: 150ml and 250ml Indicated for: *Young skin from 25 years of age, Excellent for oily skin or hot climates Benefits Maintains deep hydration of the skin, Prevents aging Fades expression lines Returns the glow of youth + Firmness Actives: Fibronectin \u2013 helps maintain the normal structure of the dermis, Elastin \u2013 increases elasticity, Hydrolyzed Collagen \u2013 moisturizing, prevents the appearance of wrinkles, Horsetail \u2013 reinforces the moisturizing action, Mauve \u2013 maintains deep hydration of the skin skin The use of this product is the responsibility of the person who consumes it and the person who recommends it.<\/p>","protected":false},"featured_media":4544,"comment_status":"open","ping_status":"closed","template":"","meta":{"inline_featured_image":false},"product_brand":[],"product_cat":[153],"product_tag":[],"class_list":{"0":"post-4453","1":"product","2":"type-product","3":"status-publish","4":"has-post-thumbnail","6":"product_cat-geles-faciales","8":"first","9":"instock","10":"shipping-taxable","11":"purchasable","12":"product-type-simple"},"yoast_head":"<!-- This site is optimized with the Yoast SEO plugin v26.0 - https:\/\/yoast.com\/wordpress\/plugins\/seo\/ -->\n<title>Hidrogel - Rinnovo<\/title>\n<meta name=\"robots\" content=\"index, follow, max-snippet:-1, max-image-preview:large, max-video-preview:-1\" \/>\n<link rel=\"canonical\" href=\"https:\/\/rinnovomedspa.com\/en\/products\/hydrogel\/\" \/>\n<meta property=\"og:locale\" content=\"en_US\" \/>\n<meta property=\"og:type\" content=\"article\" \/>\n<meta property=\"og:title\" content=\"Hidrogel - Rinnovo\" \/>\n<meta property=\"og:description\" content=\"Presentaci\u00f3n: 150ml  Indicado para: piel grasa, con problema de acn\u00e9 a partir de los 18 a\u00f1os  Beneficios Conserva el nivel \u00f3ptimo de hidrataci\u00f3n Calma Descongestiona.  Activos: Extracto de cola de caballo \u2013 retiene la humedad, Malva \u2013 calmante, L\u00fapulo \u2013 astringente suave El uso de este producto es responsabilidad de quien lo consume y de quien lo recomienda. COLAGEL E 25+ Presentaci\u00f3n: 150ml y 250ml Indicado para: *Piel joven a partir de los 25 a\u00f1os, Excelente para piel grasa \u00f3 climas c\u00e1lidos Beneficios Mantiene la hidrataci\u00f3n profunda de la piel, Previene el envejecimiento Desvanece l\u00edneas de expresi\u00f3n Devuelve el brillo de juventud +Firmeza Activos: Fibronectina \u2013 ayuda a mantener la estructura normal de la dermis, Elastina \u2013 aumenta la elasticidad, Col\u00e1geno hidrolizado \u2013 hidratante, previene la aparici\u00f3n de arrugas, Cola de Caballo \u2013 refuerza la acci\u00f3n humectante, Malva \u2013 mantiene la hidrataci\u00f3n profunda de la piel El uso de este producto es responsabilidad de quien lo consume y de quien lo recomienda.\" \/>\n<meta property=\"og:url\" content=\"https:\/\/rinnovomedspa.com\/en\/products\/hydrogel\/\" \/>\n<meta property=\"og:site_name\" content=\"Rinnovo\" \/>\n<meta property=\"article:publisher\" content=\"https:\/\/www.facebook.com\/RinnovoMedSpa\" \/>\n<meta property=\"article:modified_time\" content=\"2024-02-29T08:58:25+00:00\" \/>\n<meta property=\"og:image\" content=\"https:\/\/rinnovomedspa.com\/wp-content\/uploads\/2023\/01\/Gel_facial_Hidro_gel_hidratante_150ml-copia.png\" \/>\n\t<meta property=\"og:image:width\" content=\"1000\" \/>\n\t<meta property=\"og:image:height\" content=\"1000\" \/>\n\t<meta property=\"og:image:type\" content=\"image\/png\" \/>\n<meta name=\"twitter:card\" content=\"summary_large_image\" \/>\n<meta name=\"twitter:label1\" content=\"Est. reading time\" \/>\n\t<meta name=\"twitter:data1\" content=\"1 minute\" \/>\n<script type=\"application\/ld+json\" class=\"yoast-schema-graph\">{\"@context\":\"https:\/\/schema.org\",\"@graph\":[{\"@type\":\"WebPage\",\"@id\":\"https:\/\/rinnovomedspa.com\/product\/hidrogel\/\",\"url\":\"https:\/\/rinnovomedspa.com\/product\/hidrogel\/\",\"name\":\"Hidrogel - Rinnovo\",\"isPartOf\":{\"@id\":\"https:\/\/rinnovomedspa.com\/#website\"},\"primaryImageOfPage\":{\"@id\":\"https:\/\/rinnovomedspa.com\/product\/hidrogel\/#primaryimage\"},\"image\":{\"@id\":\"https:\/\/rinnovomedspa.com\/product\/hidrogel\/#primaryimage\"},\"thumbnailUrl\":\"https:\/\/rinnovomedspa.com\/wp-content\/uploads\/2023\/01\/Gel_facial_Hidro_gel_hidratante_150ml-copia.png\",\"datePublished\":\"2023-01-18T18:57:44+00:00\",\"dateModified\":\"2024-02-29T08:58:25+00:00\",\"breadcrumb\":{\"@id\":\"https:\/\/rinnovomedspa.com\/product\/hidrogel\/#breadcrumb\"},\"inLanguage\":\"en-US\",\"potentialAction\":[{\"@type\":\"ReadAction\",\"target\":[\"https:\/\/rinnovomedspa.com\/product\/hidrogel\/\"]}]},{\"@type\":\"ImageObject\",\"inLanguage\":\"en-US\",\"@id\":\"https:\/\/rinnovomedspa.com\/product\/hidrogel\/#primaryimage\",\"url\":\"https:\/\/rinnovomedspa.com\/wp-content\/uploads\/2023\/01\/Gel_facial_Hidro_gel_hidratante_150ml-copia.png\",\"contentUrl\":\"https:\/\/rinnovomedspa.com\/wp-content\/uploads\/2023\/01\/Gel_facial_Hidro_gel_hidratante_150ml-copia.png\",\"width\":1000,\"height\":1000},{\"@type\":\"BreadcrumbList\",\"@id\":\"https:\/\/rinnovomedspa.com\/product\/hidrogel\/#breadcrumb\",\"itemListElement\":[{\"@type\":\"ListItem\",\"position\":1,\"name\":\"Inicio\",\"item\":\"https:\/\/rinnovomedspa.com\/\"},{\"@type\":\"ListItem\",\"position\":2,\"name\":\"Nuestra Tienda\",\"item\":\"https:\/\/rinnovomedspa.com\/tienda\/\"},{\"@type\":\"ListItem\",\"position\":3,\"name\":\"Hidrogel\"}]},{\"@type\":\"WebSite\",\"@id\":\"https:\/\/rinnovomedspa.com\/#website\",\"url\":\"https:\/\/rinnovomedspa.com\/\",\"name\":\"Rinnovo Med Spa\",\"description\":\"Med Spa\",\"publisher\":{\"@id\":\"https:\/\/rinnovomedspa.com\/#organization\"},\"potentialAction\":[{\"@type\":\"SearchAction\",\"target\":{\"@type\":\"EntryPoint\",\"urlTemplate\":\"https:\/\/rinnovomedspa.com\/?s={search_term_string}\"},\"query-input\":{\"@type\":\"PropertyValueSpecification\",\"valueRequired\":true,\"valueName\":\"search_term_string\"}}],\"inLanguage\":\"en-US\"},{\"@type\":\"Organization\",\"@id\":\"https:\/\/rinnovomedspa.com\/#organization\",\"name\":\"Rinnovo Med Spa\",\"url\":\"https:\/\/rinnovomedspa.com\/\",\"logo\":{\"@type\":\"ImageObject\",\"inLanguage\":\"en-US\",\"@id\":\"https:\/\/rinnovomedspa.com\/#\/schema\/logo\/image\/\",\"url\":\"https:\/\/rinnovomedspa.com\/wp-content\/uploads\/2022\/12\/rinnovo-med-spa-logo-purpule.png\",\"contentUrl\":\"https:\/\/rinnovomedspa.com\/wp-content\/uploads\/2022\/12\/rinnovo-med-spa-logo-purpule.png\",\"width\":150,\"height\":41,\"caption\":\"Rinnovo Med Spa\"},\"image\":{\"@id\":\"https:\/\/rinnovomedspa.com\/#\/schema\/logo\/image\/\"},\"sameAs\":[\"https:\/\/www.facebook.com\/RinnovoMedSpa\"]}]}<\/script>\n<!-- \/ Yoast SEO plugin. -->","yoast_head_json":{"title":"Hydrogel - Rinnovo","robots":{"index":"index","follow":"follow","max-snippet":"max-snippet:-1","max-image-preview":"max-image-preview:large","max-video-preview":"max-video-preview:-1"},"canonical":"https:\/\/rinnovomedspa.com\/en\/products\/hydrogel\/","og_locale":"en_US","og_type":"article","og_title":"Hidrogel - Rinnovo","og_description":"Presentaci\u00f3n: 150ml  Indicado para: piel grasa, con problema de acn\u00e9 a partir de los 18 a\u00f1os  Beneficios Conserva el nivel \u00f3ptimo de hidrataci\u00f3n Calma Descongestiona.  Activos: Extracto de cola de caballo \u2013 retiene la humedad, Malva \u2013 calmante, L\u00fapulo \u2013 astringente suave El uso de este producto es responsabilidad de quien lo consume y de quien lo recomienda. COLAGEL E 25+ Presentaci\u00f3n: 150ml y 250ml Indicado para: *Piel joven a partir de los 25 a\u00f1os, Excelente para piel grasa \u00f3 climas c\u00e1lidos Beneficios Mantiene la hidrataci\u00f3n profunda de la piel, Previene el envejecimiento Desvanece l\u00edneas de expresi\u00f3n Devuelve el brillo de juventud +Firmeza Activos: Fibronectina \u2013 ayuda a mantener la estructura normal de la dermis, Elastina \u2013 aumenta la elasticidad, Col\u00e1geno hidrolizado \u2013 hidratante, previene la aparici\u00f3n de arrugas, Cola de Caballo \u2013 refuerza la acci\u00f3n humectante, Malva \u2013 mantiene la hidrataci\u00f3n profunda de la piel El uso de este producto es responsabilidad de quien lo consume y de quien lo recomienda.","og_url":"https:\/\/rinnovomedspa.com\/en\/products\/hydrogel\/","og_site_name":"Rinnovo","article_publisher":"https:\/\/www.facebook.com\/RinnovoMedSpa","article_modified_time":"2024-02-29T08:58:25+00:00","og_image":[{"width":1000,"height":1000,"url":"https:\/\/rinnovomedspa.com\/wp-content\/uploads\/2023\/01\/Gel_facial_Hidro_gel_hidratante_150ml-copia.png","type":"image\/png"}],"twitter_card":"summary_large_image","twitter_misc":{"Est. reading time":"1 minute"},"schema":{"@context":"https:\/\/schema.org","@graph":[{"@type":"WebPage","@id":"https:\/\/rinnovomedspa.com\/product\/hidrogel\/","url":"https:\/\/rinnovomedspa.com\/product\/hidrogel\/","name":"Hydrogel - Rinnovo","isPartOf":{"@id":"https:\/\/rinnovomedspa.com\/#website"},"primaryImageOfPage":{"@id":"https:\/\/rinnovomedspa.com\/product\/hidrogel\/#primaryimage"},"image":{"@id":"https:\/\/rinnovomedspa.com\/product\/hidrogel\/#primaryimage"},"thumbnailUrl":"https:\/\/rinnovomedspa.com\/wp-content\/uploads\/2023\/01\/Gel_facial_Hidro_gel_hidratante_150ml-copia.png","datePublished":"2023-01-18T18:57:44+00:00","dateModified":"2024-02-29T08:58:25+00:00","breadcrumb":{"@id":"https:\/\/rinnovomedspa.com\/product\/hidrogel\/#breadcrumb"},"inLanguage":"en-US","potentialAction":[{"@type":"ReadAction","target":["https:\/\/rinnovomedspa.com\/product\/hidrogel\/"]}]},{"@type":"ImageObject","inLanguage":"en-US","@id":"https:\/\/rinnovomedspa.com\/product\/hidrogel\/#primaryimage","url":"https:\/\/rinnovomedspa.com\/wp-content\/uploads\/2023\/01\/Gel_facial_Hidro_gel_hidratante_150ml-copia.png","contentUrl":"https:\/\/rinnovomedspa.com\/wp-content\/uploads\/2023\/01\/Gel_facial_Hidro_gel_hidratante_150ml-copia.png","width":1000,"height":1000},{"@type":"BreadcrumbList","@id":"https:\/\/rinnovomedspa.com\/product\/hidrogel\/#breadcrumb","itemListElement":[{"@type":"ListItem","position":1,"name":"Inicio","item":"https:\/\/rinnovomedspa.com\/"},{"@type":"ListItem","position":2,"name":"Nuestra Tienda","item":"https:\/\/rinnovomedspa.com\/tienda\/"},{"@type":"ListItem","position":3,"name":"Hidrogel"}]},{"@type":"WebSite","@id":"https:\/\/rinnovomedspa.com\/#website","url":"https:\/\/rinnovomedspa.com\/","name":"Rinnovo Med Spa","description":"med-spa","publisher":{"@id":"https:\/\/rinnovomedspa.com\/#organization"},"potentialAction":[{"@type":"SearchAction","target":{"@type":"EntryPoint","urlTemplate":"https:\/\/rinnovomedspa.com\/?s={search_term_string}"},"query-input":{"@type":"PropertyValueSpecification","valueRequired":true,"valueName":"search_term_string"}}],"inLanguage":"en-US"},{"@type":"Organization","@id":"https:\/\/rinnovomedspa.com\/#organization","name":"Rinnovo Med Spa","url":"https:\/\/rinnovomedspa.com\/","logo":{"@type":"ImageObject","inLanguage":"en-US","@id":"https:\/\/rinnovomedspa.com\/#\/schema\/logo\/image\/","url":"https:\/\/rinnovomedspa.com\/wp-content\/uploads\/2022\/12\/rinnovo-med-spa-logo-purpule.png","contentUrl":"https:\/\/rinnovomedspa.com\/wp-content\/uploads\/2022\/12\/rinnovo-med-spa-logo-purpule.png","width":150,"height":41,"caption":"Rinnovo Med Spa"},"image":{"@id":"https:\/\/rinnovomedspa.com\/#\/schema\/logo\/image\/"},"sameAs":["https:\/\/www.facebook.com\/RinnovoMedSpa"]}]}},"_links":{"self":[{"href":"https:\/\/rinnovomedspa.com\/en\/wp-json\/wp\/v2\/product\/4453","targetHints":{"allow":["GET"]}}],"collection":[{"href":"https:\/\/rinnovomedspa.com\/en\/wp-json\/wp\/v2\/product"}],"about":[{"href":"https:\/\/rinnovomedspa.com\/en\/wp-json\/wp\/v2\/types\/product"}],"replies":[{"embeddable":true,"href":"https:\/\/rinnovomedspa.com\/en\/wp-json\/wp\/v2\/comments?post=4453"}],"wp:featuredmedia":[{"embeddable":true,"href":"https:\/\/rinnovomedspa.com\/en\/wp-json\/wp\/v2\/media\/4544"}],"wp:attachment":[{"href":"https:\/\/rinnovomedspa.com\/en\/wp-json\/wp\/v2\/media?parent=4453"}],"wp:term":[{"taxonomy":"product_brand","embeddable":true,"href":"https:\/\/rinnovomedspa.com\/en\/wp-json\/wp\/v2\/product_brand?post=4453"},{"taxonomy":"product_cat","embeddable":true,"href":"https:\/\/rinnovomedspa.com\/en\/wp-json\/wp\/v2\/product_cat?post=4453"},{"taxonomy":"product_tag","embeddable":true,"href":"https:\/\/rinnovomedspa.com\/en\/wp-json\/wp\/v2\/product_tag?post=4453"}],"curies":[{"name":"wp","href":"https:\/\/api.w.org\/{rel}","templated":true}]}}