{"id":4452,"date":"2023-01-18T18:57:44","date_gmt":"2023-01-18T18:57:44","guid":{"rendered":"https:\/\/rinnovomedspa.com\/?post_type=product&#038;p=4452"},"modified":"2023-06-15T16:04:41","modified_gmt":"2023-06-15T16:04:41","slug":"protect-junior","status":"publish","type":"product","link":"https:\/\/rinnovomedspa.com\/en\/products\/protect-junior\/","title":{"rendered":"Protect Junior"},"content":{"rendered":"<p>Presentation: 150ml Moisturizing Blue Light Protective Facial Gel Protection of electronic devices and appliances.<\/p>\n<p>INDICATED FOR: young skin from 15 years old BENEFITS: \u2013 Moisturizes the skin \u2013 Protects the skin from blue light from electronic devices and appliances. \u2013 Restores hydration \u2013 Helps maintain skin pH \u2013 Decongests and calms.<\/p>\n<p>ACTIVE ACTIVES: Aloe Vera Extract \u2013 helps rehydrate and eliminate inflammation, it is a natural remedy against burns, Dimethylmethoxychromanol \u2013 antioxidant 20 TIMES more powerful than vitamin E. defends the skin from UV radiation, Apple (Malus domestica ) and Peach (Prunus persica) \u2013 protect cell membranes, prevent the penetration of toxic heavy metals contained in the contaminated environment and unbalance the metabolism, causing the inactivation of some enzymes. Wheat (Triticum vulgare) and barley (Hordeun vulgare) \u2013 contain active substances (Inositol Phosphate) \u2013 capable of sequestering metals, preventing their toxic effects, Ginseng (Panax ginseng) \u2013 contains an effective antioxidant against free radicals. The use of this product is the responsibility of the person who consumes it and the person who recommends it.<\/p>","protected":false},"excerpt":{"rendered":"<p>Presentation: 150ml Moisturizing Blue Light Protective Facial Gel Protection of electronic devices and appliances.<\/p>\n<p>INDICATED FOR: young skin from 15 years old BENEFITS: \u2013 Moisturizes the skin \u2013 Protects the skin from blue light from electronic devices and appliances. \u2013 Restores hydration \u2013 Helps maintain skin pH \u2013 Decongests and calms.<\/p>\n<p>ACTIVE ACTIVES: Aloe Vera Extract \u2013 helps rehydrate and eliminate inflammation, it is a natural remedy against burns, Dimethylmethoxychromanol \u2013 antioxidant 20 TIMES more powerful than vitamin E. defends the skin from UV radiation, Apple (Malus domestica ) and Peach (Prunus persica) \u2013 protect cell membranes, prevent the penetration of toxic heavy metals contained in the contaminated environment and unbalance the metabolism, causing the inactivation of some enzymes. Wheat (Triticum vulgare) and barley (Hordeun vulgare) \u2013 contain active substances (Inositol Phosphate) \u2013 capable of sequestering metals, preventing their toxic effects, Ginseng (Panax ginseng) \u2013 contains an effective antioxidant against free radicals. The use of this product is the responsibility of the person who consumes it and the person who recommends it.<\/p>","protected":false},"featured_media":4546,"comment_status":"open","ping_status":"closed","template":"","meta":{"inline_featured_image":false},"product_brand":[],"product_cat":[153],"product_tag":[],"class_list":{"0":"post-4452","1":"product","2":"type-product","3":"status-publish","4":"has-post-thumbnail","6":"product_cat-geles-faciales","8":"first","9":"instock","10":"shipping-taxable","11":"purchasable","12":"product-type-simple"},"yoast_head":"<!-- This site is optimized with the Yoast SEO plugin v26.0 - https:\/\/yoast.com\/wordpress\/plugins\/seo\/ -->\n<title>Protect Junior - Rinnovo<\/title>\n<meta name=\"robots\" content=\"index, follow, max-snippet:-1, max-image-preview:large, max-video-preview:-1\" \/>\n<link rel=\"canonical\" href=\"https:\/\/rinnovomedspa.com\/en\/products\/protect-junior\/\" \/>\n<meta property=\"og:locale\" content=\"en_US\" \/>\n<meta property=\"og:type\" content=\"article\" \/>\n<meta property=\"og:title\" content=\"Protect Junior - Rinnovo\" \/>\n<meta property=\"og:description\" content=\"Presentaci\u00f3n: 150ml Gel Facial Protector de Luz Azul Humectante Protecci\u00f3n de aparatos y dispositivos electr\u00f3nicos.  INDICADO PARA: piel joven a partir de los 15 a\u00f1os BENEFICIOS: \u2013 Humecta la piel \u2013 Protege la piel de la luz azul de aparatos y dispositivos electr\u00f3nicos. \u2013 Restaura la hidrataci\u00f3n \u2013 Ayuda a mantener el pH cut\u00e1neo \u2013 Descongestiona y calma.  ACTIVOS: Extracto de S\u00e1bila (Aloe vera) \u2013 ayuda a rehidratar y eliminar la inflamaci\u00f3n, es un remedio natural contra las quemaduras, Dimethylmethoxychromanol \u2013 antioxidante 20 VECES m\u00e1s potente que la vitamina E. defiende la piel de las radiaciones UV, Manzana (Malus domestica) y Durazno (Prunus p\u00e9rsica) \u2013 protegen a las membranas celulares, evitan la penetraci\u00f3n de los metales pesados t\u00f3xicos contenidos en el ambiente contaminado y desequilibren el metabolismo provocando la inactivaci\u00f3n de algunas enzimas. Trigo (Triticum vulgare) y cebada (Hordeun vulgare) \u2013 contienen sustancias activas ( Fosfato de Inositol) \u2013 capaces de secuestrar metales , previniendo sus efectos t\u00f3xico, Ginseng (Panax ginseng) \u2013 contiene un efectivo antioxidante contra radicales libres. El uso de este producto es responsabilidad de quien lo consume y de quien lo recomienda\" \/>\n<meta property=\"og:url\" content=\"https:\/\/rinnovomedspa.com\/en\/products\/protect-junior\/\" \/>\n<meta property=\"og:site_name\" content=\"Rinnovo\" \/>\n<meta property=\"article:publisher\" content=\"https:\/\/www.facebook.com\/RinnovoMedSpa\" \/>\n<meta property=\"article:modified_time\" content=\"2023-06-15T16:04:41+00:00\" \/>\n<meta property=\"og:image\" content=\"https:\/\/rinnovomedspa.com\/wp-content\/uploads\/2023\/01\/Gel_facial_protect_junior_humectante_150ml-copia.png\" \/>\n\t<meta property=\"og:image:width\" content=\"1000\" \/>\n\t<meta property=\"og:image:height\" content=\"1000\" \/>\n\t<meta property=\"og:image:type\" content=\"image\/png\" \/>\n<meta name=\"twitter:card\" content=\"summary_large_image\" \/>\n<meta name=\"twitter:label1\" content=\"Est. reading time\" \/>\n\t<meta name=\"twitter:data1\" content=\"1 minute\" \/>\n<script type=\"application\/ld+json\" class=\"yoast-schema-graph\">{\"@context\":\"https:\/\/schema.org\",\"@graph\":[{\"@type\":\"WebPage\",\"@id\":\"https:\/\/rinnovomedspa.com\/product\/protect-junior\/\",\"url\":\"https:\/\/rinnovomedspa.com\/product\/protect-junior\/\",\"name\":\"Protect Junior - Rinnovo\",\"isPartOf\":{\"@id\":\"https:\/\/rinnovomedspa.com\/#website\"},\"primaryImageOfPage\":{\"@id\":\"https:\/\/rinnovomedspa.com\/product\/protect-junior\/#primaryimage\"},\"image\":{\"@id\":\"https:\/\/rinnovomedspa.com\/product\/protect-junior\/#primaryimage\"},\"thumbnailUrl\":\"https:\/\/rinnovomedspa.com\/wp-content\/uploads\/2023\/01\/Gel_facial_protect_junior_humectante_150ml-copia.png\",\"datePublished\":\"2023-01-18T18:57:44+00:00\",\"dateModified\":\"2023-06-15T16:04:41+00:00\",\"breadcrumb\":{\"@id\":\"https:\/\/rinnovomedspa.com\/product\/protect-junior\/#breadcrumb\"},\"inLanguage\":\"en-US\",\"potentialAction\":[{\"@type\":\"ReadAction\",\"target\":[\"https:\/\/rinnovomedspa.com\/product\/protect-junior\/\"]}]},{\"@type\":\"ImageObject\",\"inLanguage\":\"en-US\",\"@id\":\"https:\/\/rinnovomedspa.com\/product\/protect-junior\/#primaryimage\",\"url\":\"https:\/\/rinnovomedspa.com\/wp-content\/uploads\/2023\/01\/Gel_facial_protect_junior_humectante_150ml-copia.png\",\"contentUrl\":\"https:\/\/rinnovomedspa.com\/wp-content\/uploads\/2023\/01\/Gel_facial_protect_junior_humectante_150ml-copia.png\",\"width\":1000,\"height\":1000},{\"@type\":\"BreadcrumbList\",\"@id\":\"https:\/\/rinnovomedspa.com\/product\/protect-junior\/#breadcrumb\",\"itemListElement\":[{\"@type\":\"ListItem\",\"position\":1,\"name\":\"Inicio\",\"item\":\"https:\/\/rinnovomedspa.com\/\"},{\"@type\":\"ListItem\",\"position\":2,\"name\":\"Nuestra Tienda\",\"item\":\"https:\/\/rinnovomedspa.com\/tienda\/\"},{\"@type\":\"ListItem\",\"position\":3,\"name\":\"Protect Junior\"}]},{\"@type\":\"WebSite\",\"@id\":\"https:\/\/rinnovomedspa.com\/#website\",\"url\":\"https:\/\/rinnovomedspa.com\/\",\"name\":\"Rinnovo Med Spa\",\"description\":\"Med Spa\",\"publisher\":{\"@id\":\"https:\/\/rinnovomedspa.com\/#organization\"},\"potentialAction\":[{\"@type\":\"SearchAction\",\"target\":{\"@type\":\"EntryPoint\",\"urlTemplate\":\"https:\/\/rinnovomedspa.com\/?s={search_term_string}\"},\"query-input\":{\"@type\":\"PropertyValueSpecification\",\"valueRequired\":true,\"valueName\":\"search_term_string\"}}],\"inLanguage\":\"en-US\"},{\"@type\":\"Organization\",\"@id\":\"https:\/\/rinnovomedspa.com\/#organization\",\"name\":\"Rinnovo Med Spa\",\"url\":\"https:\/\/rinnovomedspa.com\/\",\"logo\":{\"@type\":\"ImageObject\",\"inLanguage\":\"en-US\",\"@id\":\"https:\/\/rinnovomedspa.com\/#\/schema\/logo\/image\/\",\"url\":\"https:\/\/rinnovomedspa.com\/wp-content\/uploads\/2022\/12\/rinnovo-med-spa-logo-purpule.png\",\"contentUrl\":\"https:\/\/rinnovomedspa.com\/wp-content\/uploads\/2022\/12\/rinnovo-med-spa-logo-purpule.png\",\"width\":150,\"height\":41,\"caption\":\"Rinnovo Med Spa\"},\"image\":{\"@id\":\"https:\/\/rinnovomedspa.com\/#\/schema\/logo\/image\/\"},\"sameAs\":[\"https:\/\/www.facebook.com\/RinnovoMedSpa\"]}]}<\/script>\n<!-- \/ Yoast SEO plugin. -->","yoast_head_json":{"title":"Protect Junior - Rinnovo","robots":{"index":"index","follow":"follow","max-snippet":"max-snippet:-1","max-image-preview":"max-image-preview:large","max-video-preview":"max-video-preview:-1"},"canonical":"https:\/\/rinnovomedspa.com\/en\/products\/protect-junior\/","og_locale":"en_US","og_type":"article","og_title":"Protect Junior - Rinnovo","og_description":"Presentaci\u00f3n: 150ml Gel Facial Protector de Luz Azul Humectante Protecci\u00f3n de aparatos y dispositivos electr\u00f3nicos.  INDICADO PARA: piel joven a partir de los 15 a\u00f1os BENEFICIOS: \u2013 Humecta la piel \u2013 Protege la piel de la luz azul de aparatos y dispositivos electr\u00f3nicos. \u2013 Restaura la hidrataci\u00f3n \u2013 Ayuda a mantener el pH cut\u00e1neo \u2013 Descongestiona y calma.  ACTIVOS: Extracto de S\u00e1bila (Aloe vera) \u2013 ayuda a rehidratar y eliminar la inflamaci\u00f3n, es un remedio natural contra las quemaduras, Dimethylmethoxychromanol \u2013 antioxidante 20 VECES m\u00e1s potente que la vitamina E. defiende la piel de las radiaciones UV, Manzana (Malus domestica) y Durazno (Prunus p\u00e9rsica) \u2013 protegen a las membranas celulares, evitan la penetraci\u00f3n de los metales pesados t\u00f3xicos contenidos en el ambiente contaminado y desequilibren el metabolismo provocando la inactivaci\u00f3n de algunas enzimas. Trigo (Triticum vulgare) y cebada (Hordeun vulgare) \u2013 contienen sustancias activas ( Fosfato de Inositol) \u2013 capaces de secuestrar metales , previniendo sus efectos t\u00f3xico, Ginseng (Panax ginseng) \u2013 contiene un efectivo antioxidante contra radicales libres. El uso de este producto es responsabilidad de quien lo consume y de quien lo recomienda","og_url":"https:\/\/rinnovomedspa.com\/en\/products\/protect-junior\/","og_site_name":"Rinnovo","article_publisher":"https:\/\/www.facebook.com\/RinnovoMedSpa","article_modified_time":"2023-06-15T16:04:41+00:00","og_image":[{"width":1000,"height":1000,"url":"https:\/\/rinnovomedspa.com\/wp-content\/uploads\/2023\/01\/Gel_facial_protect_junior_humectante_150ml-copia.png","type":"image\/png"}],"twitter_card":"summary_large_image","twitter_misc":{"Est. reading time":"1 minute"},"schema":{"@context":"https:\/\/schema.org","@graph":[{"@type":"WebPage","@id":"https:\/\/rinnovomedspa.com\/product\/protect-junior\/","url":"https:\/\/rinnovomedspa.com\/product\/protect-junior\/","name":"Protect Junior - Rinnovo","isPartOf":{"@id":"https:\/\/rinnovomedspa.com\/#website"},"primaryImageOfPage":{"@id":"https:\/\/rinnovomedspa.com\/product\/protect-junior\/#primaryimage"},"image":{"@id":"https:\/\/rinnovomedspa.com\/product\/protect-junior\/#primaryimage"},"thumbnailUrl":"https:\/\/rinnovomedspa.com\/wp-content\/uploads\/2023\/01\/Gel_facial_protect_junior_humectante_150ml-copia.png","datePublished":"2023-01-18T18:57:44+00:00","dateModified":"2023-06-15T16:04:41+00:00","breadcrumb":{"@id":"https:\/\/rinnovomedspa.com\/product\/protect-junior\/#breadcrumb"},"inLanguage":"en-US","potentialAction":[{"@type":"ReadAction","target":["https:\/\/rinnovomedspa.com\/product\/protect-junior\/"]}]},{"@type":"ImageObject","inLanguage":"en-US","@id":"https:\/\/rinnovomedspa.com\/product\/protect-junior\/#primaryimage","url":"https:\/\/rinnovomedspa.com\/wp-content\/uploads\/2023\/01\/Gel_facial_protect_junior_humectante_150ml-copia.png","contentUrl":"https:\/\/rinnovomedspa.com\/wp-content\/uploads\/2023\/01\/Gel_facial_protect_junior_humectante_150ml-copia.png","width":1000,"height":1000},{"@type":"BreadcrumbList","@id":"https:\/\/rinnovomedspa.com\/product\/protect-junior\/#breadcrumb","itemListElement":[{"@type":"ListItem","position":1,"name":"Inicio","item":"https:\/\/rinnovomedspa.com\/"},{"@type":"ListItem","position":2,"name":"Nuestra Tienda","item":"https:\/\/rinnovomedspa.com\/tienda\/"},{"@type":"ListItem","position":3,"name":"Protect Junior"}]},{"@type":"WebSite","@id":"https:\/\/rinnovomedspa.com\/#website","url":"https:\/\/rinnovomedspa.com\/","name":"Rinnovo Med Spa","description":"med-spa","publisher":{"@id":"https:\/\/rinnovomedspa.com\/#organization"},"potentialAction":[{"@type":"SearchAction","target":{"@type":"EntryPoint","urlTemplate":"https:\/\/rinnovomedspa.com\/?s={search_term_string}"},"query-input":{"@type":"PropertyValueSpecification","valueRequired":true,"valueName":"search_term_string"}}],"inLanguage":"en-US"},{"@type":"Organization","@id":"https:\/\/rinnovomedspa.com\/#organization","name":"Rinnovo Med Spa","url":"https:\/\/rinnovomedspa.com\/","logo":{"@type":"ImageObject","inLanguage":"en-US","@id":"https:\/\/rinnovomedspa.com\/#\/schema\/logo\/image\/","url":"https:\/\/rinnovomedspa.com\/wp-content\/uploads\/2022\/12\/rinnovo-med-spa-logo-purpule.png","contentUrl":"https:\/\/rinnovomedspa.com\/wp-content\/uploads\/2022\/12\/rinnovo-med-spa-logo-purpule.png","width":150,"height":41,"caption":"Rinnovo Med Spa"},"image":{"@id":"https:\/\/rinnovomedspa.com\/#\/schema\/logo\/image\/"},"sameAs":["https:\/\/www.facebook.com\/RinnovoMedSpa"]}]}},"_links":{"self":[{"href":"https:\/\/rinnovomedspa.com\/en\/wp-json\/wp\/v2\/product\/4452","targetHints":{"allow":["GET"]}}],"collection":[{"href":"https:\/\/rinnovomedspa.com\/en\/wp-json\/wp\/v2\/product"}],"about":[{"href":"https:\/\/rinnovomedspa.com\/en\/wp-json\/wp\/v2\/types\/product"}],"replies":[{"embeddable":true,"href":"https:\/\/rinnovomedspa.com\/en\/wp-json\/wp\/v2\/comments?post=4452"}],"wp:featuredmedia":[{"embeddable":true,"href":"https:\/\/rinnovomedspa.com\/en\/wp-json\/wp\/v2\/media\/4546"}],"wp:attachment":[{"href":"https:\/\/rinnovomedspa.com\/en\/wp-json\/wp\/v2\/media?parent=4452"}],"wp:term":[{"taxonomy":"product_brand","embeddable":true,"href":"https:\/\/rinnovomedspa.com\/en\/wp-json\/wp\/v2\/product_brand?post=4452"},{"taxonomy":"product_cat","embeddable":true,"href":"https:\/\/rinnovomedspa.com\/en\/wp-json\/wp\/v2\/product_cat?post=4452"},{"taxonomy":"product_tag","embeddable":true,"href":"https:\/\/rinnovomedspa.com\/en\/wp-json\/wp\/v2\/product_tag?post=4452"}],"curies":[{"name":"wp","href":"https:\/\/api.w.org\/{rel}","templated":true}]}}