{"id":4451,"date":"2023-01-18T18:57:44","date_gmt":"2023-01-18T18:57:44","guid":{"rendered":"https:\/\/rinnovomedspa.com\/?post_type=product&#038;p=4451"},"modified":"2023-01-18T21:59:29","modified_gmt":"2023-01-18T21:59:29","slug":"oishi-ultra-lift","status":"publish","type":"product","link":"https:\/\/rinnovomedspa.com\/en\/product\/oishi-ultra-lift\/","title":{"rendered":"Oishi Ultralift"},"content":{"rendered":"<p>Presentation: 150ml Facial Lotion with Stem Cells &amp; H + Regenerating Lifting, improves elasticity and correct collagen production<\/p>\n<p>INDICATED FOR: Aging skin, expression lines and sagging. Dehydrated and devitalized mature skin from 60+ Preserves cell metabolism and compensates for changes caused by ageing, UV radiation, pollution and stress. Filling effect, fades expression lines, regenerating and firming.<\/p>\n<p>BENEFITS: Reduces the signs of aging such as fine lines and wrinkles Redensifies and increases the thickness of the skin. Stimulates the production of collagen, fibronectin and the proteins involved in the three-dimensional formation of the extracellular matrix Decreases muscle contraction and promotes the synthesis of dermal fibers Clinical tests with ultrasound show that the extract is capable of reversing the appearance of skin for up to 10 years skin in two months<\/p>\n<p>ASSETS: Celery Cellular Factor Concentrate \u2013 with great redensifying power for the dermis. Vitamin C \u2013 antioxidant, Amethyst Extract, Lecticin. Suggestion: in case of skin with premature aging, it can be recommended for earlier ages. The use of this product is the responsibility of whoever consumes it and whoever recommends it.<\/p>","protected":false},"excerpt":{"rendered":"<p>Presentation: 150ml Facial Lotion with Stem Cells &amp; H + Regenerating Lifting, improves elasticity and correct collagen production<\/p>\n<p>INDICATED FOR: Aging skin, expression lines and sagging. Dehydrated and devitalized mature skin from 60+ Preserves cell metabolism and compensates for changes caused by ageing, UV radiation, pollution and stress. Filling effect, fades expression lines, regenerating and firming.<\/p>\n<p>BENEFITS: Reduces the signs of aging such as fine lines and wrinkles Redensifies and increases the thickness of the skin. Stimulates the production of collagen, fibronectin and the proteins involved in the three-dimensional formation of the extracellular matrix Decreases muscle contraction and promotes the synthesis of dermal fibers Clinical tests with ultrasound show that the extract is capable of reversing the appearance of skin for up to 10 years skin in two months<\/p>\n<p>ASSETS: Celery Cellular Factor Concentrate \u2013 with great redensifying power for the dermis. Vitamin C \u2013 antioxidant, Amethyst Extract, Lecticin. Suggestion: in case of skin with premature aging, it can be recommended for earlier ages. The use of this product is the responsibility of whoever consumes it and whoever recommends it.<\/p>","protected":false},"featured_media":4543,"comment_status":"open","ping_status":"closed","template":"","meta":{"inline_featured_image":false},"product_brand":[],"product_cat":[152],"product_tag":[],"class_list":{"0":"post-4451","1":"product","2":"type-product","3":"status-publish","4":"has-post-thumbnail","6":"product_cat-fluidos-y-sueros","8":"first","9":"instock","10":"shipping-taxable","11":"purchasable","12":"product-type-simple"},"yoast_head":"<!-- This site is optimized with the Yoast SEO plugin v27.4 - https:\/\/yoast.com\/product\/yoast-seo-wordpress\/ -->\n<title>Oishi Ultra Lift - Rinnovo<\/title>\n<meta name=\"robots\" content=\"index, follow, max-snippet:-1, max-image-preview:large, max-video-preview:-1\" \/>\n<link rel=\"canonical\" href=\"https:\/\/rinnovomedspa.com\/en\/products\/oishi-ultra-lift\/\" \/>\n<meta property=\"og:locale\" content=\"en_US\" \/>\n<meta property=\"og:type\" content=\"article\" \/>\n<meta property=\"og:title\" content=\"Oishi Ultra Lift - Rinnovo\" \/>\n<meta property=\"og:description\" content=\"Presentaci\u00f3n: 150ml Loci\u00f3n facial con C\u00e9lulas Madre &amp; H + Lifting Regenerante, mejora la Elasticidad y la correcta producci\u00f3n de col\u00e1geno  INDICADO PARA: Piel con Envejecimiento, L\u00edneas de expresi\u00f3n y Flacidez. Piel madura deshidratada y desvitalizada a partir de 60+ Conserva el metabolismo celular y compensa los cambios producidos por el envejecimiento, las radiaciones UV, la contaminaci\u00f3n y el estr\u00e9s. Efecto relleno, desvanece l\u00edneas de expresi\u00f3n, regenerante y reafirmante.  BENEFICIOS: Reduce los signos de la edad como l\u00edneas finas y arrugas Redensifica y aumenta el espesor de la piel. Estimula la producci\u00f3n de Col\u00e1geno, FIbronectina y las prote\u00ednas que intervienen en la formaci\u00f3n tridimensional de la matriz extracelular Disminuye la contracci\u00f3n muscular y promueve la s\u00edntesis de fibras d\u00e9rmicas Pruebas cl\u00ednicas con ultrasonido demuestran que el extracto es capaz de revertir hasta 10 a\u00f1os la apariencia de la piel en dos meses  ACTIVOS: Concentrado de Factores Celulares de Apio \u2013 con gran poder redensificante de la dermis. Vitamina C \u2013 antioxidante, Extracto de Amatista, Lecticina. Sugerencia: en caso de pieles con envejecimiento prematuro se puede recomendar para edades mas tempranas El uso de este producto es responsabilidad de quien lo consume y de quien lo recomienda.\" \/>\n<meta property=\"og:url\" content=\"https:\/\/rinnovomedspa.com\/en\/products\/oishi-ultra-lift\/\" \/>\n<meta property=\"og:site_name\" content=\"Rinnovo\" \/>\n<meta property=\"article:publisher\" content=\"https:\/\/www.facebook.com\/RinnovoMedSpa\" \/>\n<meta property=\"article:modified_time\" content=\"2023-01-18T21:59:29+00:00\" \/>\n<meta property=\"og:image\" content=\"https:\/\/rinnovomedspa.com\/wp-content\/uploads\/2023\/01\/Locion_facial_oishi_ultra_lift_antioxidante_150ml.png\" \/>\n\t<meta property=\"og:image:width\" content=\"1000\" \/>\n\t<meta property=\"og:image:height\" content=\"1000\" \/>\n\t<meta property=\"og:image:type\" content=\"image\/png\" \/>\n<meta name=\"twitter:card\" content=\"summary_large_image\" \/>\n<meta name=\"twitter:label1\" content=\"Est. reading time\" \/>\n\t<meta name=\"twitter:data1\" content=\"1 minute\" \/>\n<script type=\"application\/ld+json\" class=\"yoast-schema-graph\">{\"@context\":\"https:\\\/\\\/schema.org\",\"@graph\":[{\"@type\":\"WebPage\",\"@id\":\"https:\\\/\\\/rinnovomedspa.com\\\/product\\\/oishi-ultra-lift\\\/\",\"url\":\"https:\\\/\\\/rinnovomedspa.com\\\/product\\\/oishi-ultra-lift\\\/\",\"name\":\"Oishi Ultra Lift - Rinnovo\",\"isPartOf\":{\"@id\":\"https:\\\/\\\/rinnovomedspa.com\\\/#website\"},\"primaryImageOfPage\":{\"@id\":\"https:\\\/\\\/rinnovomedspa.com\\\/product\\\/oishi-ultra-lift\\\/#primaryimage\"},\"image\":{\"@id\":\"https:\\\/\\\/rinnovomedspa.com\\\/product\\\/oishi-ultra-lift\\\/#primaryimage\"},\"thumbnailUrl\":\"https:\\\/\\\/rinnovomedspa.com\\\/wp-content\\\/uploads\\\/2023\\\/01\\\/Locion_facial_oishi_ultra_lift_antioxidante_150ml.png\",\"datePublished\":\"2023-01-18T18:57:44+00:00\",\"dateModified\":\"2023-01-18T21:59:29+00:00\",\"breadcrumb\":{\"@id\":\"https:\\\/\\\/rinnovomedspa.com\\\/product\\\/oishi-ultra-lift\\\/#breadcrumb\"},\"inLanguage\":\"en-US\",\"potentialAction\":[{\"@type\":\"ReadAction\",\"target\":[\"https:\\\/\\\/rinnovomedspa.com\\\/product\\\/oishi-ultra-lift\\\/\"]}]},{\"@type\":\"ImageObject\",\"inLanguage\":\"en-US\",\"@id\":\"https:\\\/\\\/rinnovomedspa.com\\\/product\\\/oishi-ultra-lift\\\/#primaryimage\",\"url\":\"https:\\\/\\\/rinnovomedspa.com\\\/wp-content\\\/uploads\\\/2023\\\/01\\\/Locion_facial_oishi_ultra_lift_antioxidante_150ml.png\",\"contentUrl\":\"https:\\\/\\\/rinnovomedspa.com\\\/wp-content\\\/uploads\\\/2023\\\/01\\\/Locion_facial_oishi_ultra_lift_antioxidante_150ml.png\",\"width\":1000,\"height\":1000},{\"@type\":\"BreadcrumbList\",\"@id\":\"https:\\\/\\\/rinnovomedspa.com\\\/product\\\/oishi-ultra-lift\\\/#breadcrumb\",\"itemListElement\":[{\"@type\":\"ListItem\",\"position\":1,\"name\":\"Inicio\",\"item\":\"https:\\\/\\\/rinnovomedspa.com\\\/\"},{\"@type\":\"ListItem\",\"position\":2,\"name\":\"Nuestra Tienda\",\"item\":\"https:\\\/\\\/rinnovomedspa.com\\\/tienda\\\/\"},{\"@type\":\"ListItem\",\"position\":3,\"name\":\"Oishi Ultra Lift\"}]},{\"@type\":\"WebSite\",\"@id\":\"https:\\\/\\\/rinnovomedspa.com\\\/#website\",\"url\":\"https:\\\/\\\/rinnovomedspa.com\\\/\",\"name\":\"Rinnovo Med Spa\",\"description\":\"Med Spa\",\"publisher\":{\"@id\":\"https:\\\/\\\/rinnovomedspa.com\\\/#organization\"},\"potentialAction\":[{\"@type\":\"SearchAction\",\"target\":{\"@type\":\"EntryPoint\",\"urlTemplate\":\"https:\\\/\\\/rinnovomedspa.com\\\/?s={search_term_string}\"},\"query-input\":{\"@type\":\"PropertyValueSpecification\",\"valueRequired\":true,\"valueName\":\"search_term_string\"}}],\"inLanguage\":\"en-US\"},{\"@type\":\"Organization\",\"@id\":\"https:\\\/\\\/rinnovomedspa.com\\\/#organization\",\"name\":\"Rinnovo Med Spa\",\"url\":\"https:\\\/\\\/rinnovomedspa.com\\\/\",\"logo\":{\"@type\":\"ImageObject\",\"inLanguage\":\"en-US\",\"@id\":\"https:\\\/\\\/rinnovomedspa.com\\\/#\\\/schema\\\/logo\\\/image\\\/\",\"url\":\"https:\\\/\\\/rinnovomedspa.com\\\/wp-content\\\/uploads\\\/2022\\\/12\\\/rinnovo-med-spa-logo-purpule.png\",\"contentUrl\":\"https:\\\/\\\/rinnovomedspa.com\\\/wp-content\\\/uploads\\\/2022\\\/12\\\/rinnovo-med-spa-logo-purpule.png\",\"width\":150,\"height\":41,\"caption\":\"Rinnovo Med Spa\"},\"image\":{\"@id\":\"https:\\\/\\\/rinnovomedspa.com\\\/#\\\/schema\\\/logo\\\/image\\\/\"},\"sameAs\":[\"https:\\\/\\\/www.facebook.com\\\/RinnovoMedSpa\"]}]}<\/script>\n<!-- \/ Yoast SEO plugin. -->","yoast_head_json":{"title":"Oishi Ultra Lift - Rinnovo","robots":{"index":"index","follow":"follow","max-snippet":"max-snippet:-1","max-image-preview":"max-image-preview:large","max-video-preview":"max-video-preview:-1"},"canonical":"https:\/\/rinnovomedspa.com\/en\/products\/oishi-ultra-lift\/","og_locale":"en_US","og_type":"article","og_title":"Oishi Ultra Lift - Rinnovo","og_description":"Presentaci\u00f3n: 150ml Loci\u00f3n facial con C\u00e9lulas Madre &amp; H + Lifting Regenerante, mejora la Elasticidad y la correcta producci\u00f3n de col\u00e1geno  INDICADO PARA: Piel con Envejecimiento, L\u00edneas de expresi\u00f3n y Flacidez. Piel madura deshidratada y desvitalizada a partir de 60+ Conserva el metabolismo celular y compensa los cambios producidos por el envejecimiento, las radiaciones UV, la contaminaci\u00f3n y el estr\u00e9s. Efecto relleno, desvanece l\u00edneas de expresi\u00f3n, regenerante y reafirmante.  BENEFICIOS: Reduce los signos de la edad como l\u00edneas finas y arrugas Redensifica y aumenta el espesor de la piel. Estimula la producci\u00f3n de Col\u00e1geno, FIbronectina y las prote\u00ednas que intervienen en la formaci\u00f3n tridimensional de la matriz extracelular Disminuye la contracci\u00f3n muscular y promueve la s\u00edntesis de fibras d\u00e9rmicas Pruebas cl\u00ednicas con ultrasonido demuestran que el extracto es capaz de revertir hasta 10 a\u00f1os la apariencia de la piel en dos meses  ACTIVOS: Concentrado de Factores Celulares de Apio \u2013 con gran poder redensificante de la dermis. Vitamina C \u2013 antioxidante, Extracto de Amatista, Lecticina. Sugerencia: en caso de pieles con envejecimiento prematuro se puede recomendar para edades mas tempranas El uso de este producto es responsabilidad de quien lo consume y de quien lo recomienda.","og_url":"https:\/\/rinnovomedspa.com\/en\/products\/oishi-ultra-lift\/","og_site_name":"Rinnovo","article_publisher":"https:\/\/www.facebook.com\/RinnovoMedSpa","article_modified_time":"2023-01-18T21:59:29+00:00","og_image":[{"width":1000,"height":1000,"url":"https:\/\/rinnovomedspa.com\/wp-content\/uploads\/2023\/01\/Locion_facial_oishi_ultra_lift_antioxidante_150ml.png","type":"image\/png"}],"twitter_card":"summary_large_image","twitter_misc":{"Est. reading time":"1 minute"},"schema":{"@context":"https:\/\/schema.org","@graph":[{"@type":"WebPage","@id":"https:\/\/rinnovomedspa.com\/product\/oishi-ultra-lift\/","url":"https:\/\/rinnovomedspa.com\/product\/oishi-ultra-lift\/","name":"Oishi Ultra Lift - Rinnovo","isPartOf":{"@id":"https:\/\/rinnovomedspa.com\/#website"},"primaryImageOfPage":{"@id":"https:\/\/rinnovomedspa.com\/product\/oishi-ultra-lift\/#primaryimage"},"image":{"@id":"https:\/\/rinnovomedspa.com\/product\/oishi-ultra-lift\/#primaryimage"},"thumbnailUrl":"https:\/\/rinnovomedspa.com\/wp-content\/uploads\/2023\/01\/Locion_facial_oishi_ultra_lift_antioxidante_150ml.png","datePublished":"2023-01-18T18:57:44+00:00","dateModified":"2023-01-18T21:59:29+00:00","breadcrumb":{"@id":"https:\/\/rinnovomedspa.com\/product\/oishi-ultra-lift\/#breadcrumb"},"inLanguage":"en-US","potentialAction":[{"@type":"ReadAction","target":["https:\/\/rinnovomedspa.com\/product\/oishi-ultra-lift\/"]}]},{"@type":"ImageObject","inLanguage":"en-US","@id":"https:\/\/rinnovomedspa.com\/product\/oishi-ultra-lift\/#primaryimage","url":"https:\/\/rinnovomedspa.com\/wp-content\/uploads\/2023\/01\/Locion_facial_oishi_ultra_lift_antioxidante_150ml.png","contentUrl":"https:\/\/rinnovomedspa.com\/wp-content\/uploads\/2023\/01\/Locion_facial_oishi_ultra_lift_antioxidante_150ml.png","width":1000,"height":1000},{"@type":"BreadcrumbList","@id":"https:\/\/rinnovomedspa.com\/product\/oishi-ultra-lift\/#breadcrumb","itemListElement":[{"@type":"ListItem","position":1,"name":"Inicio","item":"https:\/\/rinnovomedspa.com\/"},{"@type":"ListItem","position":2,"name":"Nuestra Tienda","item":"https:\/\/rinnovomedspa.com\/tienda\/"},{"@type":"ListItem","position":3,"name":"Oishi Ultra Lift"}]},{"@type":"WebSite","@id":"https:\/\/rinnovomedspa.com\/#website","url":"https:\/\/rinnovomedspa.com\/","name":"Rinnovo Med Spa","description":"med-spa","publisher":{"@id":"https:\/\/rinnovomedspa.com\/#organization"},"potentialAction":[{"@type":"SearchAction","target":{"@type":"EntryPoint","urlTemplate":"https:\/\/rinnovomedspa.com\/?s={search_term_string}"},"query-input":{"@type":"PropertyValueSpecification","valueRequired":true,"valueName":"search_term_string"}}],"inLanguage":"en-US"},{"@type":"Organization","@id":"https:\/\/rinnovomedspa.com\/#organization","name":"Rinnovo Med Spa","url":"https:\/\/rinnovomedspa.com\/","logo":{"@type":"ImageObject","inLanguage":"en-US","@id":"https:\/\/rinnovomedspa.com\/#\/schema\/logo\/image\/","url":"https:\/\/rinnovomedspa.com\/wp-content\/uploads\/2022\/12\/rinnovo-med-spa-logo-purpule.png","contentUrl":"https:\/\/rinnovomedspa.com\/wp-content\/uploads\/2022\/12\/rinnovo-med-spa-logo-purpule.png","width":150,"height":41,"caption":"Rinnovo Med Spa"},"image":{"@id":"https:\/\/rinnovomedspa.com\/#\/schema\/logo\/image\/"},"sameAs":["https:\/\/www.facebook.com\/RinnovoMedSpa"]}]}},"_links":{"self":[{"href":"https:\/\/rinnovomedspa.com\/en\/wp-json\/wp\/v2\/product\/4451","targetHints":{"allow":["GET"]}}],"collection":[{"href":"https:\/\/rinnovomedspa.com\/en\/wp-json\/wp\/v2\/product"}],"about":[{"href":"https:\/\/rinnovomedspa.com\/en\/wp-json\/wp\/v2\/types\/product"}],"replies":[{"embeddable":true,"href":"https:\/\/rinnovomedspa.com\/en\/wp-json\/wp\/v2\/comments?post=4451"}],"wp:featuredmedia":[{"embeddable":true,"href":"https:\/\/rinnovomedspa.com\/en\/wp-json\/wp\/v2\/media\/4543"}],"wp:attachment":[{"href":"https:\/\/rinnovomedspa.com\/en\/wp-json\/wp\/v2\/media?parent=4451"}],"wp:term":[{"taxonomy":"product_brand","embeddable":true,"href":"https:\/\/rinnovomedspa.com\/en\/wp-json\/wp\/v2\/product_brand?post=4451"},{"taxonomy":"product_cat","embeddable":true,"href":"https:\/\/rinnovomedspa.com\/en\/wp-json\/wp\/v2\/product_cat?post=4451"},{"taxonomy":"product_tag","embeddable":true,"href":"https:\/\/rinnovomedspa.com\/en\/wp-json\/wp\/v2\/product_tag?post=4451"}],"curies":[{"name":"wp","href":"https:\/\/api.w.org\/{rel}","templated":true}]}}