{"id":4447,"date":"2023-01-18T18:57:44","date_gmt":"2023-01-18T18:57:44","guid":{"rendered":"https:\/\/rinnovomedspa.com\/?post_type=product&#038;p=4447"},"modified":"2023-06-15T16:22:24","modified_gmt":"2023-06-15T16:22:24","slug":"collagen-hy","status":"publish","type":"product","link":"https:\/\/rinnovomedspa.com\/en\/products\/collagen-hy\/","title":{"rendered":"Collagen + HY"},"content":{"rendered":"<p>PRESENTATION: 150ml Facial lotion with Collagen and Hyaluronic Acid with high and low molecular weight<\/p>\n<p>INDICATED FOR: Dehydrated oily skin<\/p>\n<p>BENEFITS: Improves skin firmness, intensive hydration and greater moisturization 30+. The active PGA, in addition to hydrating by promoting the neosynthesis of HY, improves skin firmness. Its continuous use reduces wrinkles up to 35%<\/p>\n<p>ACTIVE ACTIVES: High and low molecular weight PGA, Native Collagen \u2013 reduces the depth of wrinkles, Antioxidant Vitamin E, prevents the formation of free radicals, Riboflavin \u2013 energizing, Filaggrin \u2013 moisturizing. Recommendations: in the case of prematurely aging skin, it can be recommended for younger ages. The use of this product is the responsibility of the person who consumes it and the person who recommends it.<\/p>","protected":false},"excerpt":{"rendered":"<p>PRESENTATION: 150ml Facial lotion with Collagen and Hyaluronic Acid with high and low molecular weight<\/p>\n<p>INDICATED FOR: Dehydrated oily skin<\/p>\n<p>BENEFITS: Improves skin firmness, intensive hydration and greater moisturization 30+. The active PGA, in addition to hydrating by promoting the neosynthesis of HY, improves skin firmness. Its continuous use reduces wrinkles up to 35%<\/p>\n<p>ACTIVE ACTIVES: High and low molecular weight PGA, Native Collagen \u2013 reduces the depth of wrinkles, Antioxidant Vitamin E, prevents the formation of free radicals, Riboflavin \u2013 energizing, Filaggrin \u2013 moisturizing. Recommendations: in the case of prematurely aging skin, it can be recommended for younger ages. The use of this product is the responsibility of the person who consumes it and the person who recommends it.<\/p>","protected":false},"featured_media":4583,"comment_status":"open","ping_status":"closed","template":"","meta":{"inline_featured_image":false},"product_brand":[],"product_cat":[152],"product_tag":[],"class_list":{"0":"post-4447","1":"product","2":"type-product","3":"status-publish","4":"has-post-thumbnail","6":"product_cat-fluidos-y-sueros","8":"first","9":"instock","10":"shipping-taxable","11":"purchasable","12":"product-type-simple"},"yoast_head":"<!-- This site is optimized with the Yoast SEO plugin v26.0 - https:\/\/yoast.com\/wordpress\/plugins\/seo\/ -->\n<title>Col\u00e1geno + HY - Rinnovo<\/title>\n<meta name=\"robots\" content=\"index, follow, max-snippet:-1, max-image-preview:large, max-video-preview:-1\" \/>\n<link rel=\"canonical\" href=\"https:\/\/rinnovomedspa.com\/en\/products\/collagen-hy\/\" \/>\n<meta property=\"og:locale\" content=\"en_US\" \/>\n<meta property=\"og:type\" content=\"article\" \/>\n<meta property=\"og:title\" content=\"Col\u00e1geno + HY - Rinnovo\" \/>\n<meta property=\"og:description\" content=\"PRESENTACI\u00d3N: 150ml Loci\u00f3n facial con Col\u00e1geno y \u00c1cido Hialur\u00f3nico con alto y bajo peso molecular  INDICADO PARA: Piel grasa deshidratada  BENEFICIOS: Mejora la firmeza de la piel, hidrataci\u00f3n intensiva y mayor humectaci\u00f3n 30+, El activo PGA adem\u00e1s de hidratar promoviendo la neos\u00edntesis de HY mejora la firmeza de la piel. Su uso continuo reduce las arrugas hasta un 35%  ACTIVOS: PGA alto y bajo peso molecular, Col\u00e1geno Nativo \u2013 disminuye la profundidad de las arrugas, Vitamina E Antioxidante, evita la formaci\u00f3n de radicales libres, Riboflavina \u2013 energizante, Filagrina \u2013 humectante. Recomendaciones: en caso de pieles con envejecimiento prematuro se puede recomendar para edades mas tempranas El uso de este producto es responsabilidad de quien lo consume y de quien lo recomienda.\" \/>\n<meta property=\"og:url\" content=\"https:\/\/rinnovomedspa.com\/en\/products\/collagen-hy\/\" \/>\n<meta property=\"og:site_name\" content=\"Rinnovo\" \/>\n<meta property=\"article:publisher\" content=\"https:\/\/www.facebook.com\/RinnovoMedSpa\" \/>\n<meta property=\"article:modified_time\" content=\"2023-06-15T16:22:24+00:00\" \/>\n<meta property=\"og:image\" content=\"https:\/\/rinnovomedspa.com\/wp-content\/uploads\/2023\/01\/Locion_facial_colageno_hy_piel_madura.png\" \/>\n\t<meta property=\"og:image:width\" content=\"1000\" \/>\n\t<meta property=\"og:image:height\" content=\"1000\" \/>\n\t<meta property=\"og:image:type\" content=\"image\/png\" \/>\n<meta name=\"twitter:card\" content=\"summary_large_image\" \/>\n<meta name=\"twitter:label1\" content=\"Est. reading time\" \/>\n\t<meta name=\"twitter:data1\" content=\"1 minute\" \/>\n<script type=\"application\/ld+json\" class=\"yoast-schema-graph\">{\"@context\":\"https:\/\/schema.org\",\"@graph\":[{\"@type\":\"WebPage\",\"@id\":\"https:\/\/rinnovomedspa.com\/product\/colageno-hy\/\",\"url\":\"https:\/\/rinnovomedspa.com\/product\/colageno-hy\/\",\"name\":\"Col\u00e1geno + HY - Rinnovo\",\"isPartOf\":{\"@id\":\"https:\/\/rinnovomedspa.com\/#website\"},\"primaryImageOfPage\":{\"@id\":\"https:\/\/rinnovomedspa.com\/product\/colageno-hy\/#primaryimage\"},\"image\":{\"@id\":\"https:\/\/rinnovomedspa.com\/product\/colageno-hy\/#primaryimage\"},\"thumbnailUrl\":\"https:\/\/rinnovomedspa.com\/wp-content\/uploads\/2023\/01\/Locion_facial_colageno_hy_piel_madura.png\",\"datePublished\":\"2023-01-18T18:57:44+00:00\",\"dateModified\":\"2023-06-15T16:22:24+00:00\",\"breadcrumb\":{\"@id\":\"https:\/\/rinnovomedspa.com\/product\/colageno-hy\/#breadcrumb\"},\"inLanguage\":\"en-US\",\"potentialAction\":[{\"@type\":\"ReadAction\",\"target\":[\"https:\/\/rinnovomedspa.com\/product\/colageno-hy\/\"]}]},{\"@type\":\"ImageObject\",\"inLanguage\":\"en-US\",\"@id\":\"https:\/\/rinnovomedspa.com\/product\/colageno-hy\/#primaryimage\",\"url\":\"https:\/\/rinnovomedspa.com\/wp-content\/uploads\/2023\/01\/Locion_facial_colageno_hy_piel_madura.png\",\"contentUrl\":\"https:\/\/rinnovomedspa.com\/wp-content\/uploads\/2023\/01\/Locion_facial_colageno_hy_piel_madura.png\",\"width\":1000,\"height\":1000},{\"@type\":\"BreadcrumbList\",\"@id\":\"https:\/\/rinnovomedspa.com\/product\/colageno-hy\/#breadcrumb\",\"itemListElement\":[{\"@type\":\"ListItem\",\"position\":1,\"name\":\"Inicio\",\"item\":\"https:\/\/rinnovomedspa.com\/\"},{\"@type\":\"ListItem\",\"position\":2,\"name\":\"Nuestra Tienda\",\"item\":\"https:\/\/rinnovomedspa.com\/tienda\/\"},{\"@type\":\"ListItem\",\"position\":3,\"name\":\"Col\u00e1geno + HY\"}]},{\"@type\":\"WebSite\",\"@id\":\"https:\/\/rinnovomedspa.com\/#website\",\"url\":\"https:\/\/rinnovomedspa.com\/\",\"name\":\"Rinnovo Med Spa\",\"description\":\"Med Spa\",\"publisher\":{\"@id\":\"https:\/\/rinnovomedspa.com\/#organization\"},\"potentialAction\":[{\"@type\":\"SearchAction\",\"target\":{\"@type\":\"EntryPoint\",\"urlTemplate\":\"https:\/\/rinnovomedspa.com\/?s={search_term_string}\"},\"query-input\":{\"@type\":\"PropertyValueSpecification\",\"valueRequired\":true,\"valueName\":\"search_term_string\"}}],\"inLanguage\":\"en-US\"},{\"@type\":\"Organization\",\"@id\":\"https:\/\/rinnovomedspa.com\/#organization\",\"name\":\"Rinnovo Med Spa\",\"url\":\"https:\/\/rinnovomedspa.com\/\",\"logo\":{\"@type\":\"ImageObject\",\"inLanguage\":\"en-US\",\"@id\":\"https:\/\/rinnovomedspa.com\/#\/schema\/logo\/image\/\",\"url\":\"https:\/\/rinnovomedspa.com\/wp-content\/uploads\/2022\/12\/rinnovo-med-spa-logo-purpule.png\",\"contentUrl\":\"https:\/\/rinnovomedspa.com\/wp-content\/uploads\/2022\/12\/rinnovo-med-spa-logo-purpule.png\",\"width\":150,\"height\":41,\"caption\":\"Rinnovo Med Spa\"},\"image\":{\"@id\":\"https:\/\/rinnovomedspa.com\/#\/schema\/logo\/image\/\"},\"sameAs\":[\"https:\/\/www.facebook.com\/RinnovoMedSpa\"]}]}<\/script>\n<!-- \/ Yoast SEO plugin. -->","yoast_head_json":{"title":"Collagen + HY - Rinnovo","robots":{"index":"index","follow":"follow","max-snippet":"max-snippet:-1","max-image-preview":"max-image-preview:large","max-video-preview":"max-video-preview:-1"},"canonical":"https:\/\/rinnovomedspa.com\/en\/products\/collagen-hy\/","og_locale":"en_US","og_type":"article","og_title":"Col\u00e1geno + HY - Rinnovo","og_description":"PRESENTACI\u00d3N: 150ml Loci\u00f3n facial con Col\u00e1geno y \u00c1cido Hialur\u00f3nico con alto y bajo peso molecular  INDICADO PARA: Piel grasa deshidratada  BENEFICIOS: Mejora la firmeza de la piel, hidrataci\u00f3n intensiva y mayor humectaci\u00f3n 30+, El activo PGA adem\u00e1s de hidratar promoviendo la neos\u00edntesis de HY mejora la firmeza de la piel. Su uso continuo reduce las arrugas hasta un 35%  ACTIVOS: PGA alto y bajo peso molecular, Col\u00e1geno Nativo \u2013 disminuye la profundidad de las arrugas, Vitamina E Antioxidante, evita la formaci\u00f3n de radicales libres, Riboflavina \u2013 energizante, Filagrina \u2013 humectante. Recomendaciones: en caso de pieles con envejecimiento prematuro se puede recomendar para edades mas tempranas El uso de este producto es responsabilidad de quien lo consume y de quien lo recomienda.","og_url":"https:\/\/rinnovomedspa.com\/en\/products\/collagen-hy\/","og_site_name":"Rinnovo","article_publisher":"https:\/\/www.facebook.com\/RinnovoMedSpa","article_modified_time":"2023-06-15T16:22:24+00:00","og_image":[{"width":1000,"height":1000,"url":"https:\/\/rinnovomedspa.com\/wp-content\/uploads\/2023\/01\/Locion_facial_colageno_hy_piel_madura.png","type":"image\/png"}],"twitter_card":"summary_large_image","twitter_misc":{"Est. reading time":"1 minute"},"schema":{"@context":"https:\/\/schema.org","@graph":[{"@type":"WebPage","@id":"https:\/\/rinnovomedspa.com\/product\/colageno-hy\/","url":"https:\/\/rinnovomedspa.com\/product\/colageno-hy\/","name":"Collagen + HY - Rinnovo","isPartOf":{"@id":"https:\/\/rinnovomedspa.com\/#website"},"primaryImageOfPage":{"@id":"https:\/\/rinnovomedspa.com\/product\/colageno-hy\/#primaryimage"},"image":{"@id":"https:\/\/rinnovomedspa.com\/product\/colageno-hy\/#primaryimage"},"thumbnailUrl":"https:\/\/rinnovomedspa.com\/wp-content\/uploads\/2023\/01\/Locion_facial_colageno_hy_piel_madura.png","datePublished":"2023-01-18T18:57:44+00:00","dateModified":"2023-06-15T16:22:24+00:00","breadcrumb":{"@id":"https:\/\/rinnovomedspa.com\/product\/colageno-hy\/#breadcrumb"},"inLanguage":"en-US","potentialAction":[{"@type":"ReadAction","target":["https:\/\/rinnovomedspa.com\/product\/colageno-hy\/"]}]},{"@type":"ImageObject","inLanguage":"en-US","@id":"https:\/\/rinnovomedspa.com\/product\/colageno-hy\/#primaryimage","url":"https:\/\/rinnovomedspa.com\/wp-content\/uploads\/2023\/01\/Locion_facial_colageno_hy_piel_madura.png","contentUrl":"https:\/\/rinnovomedspa.com\/wp-content\/uploads\/2023\/01\/Locion_facial_colageno_hy_piel_madura.png","width":1000,"height":1000},{"@type":"BreadcrumbList","@id":"https:\/\/rinnovomedspa.com\/product\/colageno-hy\/#breadcrumb","itemListElement":[{"@type":"ListItem","position":1,"name":"Inicio","item":"https:\/\/rinnovomedspa.com\/"},{"@type":"ListItem","position":2,"name":"Nuestra Tienda","item":"https:\/\/rinnovomedspa.com\/tienda\/"},{"@type":"ListItem","position":3,"name":"Col\u00e1geno + HY"}]},{"@type":"WebSite","@id":"https:\/\/rinnovomedspa.com\/#website","url":"https:\/\/rinnovomedspa.com\/","name":"Rinnovo Med Spa","description":"med-spa","publisher":{"@id":"https:\/\/rinnovomedspa.com\/#organization"},"potentialAction":[{"@type":"SearchAction","target":{"@type":"EntryPoint","urlTemplate":"https:\/\/rinnovomedspa.com\/?s={search_term_string}"},"query-input":{"@type":"PropertyValueSpecification","valueRequired":true,"valueName":"search_term_string"}}],"inLanguage":"en-US"},{"@type":"Organization","@id":"https:\/\/rinnovomedspa.com\/#organization","name":"Rinnovo Med Spa","url":"https:\/\/rinnovomedspa.com\/","logo":{"@type":"ImageObject","inLanguage":"en-US","@id":"https:\/\/rinnovomedspa.com\/#\/schema\/logo\/image\/","url":"https:\/\/rinnovomedspa.com\/wp-content\/uploads\/2022\/12\/rinnovo-med-spa-logo-purpule.png","contentUrl":"https:\/\/rinnovomedspa.com\/wp-content\/uploads\/2022\/12\/rinnovo-med-spa-logo-purpule.png","width":150,"height":41,"caption":"Rinnovo Med Spa"},"image":{"@id":"https:\/\/rinnovomedspa.com\/#\/schema\/logo\/image\/"},"sameAs":["https:\/\/www.facebook.com\/RinnovoMedSpa"]}]}},"_links":{"self":[{"href":"https:\/\/rinnovomedspa.com\/en\/wp-json\/wp\/v2\/product\/4447","targetHints":{"allow":["GET"]}}],"collection":[{"href":"https:\/\/rinnovomedspa.com\/en\/wp-json\/wp\/v2\/product"}],"about":[{"href":"https:\/\/rinnovomedspa.com\/en\/wp-json\/wp\/v2\/types\/product"}],"replies":[{"embeddable":true,"href":"https:\/\/rinnovomedspa.com\/en\/wp-json\/wp\/v2\/comments?post=4447"}],"wp:featuredmedia":[{"embeddable":true,"href":"https:\/\/rinnovomedspa.com\/en\/wp-json\/wp\/v2\/media\/4583"}],"wp:attachment":[{"href":"https:\/\/rinnovomedspa.com\/en\/wp-json\/wp\/v2\/media?parent=4447"}],"wp:term":[{"taxonomy":"product_brand","embeddable":true,"href":"https:\/\/rinnovomedspa.com\/en\/wp-json\/wp\/v2\/product_brand?post=4447"},{"taxonomy":"product_cat","embeddable":true,"href":"https:\/\/rinnovomedspa.com\/en\/wp-json\/wp\/v2\/product_cat?post=4447"},{"taxonomy":"product_tag","embeddable":true,"href":"https:\/\/rinnovomedspa.com\/en\/wp-json\/wp\/v2\/product_tag?post=4447"}],"curies":[{"name":"wp","href":"https:\/\/api.w.org\/{rel}","templated":true}]}}