{"id":4436,"date":"2023-01-18T18:57:43","date_gmt":"2023-01-18T18:57:43","guid":{"rendered":"https:\/\/rinnovomedspa.com\/?post_type=product&#038;p=4436"},"modified":"2023-01-18T22:21:59","modified_gmt":"2023-01-18T22:21:59","slug":"evidence","status":"publish","type":"product","link":"https:\/\/rinnovomedspa.com\/en\/products\/evidence\/","title":{"rendered":"Evidence"},"content":{"rendered":"<p>Presentation: 30ml<\/p>\n<p>INDICATED FOR: *Deep Vertical Expression Lines<\/p>\n<p>BENEFITS: Decreases vertical wrinkles Improves texture in just 7 days +Firmness Regenerates Moisturizes Greater antioxidant capacity<\/p>\n<p>ASSETS: Swertia Chirata extract \u2013 increases the reproductive capacity of the basal cells of the epidermis and consequently its capacity for regeneration and reduction of wrinkles; Hydrolyzed Wheat Protein \u2013 improves moisture retention; Oligopeptides (Palmitoyl Decapeptide-21, Decapeptide-22, Oligopeptide-78, Zinc Palmitoyl Nonapeptide-14, Acetyl Hexapeptide-51 Amide) \u2013 together they promote cell proliferation, and contribute to the reconstruction of the extracellular matrix, induce elastin synthesis , proteoglycans, laminin, tenascin and collagens I, III, IV and VIII; Gingseng Root Extract (Panax Ginseng) \u2013 Revitalizing, stimulates cell metabolism; Fennel Fruit Extract (Foeniculum vulgare) \u2013 has antioxidant properties; Vitamin A \u2013 stimulates epidermal regeneration, increases the synthesis of GAGs and procollagen; Amethyst Extract \u2013 has sedative vibrations, enhances the endocrine glands and the nervous system, activates microcirculation; Shea Butter (Butyrospermum parkii) \u2013 emollient, protects from UV radiation. Suggestion: in case of skin with premature aging, it can be recommended for earlier ages. The use of this product is the responsibility of whoever consumes it and whoever recommends it.<\/p>","protected":false},"excerpt":{"rendered":"<p>Presentation: 30ml<\/p>\n<p>INDICATED FOR: *Deep Vertical Expression Lines<\/p>\n<p>BENEFITS: Decreases vertical wrinkles Improves texture in just 7 days +Firmness Regenerates Moisturizes Greater antioxidant capacity<\/p>\n<p>ASSETS: Swertia Chirata extract \u2013 increases the reproductive capacity of the basal cells of the epidermis and consequently its capacity for regeneration and reduction of wrinkles; Hydrolyzed Wheat Protein \u2013 improves moisture retention; Oligopeptides (Palmitoyl Decapeptide-21, Decapeptide-22, Oligopeptide-78, Zinc Palmitoyl Nonapeptide-14, Acetyl Hexapeptide-51 Amide) \u2013 together they promote cell proliferation, and contribute to the reconstruction of the extracellular matrix, induce elastin synthesis , proteoglycans, laminin, tenascin and collagens I, III, IV and VIII; Gingseng Root Extract (Panax Ginseng) \u2013 Revitalizing, stimulates cell metabolism; Fennel Fruit Extract (Foeniculum vulgare) \u2013 has antioxidant properties; Vitamin A \u2013 stimulates epidermal regeneration, increases the synthesis of GAGs and procollagen; Amethyst Extract \u2013 has sedative vibrations, enhances the endocrine glands and the nervous system, activates microcirculation; Shea Butter (Butyrospermum parkii) \u2013 emollient, protects from UV radiation. Suggestion: in case of skin with premature aging, it can be recommended for earlier ages. The use of this product is the responsibility of whoever consumes it and whoever recommends it.<\/p>","protected":false},"featured_media":4567,"comment_status":"open","ping_status":"closed","template":"","meta":{"inline_featured_image":false},"product_brand":[],"product_cat":[149],"product_tag":[],"class_list":{"0":"post-4436","1":"product","2":"type-product","3":"status-publish","4":"has-post-thumbnail","6":"product_cat-contorno-de-ojos","8":"first","9":"instock","10":"shipping-taxable","11":"purchasable","12":"product-type-simple"},"yoast_head":"<!-- This site is optimized with the Yoast SEO plugin v26.0 - https:\/\/yoast.com\/wordpress\/plugins\/seo\/ -->\n<title>Evidence - Rinnovo<\/title>\n<meta name=\"robots\" content=\"index, follow, max-snippet:-1, max-image-preview:large, max-video-preview:-1\" \/>\n<link rel=\"canonical\" href=\"https:\/\/rinnovomedspa.com\/en\/products\/evidence\/\" \/>\n<meta property=\"og:locale\" content=\"en_US\" \/>\n<meta property=\"og:type\" content=\"article\" \/>\n<meta property=\"og:title\" content=\"Evidence - Rinnovo\" \/>\n<meta property=\"og:description\" content=\"Presentaci\u00f3n: 30ml  INDICADO PARA: *L\u00edneas de Expresi\u00f3n Profundas Verticales  BENEFICIOS: Disminuye arrugas verticales Mejora la textura en tan solo 7 d\u00edas +Firmeza Regenera Humecta Mayor capacidad antioxidante  ACTIVOS: Extracto de Swertia Chirata \u2013 aumenta la capacidad de reproducci\u00f3n de las c\u00e9lulas basales de la epidermis y en consecuencia su capacidad de regeneraci\u00f3n y disminuci\u00f3n de las arrugas; Prote\u00edna de Trigo Hidrolizada \u2013 mejora la retenci\u00f3n de humedad; Oligop\u00e9ptidos (Palmitoyl Decapeptide-21, Decapeptide-22, Oligopeptide-78, Zinc Palmitoyl Nonapeptide-14, Acetyl Hexapeptide-51 Amide) \u2013 en conjunto promueven la proliferaci\u00f3n celular, y contribuyen a la reconstrucci\u00f3n de la matriz extracelular, inducen la s\u00edntesis de elastina, proteoglucanos, laminina, tenascina y col\u00e1genos I, III, IV y VIII; Extracto de Ra\u00edz de Gingseng (Panax Ginseng) \u2013 Revitalizante, estimula el metabolismo celular; Extracto de Fruto de Hinojo (Foeniculum vulgare) \u2013 tiene propiedades antioxidantes; Vitamina A \u2013 estimula la regeneraci\u00f3n epid\u00e9rmica, aumenta la s\u00edntesis de GAGs y procol\u00e1geno; Extracto de Amatista \u2013 tiene vibraciones sedantes, potencia las gl\u00e1ndulas endocrinas y el sistema nervioso, activa la microcirculaci\u00f3n; Manteca de Karit\u00e9 (Butyrospermum parkii) \u2013 emoliente, protege de las radiaciones UV. Sugerencia: en caso de pieles con envejecimiento prematuro se puede recomendar para edades mas tempranas El uso de este producto es responsabilidad de quien lo consume y de quien lo recomienda.\" \/>\n<meta property=\"og:url\" content=\"https:\/\/rinnovomedspa.com\/en\/products\/evidence\/\" \/>\n<meta property=\"og:site_name\" content=\"Rinnovo\" \/>\n<meta property=\"article:publisher\" content=\"https:\/\/www.facebook.com\/RinnovoMedSpa\" \/>\n<meta property=\"article:modified_time\" content=\"2023-01-18T22:21:59+00:00\" \/>\n<meta property=\"og:image\" content=\"https:\/\/rinnovomedspa.com\/wp-content\/uploads\/2023\/01\/Crema_evidence_regenerador_facial_30ml-copia.png\" \/>\n\t<meta property=\"og:image:width\" content=\"1000\" \/>\n\t<meta property=\"og:image:height\" content=\"1000\" \/>\n\t<meta property=\"og:image:type\" content=\"image\/png\" \/>\n<meta name=\"twitter:card\" content=\"summary_large_image\" \/>\n<meta name=\"twitter:label1\" content=\"Est. reading time\" \/>\n\t<meta name=\"twitter:data1\" content=\"1 minute\" \/>\n<script type=\"application\/ld+json\" class=\"yoast-schema-graph\">{\"@context\":\"https:\/\/schema.org\",\"@graph\":[{\"@type\":\"WebPage\",\"@id\":\"https:\/\/rinnovomedspa.com\/product\/evidence\/\",\"url\":\"https:\/\/rinnovomedspa.com\/product\/evidence\/\",\"name\":\"Evidence - Rinnovo\",\"isPartOf\":{\"@id\":\"https:\/\/rinnovomedspa.com\/#website\"},\"primaryImageOfPage\":{\"@id\":\"https:\/\/rinnovomedspa.com\/product\/evidence\/#primaryimage\"},\"image\":{\"@id\":\"https:\/\/rinnovomedspa.com\/product\/evidence\/#primaryimage\"},\"thumbnailUrl\":\"https:\/\/rinnovomedspa.com\/wp-content\/uploads\/2023\/01\/Crema_evidence_regenerador_facial_30ml-copia.png\",\"datePublished\":\"2023-01-18T18:57:43+00:00\",\"dateModified\":\"2023-01-18T22:21:59+00:00\",\"breadcrumb\":{\"@id\":\"https:\/\/rinnovomedspa.com\/product\/evidence\/#breadcrumb\"},\"inLanguage\":\"en-US\",\"potentialAction\":[{\"@type\":\"ReadAction\",\"target\":[\"https:\/\/rinnovomedspa.com\/product\/evidence\/\"]}]},{\"@type\":\"ImageObject\",\"inLanguage\":\"en-US\",\"@id\":\"https:\/\/rinnovomedspa.com\/product\/evidence\/#primaryimage\",\"url\":\"https:\/\/rinnovomedspa.com\/wp-content\/uploads\/2023\/01\/Crema_evidence_regenerador_facial_30ml-copia.png\",\"contentUrl\":\"https:\/\/rinnovomedspa.com\/wp-content\/uploads\/2023\/01\/Crema_evidence_regenerador_facial_30ml-copia.png\",\"width\":1000,\"height\":1000},{\"@type\":\"BreadcrumbList\",\"@id\":\"https:\/\/rinnovomedspa.com\/product\/evidence\/#breadcrumb\",\"itemListElement\":[{\"@type\":\"ListItem\",\"position\":1,\"name\":\"Inicio\",\"item\":\"https:\/\/rinnovomedspa.com\/\"},{\"@type\":\"ListItem\",\"position\":2,\"name\":\"Nuestra Tienda\",\"item\":\"https:\/\/rinnovomedspa.com\/tienda\/\"},{\"@type\":\"ListItem\",\"position\":3,\"name\":\"Evidence\"}]},{\"@type\":\"WebSite\",\"@id\":\"https:\/\/rinnovomedspa.com\/#website\",\"url\":\"https:\/\/rinnovomedspa.com\/\",\"name\":\"Rinnovo Med Spa\",\"description\":\"Med Spa\",\"publisher\":{\"@id\":\"https:\/\/rinnovomedspa.com\/#organization\"},\"potentialAction\":[{\"@type\":\"SearchAction\",\"target\":{\"@type\":\"EntryPoint\",\"urlTemplate\":\"https:\/\/rinnovomedspa.com\/?s={search_term_string}\"},\"query-input\":{\"@type\":\"PropertyValueSpecification\",\"valueRequired\":true,\"valueName\":\"search_term_string\"}}],\"inLanguage\":\"en-US\"},{\"@type\":\"Organization\",\"@id\":\"https:\/\/rinnovomedspa.com\/#organization\",\"name\":\"Rinnovo Med Spa\",\"url\":\"https:\/\/rinnovomedspa.com\/\",\"logo\":{\"@type\":\"ImageObject\",\"inLanguage\":\"en-US\",\"@id\":\"https:\/\/rinnovomedspa.com\/#\/schema\/logo\/image\/\",\"url\":\"https:\/\/rinnovomedspa.com\/wp-content\/uploads\/2022\/12\/rinnovo-med-spa-logo-purpule.png\",\"contentUrl\":\"https:\/\/rinnovomedspa.com\/wp-content\/uploads\/2022\/12\/rinnovo-med-spa-logo-purpule.png\",\"width\":150,\"height\":41,\"caption\":\"Rinnovo Med Spa\"},\"image\":{\"@id\":\"https:\/\/rinnovomedspa.com\/#\/schema\/logo\/image\/\"},\"sameAs\":[\"https:\/\/www.facebook.com\/RinnovoMedSpa\"]}]}<\/script>\n<!-- \/ Yoast SEO plugin. -->","yoast_head_json":{"title":"Evidence - Rinnovo","robots":{"index":"index","follow":"follow","max-snippet":"max-snippet:-1","max-image-preview":"max-image-preview:large","max-video-preview":"max-video-preview:-1"},"canonical":"https:\/\/rinnovomedspa.com\/en\/products\/evidence\/","og_locale":"en_US","og_type":"article","og_title":"Evidence - Rinnovo","og_description":"Presentaci\u00f3n: 30ml  INDICADO PARA: *L\u00edneas de Expresi\u00f3n Profundas Verticales  BENEFICIOS: Disminuye arrugas verticales Mejora la textura en tan solo 7 d\u00edas +Firmeza Regenera Humecta Mayor capacidad antioxidante  ACTIVOS: Extracto de Swertia Chirata \u2013 aumenta la capacidad de reproducci\u00f3n de las c\u00e9lulas basales de la epidermis y en consecuencia su capacidad de regeneraci\u00f3n y disminuci\u00f3n de las arrugas; Prote\u00edna de Trigo Hidrolizada \u2013 mejora la retenci\u00f3n de humedad; Oligop\u00e9ptidos (Palmitoyl Decapeptide-21, Decapeptide-22, Oligopeptide-78, Zinc Palmitoyl Nonapeptide-14, Acetyl Hexapeptide-51 Amide) \u2013 en conjunto promueven la proliferaci\u00f3n celular, y contribuyen a la reconstrucci\u00f3n de la matriz extracelular, inducen la s\u00edntesis de elastina, proteoglucanos, laminina, tenascina y col\u00e1genos I, III, IV y VIII; Extracto de Ra\u00edz de Gingseng (Panax Ginseng) \u2013 Revitalizante, estimula el metabolismo celular; Extracto de Fruto de Hinojo (Foeniculum vulgare) \u2013 tiene propiedades antioxidantes; Vitamina A \u2013 estimula la regeneraci\u00f3n epid\u00e9rmica, aumenta la s\u00edntesis de GAGs y procol\u00e1geno; Extracto de Amatista \u2013 tiene vibraciones sedantes, potencia las gl\u00e1ndulas endocrinas y el sistema nervioso, activa la microcirculaci\u00f3n; Manteca de Karit\u00e9 (Butyrospermum parkii) \u2013 emoliente, protege de las radiaciones UV. Sugerencia: en caso de pieles con envejecimiento prematuro se puede recomendar para edades mas tempranas El uso de este producto es responsabilidad de quien lo consume y de quien lo recomienda.","og_url":"https:\/\/rinnovomedspa.com\/en\/products\/evidence\/","og_site_name":"Rinnovo","article_publisher":"https:\/\/www.facebook.com\/RinnovoMedSpa","article_modified_time":"2023-01-18T22:21:59+00:00","og_image":[{"width":1000,"height":1000,"url":"https:\/\/rinnovomedspa.com\/wp-content\/uploads\/2023\/01\/Crema_evidence_regenerador_facial_30ml-copia.png","type":"image\/png"}],"twitter_card":"summary_large_image","twitter_misc":{"Est. reading time":"1 minute"},"schema":{"@context":"https:\/\/schema.org","@graph":[{"@type":"WebPage","@id":"https:\/\/rinnovomedspa.com\/product\/evidence\/","url":"https:\/\/rinnovomedspa.com\/product\/evidence\/","name":"Evidence - Rinnovo","isPartOf":{"@id":"https:\/\/rinnovomedspa.com\/#website"},"primaryImageOfPage":{"@id":"https:\/\/rinnovomedspa.com\/product\/evidence\/#primaryimage"},"image":{"@id":"https:\/\/rinnovomedspa.com\/product\/evidence\/#primaryimage"},"thumbnailUrl":"https:\/\/rinnovomedspa.com\/wp-content\/uploads\/2023\/01\/Crema_evidence_regenerador_facial_30ml-copia.png","datePublished":"2023-01-18T18:57:43+00:00","dateModified":"2023-01-18T22:21:59+00:00","breadcrumb":{"@id":"https:\/\/rinnovomedspa.com\/product\/evidence\/#breadcrumb"},"inLanguage":"en-US","potentialAction":[{"@type":"ReadAction","target":["https:\/\/rinnovomedspa.com\/product\/evidence\/"]}]},{"@type":"ImageObject","inLanguage":"en-US","@id":"https:\/\/rinnovomedspa.com\/product\/evidence\/#primaryimage","url":"https:\/\/rinnovomedspa.com\/wp-content\/uploads\/2023\/01\/Crema_evidence_regenerador_facial_30ml-copia.png","contentUrl":"https:\/\/rinnovomedspa.com\/wp-content\/uploads\/2023\/01\/Crema_evidence_regenerador_facial_30ml-copia.png","width":1000,"height":1000},{"@type":"BreadcrumbList","@id":"https:\/\/rinnovomedspa.com\/product\/evidence\/#breadcrumb","itemListElement":[{"@type":"ListItem","position":1,"name":"Inicio","item":"https:\/\/rinnovomedspa.com\/"},{"@type":"ListItem","position":2,"name":"Nuestra Tienda","item":"https:\/\/rinnovomedspa.com\/tienda\/"},{"@type":"ListItem","position":3,"name":"Evidence"}]},{"@type":"WebSite","@id":"https:\/\/rinnovomedspa.com\/#website","url":"https:\/\/rinnovomedspa.com\/","name":"Rinnovo Med Spa","description":"med-spa","publisher":{"@id":"https:\/\/rinnovomedspa.com\/#organization"},"potentialAction":[{"@type":"SearchAction","target":{"@type":"EntryPoint","urlTemplate":"https:\/\/rinnovomedspa.com\/?s={search_term_string}"},"query-input":{"@type":"PropertyValueSpecification","valueRequired":true,"valueName":"search_term_string"}}],"inLanguage":"en-US"},{"@type":"Organization","@id":"https:\/\/rinnovomedspa.com\/#organization","name":"Rinnovo Med Spa","url":"https:\/\/rinnovomedspa.com\/","logo":{"@type":"ImageObject","inLanguage":"en-US","@id":"https:\/\/rinnovomedspa.com\/#\/schema\/logo\/image\/","url":"https:\/\/rinnovomedspa.com\/wp-content\/uploads\/2022\/12\/rinnovo-med-spa-logo-purpule.png","contentUrl":"https:\/\/rinnovomedspa.com\/wp-content\/uploads\/2022\/12\/rinnovo-med-spa-logo-purpule.png","width":150,"height":41,"caption":"Rinnovo Med Spa"},"image":{"@id":"https:\/\/rinnovomedspa.com\/#\/schema\/logo\/image\/"},"sameAs":["https:\/\/www.facebook.com\/RinnovoMedSpa"]}]}},"_links":{"self":[{"href":"https:\/\/rinnovomedspa.com\/en\/wp-json\/wp\/v2\/product\/4436","targetHints":{"allow":["GET"]}}],"collection":[{"href":"https:\/\/rinnovomedspa.com\/en\/wp-json\/wp\/v2\/product"}],"about":[{"href":"https:\/\/rinnovomedspa.com\/en\/wp-json\/wp\/v2\/types\/product"}],"replies":[{"embeddable":true,"href":"https:\/\/rinnovomedspa.com\/en\/wp-json\/wp\/v2\/comments?post=4436"}],"wp:featuredmedia":[{"embeddable":true,"href":"https:\/\/rinnovomedspa.com\/en\/wp-json\/wp\/v2\/media\/4567"}],"wp:attachment":[{"href":"https:\/\/rinnovomedspa.com\/en\/wp-json\/wp\/v2\/media?parent=4436"}],"wp:term":[{"taxonomy":"product_brand","embeddable":true,"href":"https:\/\/rinnovomedspa.com\/en\/wp-json\/wp\/v2\/product_brand?post=4436"},{"taxonomy":"product_cat","embeddable":true,"href":"https:\/\/rinnovomedspa.com\/en\/wp-json\/wp\/v2\/product_cat?post=4436"},{"taxonomy":"product_tag","embeddable":true,"href":"https:\/\/rinnovomedspa.com\/en\/wp-json\/wp\/v2\/product_tag?post=4436"}],"curies":[{"name":"wp","href":"https:\/\/api.w.org\/{rel}","templated":true}]}}