{"id":4435,"date":"2023-01-18T18:57:43","date_gmt":"2023-01-18T18:57:43","guid":{"rendered":"https:\/\/rinnovomedspa.com\/?post_type=product&#038;p=4435"},"modified":"2025-07-14T01:14:38","modified_gmt":"2025-07-14T01:14:38","slug":"gold-shizen","status":"publish","type":"product","link":"https:\/\/rinnovomedspa.com\/en\/product\/gold-shizen\/","title":{"rendered":"Gold Shizen"},"content":{"rendered":"<p>Presentation: 30ml<\/p>\n<p>Indicated for all skin types, prevents and corrects expression lines<\/p>\n<p>BENEFITS: Scar Antioxidant Anti-aging<\/p>\n<p>ASSETS: Gold Acyl Hexapeptide \u2013 stimulates the production of new collagen; Vitamin K \u2013 useful for calming the skin, decongesting and relieving skin redness; CoQ10 \u2013 antioxidant, anti-aging; Bamboo Extract \u2013 stimulates the production of dermis fibers; Hyaluronic Acid \u2013 moisturizer; and the extracts of Milk Thistle and Ginger \u2013 purify. Suggestion: in case of skin with premature aging, it can be recommended for earlier ages. The use of this product is the responsibility of whoever consumes it and whoever recommends it.<\/p>","protected":false},"excerpt":{"rendered":"<p>Presentation: 30ml<\/p>\n<p>Indicated for all skin types, prevents and corrects expression lines<\/p>\n<p>BENEFITS: Scar Antioxidant Anti-aging<\/p>\n<p>ASSETS: Gold Acyl Hexapeptide \u2013 stimulates the production of new collagen; Vitamin K \u2013 useful for calming the skin, decongesting and relieving skin redness; CoQ10 \u2013 antioxidant, anti-aging; Bamboo Extract \u2013 stimulates the production of dermis fibers; Hyaluronic Acid \u2013 moisturizer; and the extracts of Milk Thistle and Ginger \u2013 purify. Suggestion: in case of skin with premature aging, it can be recommended for earlier ages. The use of this product is the responsibility of whoever consumes it and whoever recommends it.<\/p>","protected":false},"featured_media":4568,"comment_status":"open","ping_status":"closed","template":"","meta":{"inline_featured_image":false},"product_brand":[],"product_cat":[149],"product_tag":[],"class_list":{"0":"post-4435","1":"product","2":"type-product","3":"status-publish","4":"has-post-thumbnail","6":"product_cat-contorno-de-ojos","8":"first","9":"instock","10":"shipping-taxable","11":"purchasable","12":"product-type-simple"},"yoast_head":"<!-- This site is optimized with the Yoast SEO plugin v27.4 - https:\/\/yoast.com\/product\/yoast-seo-wordpress\/ -->\n<title>Gold Shizen - Rinnovo<\/title>\n<meta name=\"robots\" content=\"index, follow, max-snippet:-1, max-image-preview:large, max-video-preview:-1\" \/>\n<link rel=\"canonical\" href=\"https:\/\/rinnovomedspa.com\/en\/products\/gold-shizen\/\" \/>\n<meta property=\"og:locale\" content=\"en_US\" \/>\n<meta property=\"og:type\" content=\"article\" \/>\n<meta property=\"og:title\" content=\"Gold Shizen - Rinnovo\" \/>\n<meta property=\"og:description\" content=\"Presentaci\u00f3n: 30ml  Indicado para Todo tipo de piel, previene y corrige l\u00edneas de expresi\u00f3n  BENEFICIOS: Cicatriza Antioxidante Antiedad  ACTIVOS: Acil Hexap\u00e9ptido de oro \u2013 estimula la producci\u00f3n de nuevo col\u00e1geno; Vitamina K \u2013 \u00fatil para calmar la piel, descongestionando y aliviando el enrojecimiento cut\u00e1neo; CoQ10 \u2013 antioxidante, antiedad; Extracto de Bamb\u00fa \u2013 estimula la producci\u00f3n de las fibras de la dermis; el \u00c1cido Hialur\u00f3nico \u2013 humectante; y los extractos de Cardo Mariano y Jengibre \u2013 depuran. Sugerencia: en caso de pieles con envejecimiento prematuro se puede recomendar para edades mas tempranas El uso de este producto es responsabilidad de quien lo consume y de quien lo recomienda.\" \/>\n<meta property=\"og:url\" content=\"https:\/\/rinnovomedspa.com\/en\/products\/gold-shizen\/\" \/>\n<meta property=\"og:site_name\" content=\"Rinnovo\" \/>\n<meta property=\"article:publisher\" content=\"https:\/\/www.facebook.com\/RinnovoMedSpa\" \/>\n<meta property=\"article:modified_time\" content=\"2025-07-14T01:14:38+00:00\" \/>\n<meta property=\"og:image\" content=\"https:\/\/rinnovomedspa.com\/wp-content\/uploads\/2023\/01\/Mesa-de-trabajo-18.png\" \/>\n\t<meta property=\"og:image:width\" content=\"1500\" \/>\n\t<meta property=\"og:image:height\" content=\"1500\" \/>\n\t<meta property=\"og:image:type\" content=\"image\/png\" \/>\n<meta name=\"twitter:card\" content=\"summary_large_image\" \/>\n<meta name=\"twitter:label1\" content=\"Est. reading time\" \/>\n\t<meta name=\"twitter:data1\" content=\"1 minute\" \/>\n<script type=\"application\/ld+json\" class=\"yoast-schema-graph\">{\"@context\":\"https:\\\/\\\/schema.org\",\"@graph\":[{\"@type\":\"WebPage\",\"@id\":\"https:\\\/\\\/rinnovomedspa.com\\\/product\\\/gold-shizen\\\/\",\"url\":\"https:\\\/\\\/rinnovomedspa.com\\\/product\\\/gold-shizen\\\/\",\"name\":\"Gold Shizen - Rinnovo\",\"isPartOf\":{\"@id\":\"https:\\\/\\\/rinnovomedspa.com\\\/#website\"},\"primaryImageOfPage\":{\"@id\":\"https:\\\/\\\/rinnovomedspa.com\\\/product\\\/gold-shizen\\\/#primaryimage\"},\"image\":{\"@id\":\"https:\\\/\\\/rinnovomedspa.com\\\/product\\\/gold-shizen\\\/#primaryimage\"},\"thumbnailUrl\":\"https:\\\/\\\/rinnovomedspa.com\\\/wp-content\\\/uploads\\\/2023\\\/01\\\/Mesa-de-trabajo-18.png\",\"datePublished\":\"2023-01-18T18:57:43+00:00\",\"dateModified\":\"2025-07-14T01:14:38+00:00\",\"breadcrumb\":{\"@id\":\"https:\\\/\\\/rinnovomedspa.com\\\/product\\\/gold-shizen\\\/#breadcrumb\"},\"inLanguage\":\"en-US\",\"potentialAction\":[{\"@type\":\"ReadAction\",\"target\":[\"https:\\\/\\\/rinnovomedspa.com\\\/product\\\/gold-shizen\\\/\"]}]},{\"@type\":\"ImageObject\",\"inLanguage\":\"en-US\",\"@id\":\"https:\\\/\\\/rinnovomedspa.com\\\/product\\\/gold-shizen\\\/#primaryimage\",\"url\":\"https:\\\/\\\/rinnovomedspa.com\\\/wp-content\\\/uploads\\\/2023\\\/01\\\/Mesa-de-trabajo-18.png\",\"contentUrl\":\"https:\\\/\\\/rinnovomedspa.com\\\/wp-content\\\/uploads\\\/2023\\\/01\\\/Mesa-de-trabajo-18.png\",\"width\":1500,\"height\":1500},{\"@type\":\"BreadcrumbList\",\"@id\":\"https:\\\/\\\/rinnovomedspa.com\\\/product\\\/gold-shizen\\\/#breadcrumb\",\"itemListElement\":[{\"@type\":\"ListItem\",\"position\":1,\"name\":\"Inicio\",\"item\":\"https:\\\/\\\/rinnovomedspa.com\\\/\"},{\"@type\":\"ListItem\",\"position\":2,\"name\":\"Nuestra Tienda\",\"item\":\"https:\\\/\\\/rinnovomedspa.com\\\/tienda\\\/\"},{\"@type\":\"ListItem\",\"position\":3,\"name\":\"Gold Shizen\"}]},{\"@type\":\"WebSite\",\"@id\":\"https:\\\/\\\/rinnovomedspa.com\\\/#website\",\"url\":\"https:\\\/\\\/rinnovomedspa.com\\\/\",\"name\":\"Rinnovo Med Spa\",\"description\":\"Med Spa\",\"publisher\":{\"@id\":\"https:\\\/\\\/rinnovomedspa.com\\\/#organization\"},\"potentialAction\":[{\"@type\":\"SearchAction\",\"target\":{\"@type\":\"EntryPoint\",\"urlTemplate\":\"https:\\\/\\\/rinnovomedspa.com\\\/?s={search_term_string}\"},\"query-input\":{\"@type\":\"PropertyValueSpecification\",\"valueRequired\":true,\"valueName\":\"search_term_string\"}}],\"inLanguage\":\"en-US\"},{\"@type\":\"Organization\",\"@id\":\"https:\\\/\\\/rinnovomedspa.com\\\/#organization\",\"name\":\"Rinnovo Med Spa\",\"url\":\"https:\\\/\\\/rinnovomedspa.com\\\/\",\"logo\":{\"@type\":\"ImageObject\",\"inLanguage\":\"en-US\",\"@id\":\"https:\\\/\\\/rinnovomedspa.com\\\/#\\\/schema\\\/logo\\\/image\\\/\",\"url\":\"https:\\\/\\\/rinnovomedspa.com\\\/wp-content\\\/uploads\\\/2022\\\/12\\\/rinnovo-med-spa-logo-purpule.png\",\"contentUrl\":\"https:\\\/\\\/rinnovomedspa.com\\\/wp-content\\\/uploads\\\/2022\\\/12\\\/rinnovo-med-spa-logo-purpule.png\",\"width\":150,\"height\":41,\"caption\":\"Rinnovo Med Spa\"},\"image\":{\"@id\":\"https:\\\/\\\/rinnovomedspa.com\\\/#\\\/schema\\\/logo\\\/image\\\/\"},\"sameAs\":[\"https:\\\/\\\/www.facebook.com\\\/RinnovoMedSpa\"]}]}<\/script>\n<!-- \/ Yoast SEO plugin. -->","yoast_head_json":{"title":"Gold Shizen - Rinnovo","robots":{"index":"index","follow":"follow","max-snippet":"max-snippet:-1","max-image-preview":"max-image-preview:large","max-video-preview":"max-video-preview:-1"},"canonical":"https:\/\/rinnovomedspa.com\/en\/products\/gold-shizen\/","og_locale":"en_US","og_type":"article","og_title":"Gold Shizen - Rinnovo","og_description":"Presentaci\u00f3n: 30ml  Indicado para Todo tipo de piel, previene y corrige l\u00edneas de expresi\u00f3n  BENEFICIOS: Cicatriza Antioxidante Antiedad  ACTIVOS: Acil Hexap\u00e9ptido de oro \u2013 estimula la producci\u00f3n de nuevo col\u00e1geno; Vitamina K \u2013 \u00fatil para calmar la piel, descongestionando y aliviando el enrojecimiento cut\u00e1neo; CoQ10 \u2013 antioxidante, antiedad; Extracto de Bamb\u00fa \u2013 estimula la producci\u00f3n de las fibras de la dermis; el \u00c1cido Hialur\u00f3nico \u2013 humectante; y los extractos de Cardo Mariano y Jengibre \u2013 depuran. Sugerencia: en caso de pieles con envejecimiento prematuro se puede recomendar para edades mas tempranas El uso de este producto es responsabilidad de quien lo consume y de quien lo recomienda.","og_url":"https:\/\/rinnovomedspa.com\/en\/products\/gold-shizen\/","og_site_name":"Rinnovo","article_publisher":"https:\/\/www.facebook.com\/RinnovoMedSpa","article_modified_time":"2025-07-14T01:14:38+00:00","og_image":[{"width":1500,"height":1500,"url":"https:\/\/rinnovomedspa.com\/wp-content\/uploads\/2023\/01\/Mesa-de-trabajo-18.png","type":"image\/png"}],"twitter_card":"summary_large_image","twitter_misc":{"Est. reading time":"1 minute"},"schema":{"@context":"https:\/\/schema.org","@graph":[{"@type":"WebPage","@id":"https:\/\/rinnovomedspa.com\/product\/gold-shizen\/","url":"https:\/\/rinnovomedspa.com\/product\/gold-shizen\/","name":"Gold Shizen - Rinnovo","isPartOf":{"@id":"https:\/\/rinnovomedspa.com\/#website"},"primaryImageOfPage":{"@id":"https:\/\/rinnovomedspa.com\/product\/gold-shizen\/#primaryimage"},"image":{"@id":"https:\/\/rinnovomedspa.com\/product\/gold-shizen\/#primaryimage"},"thumbnailUrl":"https:\/\/rinnovomedspa.com\/wp-content\/uploads\/2023\/01\/Mesa-de-trabajo-18.png","datePublished":"2023-01-18T18:57:43+00:00","dateModified":"2025-07-14T01:14:38+00:00","breadcrumb":{"@id":"https:\/\/rinnovomedspa.com\/product\/gold-shizen\/#breadcrumb"},"inLanguage":"en-US","potentialAction":[{"@type":"ReadAction","target":["https:\/\/rinnovomedspa.com\/product\/gold-shizen\/"]}]},{"@type":"ImageObject","inLanguage":"en-US","@id":"https:\/\/rinnovomedspa.com\/product\/gold-shizen\/#primaryimage","url":"https:\/\/rinnovomedspa.com\/wp-content\/uploads\/2023\/01\/Mesa-de-trabajo-18.png","contentUrl":"https:\/\/rinnovomedspa.com\/wp-content\/uploads\/2023\/01\/Mesa-de-trabajo-18.png","width":1500,"height":1500},{"@type":"BreadcrumbList","@id":"https:\/\/rinnovomedspa.com\/product\/gold-shizen\/#breadcrumb","itemListElement":[{"@type":"ListItem","position":1,"name":"Inicio","item":"https:\/\/rinnovomedspa.com\/"},{"@type":"ListItem","position":2,"name":"Nuestra Tienda","item":"https:\/\/rinnovomedspa.com\/tienda\/"},{"@type":"ListItem","position":3,"name":"Gold Shizen"}]},{"@type":"WebSite","@id":"https:\/\/rinnovomedspa.com\/#website","url":"https:\/\/rinnovomedspa.com\/","name":"Rinnovo Med Spa","description":"med-spa","publisher":{"@id":"https:\/\/rinnovomedspa.com\/#organization"},"potentialAction":[{"@type":"SearchAction","target":{"@type":"EntryPoint","urlTemplate":"https:\/\/rinnovomedspa.com\/?s={search_term_string}"},"query-input":{"@type":"PropertyValueSpecification","valueRequired":true,"valueName":"search_term_string"}}],"inLanguage":"en-US"},{"@type":"Organization","@id":"https:\/\/rinnovomedspa.com\/#organization","name":"Rinnovo Med Spa","url":"https:\/\/rinnovomedspa.com\/","logo":{"@type":"ImageObject","inLanguage":"en-US","@id":"https:\/\/rinnovomedspa.com\/#\/schema\/logo\/image\/","url":"https:\/\/rinnovomedspa.com\/wp-content\/uploads\/2022\/12\/rinnovo-med-spa-logo-purpule.png","contentUrl":"https:\/\/rinnovomedspa.com\/wp-content\/uploads\/2022\/12\/rinnovo-med-spa-logo-purpule.png","width":150,"height":41,"caption":"Rinnovo Med Spa"},"image":{"@id":"https:\/\/rinnovomedspa.com\/#\/schema\/logo\/image\/"},"sameAs":["https:\/\/www.facebook.com\/RinnovoMedSpa"]}]}},"_links":{"self":[{"href":"https:\/\/rinnovomedspa.com\/en\/wp-json\/wp\/v2\/product\/4435","targetHints":{"allow":["GET"]}}],"collection":[{"href":"https:\/\/rinnovomedspa.com\/en\/wp-json\/wp\/v2\/product"}],"about":[{"href":"https:\/\/rinnovomedspa.com\/en\/wp-json\/wp\/v2\/types\/product"}],"replies":[{"embeddable":true,"href":"https:\/\/rinnovomedspa.com\/en\/wp-json\/wp\/v2\/comments?post=4435"}],"wp:featuredmedia":[{"embeddable":true,"href":"https:\/\/rinnovomedspa.com\/en\/wp-json\/wp\/v2\/media\/4568"}],"wp:attachment":[{"href":"https:\/\/rinnovomedspa.com\/en\/wp-json\/wp\/v2\/media?parent=4435"}],"wp:term":[{"taxonomy":"product_brand","embeddable":true,"href":"https:\/\/rinnovomedspa.com\/en\/wp-json\/wp\/v2\/product_brand?post=4435"},{"taxonomy":"product_cat","embeddable":true,"href":"https:\/\/rinnovomedspa.com\/en\/wp-json\/wp\/v2\/product_cat?post=4435"},{"taxonomy":"product_tag","embeddable":true,"href":"https:\/\/rinnovomedspa.com\/en\/wp-json\/wp\/v2\/product_tag?post=4435"}],"curies":[{"name":"wp","href":"https:\/\/api.w.org\/{rel}","templated":true}]}}