{"id":4433,"date":"2023-01-18T18:57:43","date_gmt":"2023-01-18T18:57:43","guid":{"rendered":"https:\/\/rinnovomedspa.com\/?post_type=product&#038;p=4433"},"modified":"2023-06-15T15:41:57","modified_gmt":"2023-06-15T15:41:57","slug":"flash-cream","status":"publish","type":"product","link":"https:\/\/rinnovomedspa.com\/en\/products\/flash-cream\/","title":{"rendered":"flash cream"},"content":{"rendered":"<p>PRESENTATION: 10 ml We have tried it and we loved it! It arises from the most demanding scientific research, exquisite texture designed to reduce and decongest the appearance and texture of eyelid bags. Unique with immediate lifting effect of lasting, prolonged and progressive action. Reduces and improves the appearance of eyelid bags. Exclusive concentrate of anti-inflammatory and draining active ingredients.<\/p>\n<p>BENEFITS: \u2013 Its effect is visible and measurable in just 5 minutes \u2013 Moisturizes \u2013 Decongests eyelid bags<\/p>\n<p>ASSETS: Hydrolyzed Collagen \u2013 excellent moisturizer; Sesame Hydrolyzed Protein \u2013 achieves a \u201clifting effect\u201d, managing to provide luminosity, firmness and smoothness in 1 second. An effect that seems magical and makes the skin look radiant and perfect, erasing the signs of fatigue. Fennel extract (Foeniculumvulgare) emollient, soothing and skin conditioning; Aloe Vera Extract (Aloe barbadensis) \u2013 moisturizes and softens the skin, acting as an excellent cell regenerator; Polyglutamic Acid and Butylene Glycol \u2013 A revolutionary, non-toxic, biodegradable moisturizer that moisturizes and plumps the skin with noticeable results. It is the best treatment for tired and aging skin! Suggestion: in case of skin with premature aging, it can be recommended for earlier ages. The use of this product is the responsibility of whoever consumes it and whoever recommends it.<\/p>","protected":false},"excerpt":{"rendered":"<p>PRESENTATION: 10 ml We have tried it and we loved it! It arises from the most demanding scientific research, exquisite texture designed to reduce and decongest the appearance and texture of eyelid bags. Unique with immediate lifting effect of lasting, prolonged and progressive action. Reduces and improves the appearance of eyelid bags. Exclusive concentrate of anti-inflammatory and draining active ingredients.<\/p>\n<p>BENEFITS: \u2013 Its effect is visible and measurable in just 5 minutes \u2013 Moisturizes \u2013 Decongests eyelid bags<\/p>\n<p>ASSETS: Hydrolyzed Collagen \u2013 excellent moisturizer; Sesame Hydrolyzed Protein \u2013 achieves a \u201clifting effect\u201d, managing to provide luminosity, firmness and smoothness in 1 second. An effect that seems magical and makes the skin look radiant and perfect, erasing the signs of fatigue. Fennel extract (Foeniculumvulgare) emollient, soothing and skin conditioning; Aloe Vera Extract (Aloe barbadensis) \u2013 moisturizes and softens the skin, acting as an excellent cell regenerator; Polyglutamic Acid and Butylene Glycol \u2013 A revolutionary, non-toxic, biodegradable moisturizer that moisturizes and plumps the skin with noticeable results. It is the best treatment for tired and aging skin! Suggestion: in case of skin with premature aging, it can be recommended for earlier ages. The use of this product is the responsibility of whoever consumes it and whoever recommends it.<\/p>","protected":false},"featured_media":4551,"comment_status":"open","ping_status":"closed","template":"","meta":{"inline_featured_image":false},"product_brand":[],"product_cat":[149],"product_tag":[],"class_list":{"0":"post-4433","1":"product","2":"type-product","3":"status-publish","4":"has-post-thumbnail","6":"product_cat-contorno-de-ojos","8":"first","9":"instock","10":"shipping-taxable","11":"purchasable","12":"product-type-simple"},"yoast_head":"<!-- This site is optimized with the Yoast SEO plugin v26.0 - https:\/\/yoast.com\/wordpress\/plugins\/seo\/ -->\n<title>Flash Cream - Rinnovo<\/title>\n<meta name=\"robots\" content=\"index, follow, max-snippet:-1, max-image-preview:large, max-video-preview:-1\" \/>\n<link rel=\"canonical\" href=\"https:\/\/rinnovomedspa.com\/en\/products\/flash-cream\/\" \/>\n<meta property=\"og:locale\" content=\"en_US\" \/>\n<meta property=\"og:type\" content=\"article\" \/>\n<meta property=\"og:title\" content=\"Flash Cream - Rinnovo\" \/>\n<meta property=\"og:description\" content=\"PRESENTACI\u00d3N: 10 ml \u00a1La hemos probado y nos encant\u00f3! Surge de la investigaci\u00f3n cient\u00edfica m\u00e1s exigente, exquisita textura dise\u00f1ada para disminuir y descongestionar la apariencia y textura de las bolsas palpebrales. \u00danica con efecto lifting inmediato de acci\u00f3n duradera, prolongada y progresiva. Disminuye y mejora la apariencia de las bolsas palpebrales. Exclusivo concentrado de activos desinflamantes y drenantes.  BENEFICIOS: \u2013 Su efecto es visible y medible en tan solo 5 minutos \u2013 Humecta \u2013 Descongestiona las bolsas palpebrales  ACTIVOS: Col\u00e1geno Hidrolizado \u2013 excelente humectante; Prote\u00edna Hidrolizada de S\u00e9samo \u2013 logra un \u201cefecto lifting\u201d, consiguiendo aportar en 1 segundo luminosidad, firmeza y tersura. Un efecto que parece m\u00e1gico y hace que la piel luzca radiante y perfecta, borrando los signos de fatiga. Extracto de hinojo (Foeniculumvulgare) emoliente, calmante y acondicionador de piel; Extracto de S\u00e1bila (Aloe barbadensis) \u2013 hidrata y suaviza la piel actuando como un excelente regenerador celular; \u00c1cido Poliglut\u00e1mico y Butilen glicol \u2013 Revolucionario hidratante biodegradable, no t\u00f3xico, tiene la facultad de humectar y rellenar la piel con resultados que se notan. \u00a1Es el mejor tratamiento para pieles fatigadas y envejecidas! Sugerencia: en caso de pieles con envejecimiento prematuro se puede recomendar para edades mas tempranas El uso de este producto es responsabilidad de quien lo consume y de quien lo recomienda.\" \/>\n<meta property=\"og:url\" content=\"https:\/\/rinnovomedspa.com\/en\/products\/flash-cream\/\" \/>\n<meta property=\"og:site_name\" content=\"Rinnovo\" \/>\n<meta property=\"article:publisher\" content=\"https:\/\/www.facebook.com\/RinnovoMedSpa\" \/>\n<meta property=\"article:modified_time\" content=\"2023-06-15T15:41:57+00:00\" \/>\n<meta property=\"og:image\" content=\"https:\/\/rinnovomedspa.com\/wp-content\/uploads\/2023\/01\/Mesa-de-trabajo-3-2.png\" \/>\n\t<meta property=\"og:image:width\" content=\"1500\" \/>\n\t<meta property=\"og:image:height\" content=\"1500\" \/>\n\t<meta property=\"og:image:type\" content=\"image\/png\" \/>\n<meta name=\"twitter:card\" content=\"summary_large_image\" \/>\n<meta name=\"twitter:label1\" content=\"Est. reading time\" \/>\n\t<meta name=\"twitter:data1\" content=\"1 minute\" \/>\n<script type=\"application\/ld+json\" class=\"yoast-schema-graph\">{\"@context\":\"https:\/\/schema.org\",\"@graph\":[{\"@type\":\"WebPage\",\"@id\":\"https:\/\/rinnovomedspa.com\/product\/flash-cream\/\",\"url\":\"https:\/\/rinnovomedspa.com\/product\/flash-cream\/\",\"name\":\"Flash Cream - Rinnovo\",\"isPartOf\":{\"@id\":\"https:\/\/rinnovomedspa.com\/#website\"},\"primaryImageOfPage\":{\"@id\":\"https:\/\/rinnovomedspa.com\/product\/flash-cream\/#primaryimage\"},\"image\":{\"@id\":\"https:\/\/rinnovomedspa.com\/product\/flash-cream\/#primaryimage\"},\"thumbnailUrl\":\"https:\/\/rinnovomedspa.com\/wp-content\/uploads\/2023\/01\/Mesa-de-trabajo-3-2.png\",\"datePublished\":\"2023-01-18T18:57:43+00:00\",\"dateModified\":\"2023-06-15T15:41:57+00:00\",\"breadcrumb\":{\"@id\":\"https:\/\/rinnovomedspa.com\/product\/flash-cream\/#breadcrumb\"},\"inLanguage\":\"en-US\",\"potentialAction\":[{\"@type\":\"ReadAction\",\"target\":[\"https:\/\/rinnovomedspa.com\/product\/flash-cream\/\"]}]},{\"@type\":\"ImageObject\",\"inLanguage\":\"en-US\",\"@id\":\"https:\/\/rinnovomedspa.com\/product\/flash-cream\/#primaryimage\",\"url\":\"https:\/\/rinnovomedspa.com\/wp-content\/uploads\/2023\/01\/Mesa-de-trabajo-3-2.png\",\"contentUrl\":\"https:\/\/rinnovomedspa.com\/wp-content\/uploads\/2023\/01\/Mesa-de-trabajo-3-2.png\",\"width\":1500,\"height\":1500},{\"@type\":\"BreadcrumbList\",\"@id\":\"https:\/\/rinnovomedspa.com\/product\/flash-cream\/#breadcrumb\",\"itemListElement\":[{\"@type\":\"ListItem\",\"position\":1,\"name\":\"Inicio\",\"item\":\"https:\/\/rinnovomedspa.com\/\"},{\"@type\":\"ListItem\",\"position\":2,\"name\":\"Nuestra Tienda\",\"item\":\"https:\/\/rinnovomedspa.com\/tienda\/\"},{\"@type\":\"ListItem\",\"position\":3,\"name\":\"Flash Cream\"}]},{\"@type\":\"WebSite\",\"@id\":\"https:\/\/rinnovomedspa.com\/#website\",\"url\":\"https:\/\/rinnovomedspa.com\/\",\"name\":\"Rinnovo Med Spa\",\"description\":\"Med Spa\",\"publisher\":{\"@id\":\"https:\/\/rinnovomedspa.com\/#organization\"},\"potentialAction\":[{\"@type\":\"SearchAction\",\"target\":{\"@type\":\"EntryPoint\",\"urlTemplate\":\"https:\/\/rinnovomedspa.com\/?s={search_term_string}\"},\"query-input\":{\"@type\":\"PropertyValueSpecification\",\"valueRequired\":true,\"valueName\":\"search_term_string\"}}],\"inLanguage\":\"en-US\"},{\"@type\":\"Organization\",\"@id\":\"https:\/\/rinnovomedspa.com\/#organization\",\"name\":\"Rinnovo Med Spa\",\"url\":\"https:\/\/rinnovomedspa.com\/\",\"logo\":{\"@type\":\"ImageObject\",\"inLanguage\":\"en-US\",\"@id\":\"https:\/\/rinnovomedspa.com\/#\/schema\/logo\/image\/\",\"url\":\"https:\/\/rinnovomedspa.com\/wp-content\/uploads\/2022\/12\/rinnovo-med-spa-logo-purpule.png\",\"contentUrl\":\"https:\/\/rinnovomedspa.com\/wp-content\/uploads\/2022\/12\/rinnovo-med-spa-logo-purpule.png\",\"width\":150,\"height\":41,\"caption\":\"Rinnovo Med Spa\"},\"image\":{\"@id\":\"https:\/\/rinnovomedspa.com\/#\/schema\/logo\/image\/\"},\"sameAs\":[\"https:\/\/www.facebook.com\/RinnovoMedSpa\"]}]}<\/script>\n<!-- \/ Yoast SEO plugin. -->","yoast_head_json":{"title":"Flash Cream - Rinnovo","robots":{"index":"index","follow":"follow","max-snippet":"max-snippet:-1","max-image-preview":"max-image-preview:large","max-video-preview":"max-video-preview:-1"},"canonical":"https:\/\/rinnovomedspa.com\/en\/products\/flash-cream\/","og_locale":"en_US","og_type":"article","og_title":"Flash Cream - Rinnovo","og_description":"PRESENTACI\u00d3N: 10 ml \u00a1La hemos probado y nos encant\u00f3! Surge de la investigaci\u00f3n cient\u00edfica m\u00e1s exigente, exquisita textura dise\u00f1ada para disminuir y descongestionar la apariencia y textura de las bolsas palpebrales. \u00danica con efecto lifting inmediato de acci\u00f3n duradera, prolongada y progresiva. Disminuye y mejora la apariencia de las bolsas palpebrales. Exclusivo concentrado de activos desinflamantes y drenantes.  BENEFICIOS: \u2013 Su efecto es visible y medible en tan solo 5 minutos \u2013 Humecta \u2013 Descongestiona las bolsas palpebrales  ACTIVOS: Col\u00e1geno Hidrolizado \u2013 excelente humectante; Prote\u00edna Hidrolizada de S\u00e9samo \u2013 logra un \u201cefecto lifting\u201d, consiguiendo aportar en 1 segundo luminosidad, firmeza y tersura. Un efecto que parece m\u00e1gico y hace que la piel luzca radiante y perfecta, borrando los signos de fatiga. Extracto de hinojo (Foeniculumvulgare) emoliente, calmante y acondicionador de piel; Extracto de S\u00e1bila (Aloe barbadensis) \u2013 hidrata y suaviza la piel actuando como un excelente regenerador celular; \u00c1cido Poliglut\u00e1mico y Butilen glicol \u2013 Revolucionario hidratante biodegradable, no t\u00f3xico, tiene la facultad de humectar y rellenar la piel con resultados que se notan. \u00a1Es el mejor tratamiento para pieles fatigadas y envejecidas! Sugerencia: en caso de pieles con envejecimiento prematuro se puede recomendar para edades mas tempranas El uso de este producto es responsabilidad de quien lo consume y de quien lo recomienda.","og_url":"https:\/\/rinnovomedspa.com\/en\/products\/flash-cream\/","og_site_name":"Rinnovo","article_publisher":"https:\/\/www.facebook.com\/RinnovoMedSpa","article_modified_time":"2023-06-15T15:41:57+00:00","og_image":[{"width":1500,"height":1500,"url":"https:\/\/rinnovomedspa.com\/wp-content\/uploads\/2023\/01\/Mesa-de-trabajo-3-2.png","type":"image\/png"}],"twitter_card":"summary_large_image","twitter_misc":{"Est. reading time":"1 minute"},"schema":{"@context":"https:\/\/schema.org","@graph":[{"@type":"WebPage","@id":"https:\/\/rinnovomedspa.com\/product\/flash-cream\/","url":"https:\/\/rinnovomedspa.com\/product\/flash-cream\/","name":"Flash Cream - Rinnovo","isPartOf":{"@id":"https:\/\/rinnovomedspa.com\/#website"},"primaryImageOfPage":{"@id":"https:\/\/rinnovomedspa.com\/product\/flash-cream\/#primaryimage"},"image":{"@id":"https:\/\/rinnovomedspa.com\/product\/flash-cream\/#primaryimage"},"thumbnailUrl":"https:\/\/rinnovomedspa.com\/wp-content\/uploads\/2023\/01\/Mesa-de-trabajo-3-2.png","datePublished":"2023-01-18T18:57:43+00:00","dateModified":"2023-06-15T15:41:57+00:00","breadcrumb":{"@id":"https:\/\/rinnovomedspa.com\/product\/flash-cream\/#breadcrumb"},"inLanguage":"en-US","potentialAction":[{"@type":"ReadAction","target":["https:\/\/rinnovomedspa.com\/product\/flash-cream\/"]}]},{"@type":"ImageObject","inLanguage":"en-US","@id":"https:\/\/rinnovomedspa.com\/product\/flash-cream\/#primaryimage","url":"https:\/\/rinnovomedspa.com\/wp-content\/uploads\/2023\/01\/Mesa-de-trabajo-3-2.png","contentUrl":"https:\/\/rinnovomedspa.com\/wp-content\/uploads\/2023\/01\/Mesa-de-trabajo-3-2.png","width":1500,"height":1500},{"@type":"BreadcrumbList","@id":"https:\/\/rinnovomedspa.com\/product\/flash-cream\/#breadcrumb","itemListElement":[{"@type":"ListItem","position":1,"name":"Inicio","item":"https:\/\/rinnovomedspa.com\/"},{"@type":"ListItem","position":2,"name":"Nuestra Tienda","item":"https:\/\/rinnovomedspa.com\/tienda\/"},{"@type":"ListItem","position":3,"name":"Flash Cream"}]},{"@type":"WebSite","@id":"https:\/\/rinnovomedspa.com\/#website","url":"https:\/\/rinnovomedspa.com\/","name":"Rinnovo Med Spa","description":"med-spa","publisher":{"@id":"https:\/\/rinnovomedspa.com\/#organization"},"potentialAction":[{"@type":"SearchAction","target":{"@type":"EntryPoint","urlTemplate":"https:\/\/rinnovomedspa.com\/?s={search_term_string}"},"query-input":{"@type":"PropertyValueSpecification","valueRequired":true,"valueName":"search_term_string"}}],"inLanguage":"en-US"},{"@type":"Organization","@id":"https:\/\/rinnovomedspa.com\/#organization","name":"Rinnovo Med Spa","url":"https:\/\/rinnovomedspa.com\/","logo":{"@type":"ImageObject","inLanguage":"en-US","@id":"https:\/\/rinnovomedspa.com\/#\/schema\/logo\/image\/","url":"https:\/\/rinnovomedspa.com\/wp-content\/uploads\/2022\/12\/rinnovo-med-spa-logo-purpule.png","contentUrl":"https:\/\/rinnovomedspa.com\/wp-content\/uploads\/2022\/12\/rinnovo-med-spa-logo-purpule.png","width":150,"height":41,"caption":"Rinnovo Med Spa"},"image":{"@id":"https:\/\/rinnovomedspa.com\/#\/schema\/logo\/image\/"},"sameAs":["https:\/\/www.facebook.com\/RinnovoMedSpa"]}]}},"_links":{"self":[{"href":"https:\/\/rinnovomedspa.com\/en\/wp-json\/wp\/v2\/product\/4433","targetHints":{"allow":["GET"]}}],"collection":[{"href":"https:\/\/rinnovomedspa.com\/en\/wp-json\/wp\/v2\/product"}],"about":[{"href":"https:\/\/rinnovomedspa.com\/en\/wp-json\/wp\/v2\/types\/product"}],"replies":[{"embeddable":true,"href":"https:\/\/rinnovomedspa.com\/en\/wp-json\/wp\/v2\/comments?post=4433"}],"wp:featuredmedia":[{"embeddable":true,"href":"https:\/\/rinnovomedspa.com\/en\/wp-json\/wp\/v2\/media\/4551"}],"wp:attachment":[{"href":"https:\/\/rinnovomedspa.com\/en\/wp-json\/wp\/v2\/media?parent=4433"}],"wp:term":[{"taxonomy":"product_brand","embeddable":true,"href":"https:\/\/rinnovomedspa.com\/en\/wp-json\/wp\/v2\/product_brand?post=4433"},{"taxonomy":"product_cat","embeddable":true,"href":"https:\/\/rinnovomedspa.com\/en\/wp-json\/wp\/v2\/product_cat?post=4433"},{"taxonomy":"product_tag","embeddable":true,"href":"https:\/\/rinnovomedspa.com\/en\/wp-json\/wp\/v2\/product_tag?post=4433"}],"curies":[{"name":"wp","href":"https:\/\/api.w.org\/{rel}","templated":true}]}}