{"id":4432,"date":"2023-01-18T18:57:43","date_gmt":"2023-01-18T18:57:43","guid":{"rendered":"https:\/\/rinnovomedspa.com\/?post_type=product&#038;p=4432"},"modified":"2024-03-03T12:39:10","modified_gmt":"2024-03-03T12:39:10","slug":"repair-laser-cristal","status":"publish","type":"product","link":"https:\/\/rinnovomedspa.com\/en\/products\/repair-laser-crystal\/","title":{"rendered":"Repair Laser Crystal"},"content":{"rendered":"<p>Presentation. 30ml<\/p>\n<p>INDICATED FOR: *All skin types From the age of 35<\/p>\n<p>BENEFITS: Provides energy to the cell Moisturizes Firms Stimulates Reduces dark circles<\/p>\n<p>ASSETS The best moisturizing assets such as Marine Collagen, Elastin and Aloe Extract are found in this formulation, in addition to Vitamin E, one of the best protectors against free radicals; Wheat germ. Suggestion: in case of skin with premature aging, it can be recommended for earlier ages. The use of this product is the responsibility of whoever consumes it and whoever recommends it.<\/p>","protected":false},"excerpt":{"rendered":"<p>Presentation. 30ml<\/p>\n<p>INDICATED FOR: *All skin types From the age of 35<\/p>\n<p>BENEFITS: Provides energy to the cell Moisturizes Firms Stimulates Reduces dark circles<\/p>\n<p>ASSETS The best moisturizing assets such as Marine Collagen, Elastin and Aloe Extract are found in this formulation, in addition to Vitamin E, one of the best protectors against free radicals; Wheat germ. Suggestion: in case of skin with premature aging, it can be recommended for earlier ages. The use of this product is the responsibility of whoever consumes it and whoever recommends it.<\/p>","protected":false},"featured_media":4552,"comment_status":"open","ping_status":"closed","template":"","meta":{"inline_featured_image":false},"product_brand":[],"product_cat":[149],"product_tag":[],"class_list":{"0":"post-4432","1":"product","2":"type-product","3":"status-publish","4":"has-post-thumbnail","6":"product_cat-contorno-de-ojos","8":"first","9":"instock","10":"shipping-taxable","11":"purchasable","12":"product-type-simple"},"yoast_head":"<!-- This site is optimized with the Yoast SEO plugin v26.0 - https:\/\/yoast.com\/wordpress\/plugins\/seo\/ -->\n<title>Repair L\u00e1ser Cristal - Rinnovo<\/title>\n<meta name=\"robots\" content=\"index, follow, max-snippet:-1, max-image-preview:large, max-video-preview:-1\" \/>\n<link rel=\"canonical\" href=\"https:\/\/rinnovomedspa.com\/en\/products\/repair-laser-crystal\/\" \/>\n<meta property=\"og:locale\" content=\"en_US\" \/>\n<meta property=\"og:type\" content=\"article\" \/>\n<meta property=\"og:title\" content=\"Repair L\u00e1ser Cristal - Rinnovo\" \/>\n<meta property=\"og:description\" content=\"Presentaci\u00f3n. 30ml  INDICADO PARA: *Todo tipo de piel A partir de los 35 a\u00f1os  BENEFICIOS: Aporta energ\u00eda a la c\u00e9lula Humecta Reafirma Estimula Reduce ojeras  ACTIVOS Los mejores activos humectantes como son el Col\u00e1geno Marino, la Elastina y el Extracto de S\u00e1bila se encuentran en esta formulaci\u00f3n adem\u00e1s de la Vitamina E uno de los mejores protectores contra los radicales libres; Germen de trigo. Sugerencia: en caso de pieles con envejecimiento prematuro se puede recomendar para edades mas tempranas El uso de este producto es responsabilidad de quien lo consume y de quien lo recomienda.\" \/>\n<meta property=\"og:url\" content=\"https:\/\/rinnovomedspa.com\/en\/products\/repair-laser-crystal\/\" \/>\n<meta property=\"og:site_name\" content=\"Rinnovo\" \/>\n<meta property=\"article:publisher\" content=\"https:\/\/www.facebook.com\/RinnovoMedSpa\" \/>\n<meta property=\"article:modified_time\" content=\"2024-03-03T12:39:10+00:00\" \/>\n<meta property=\"og:image\" content=\"https:\/\/rinnovomedspa.com\/wp-content\/uploads\/2023\/01\/Gel_facial_repair_laser_cristal_30ml-copia.png\" \/>\n\t<meta property=\"og:image:width\" content=\"1000\" \/>\n\t<meta property=\"og:image:height\" content=\"1000\" \/>\n\t<meta property=\"og:image:type\" content=\"image\/png\" \/>\n<meta name=\"twitter:card\" content=\"summary_large_image\" \/>\n<meta name=\"twitter:label1\" content=\"Est. reading time\" \/>\n\t<meta name=\"twitter:data1\" content=\"1 minute\" \/>\n<script type=\"application\/ld+json\" class=\"yoast-schema-graph\">{\"@context\":\"https:\/\/schema.org\",\"@graph\":[{\"@type\":\"WebPage\",\"@id\":\"https:\/\/rinnovomedspa.com\/product\/repair-laser-cristal\/\",\"url\":\"https:\/\/rinnovomedspa.com\/product\/repair-laser-cristal\/\",\"name\":\"Repair L\u00e1ser Cristal - Rinnovo\",\"isPartOf\":{\"@id\":\"https:\/\/rinnovomedspa.com\/#website\"},\"primaryImageOfPage\":{\"@id\":\"https:\/\/rinnovomedspa.com\/product\/repair-laser-cristal\/#primaryimage\"},\"image\":{\"@id\":\"https:\/\/rinnovomedspa.com\/product\/repair-laser-cristal\/#primaryimage\"},\"thumbnailUrl\":\"https:\/\/rinnovomedspa.com\/wp-content\/uploads\/2023\/01\/Gel_facial_repair_laser_cristal_30ml-copia.png\",\"datePublished\":\"2023-01-18T18:57:43+00:00\",\"dateModified\":\"2024-03-03T12:39:10+00:00\",\"breadcrumb\":{\"@id\":\"https:\/\/rinnovomedspa.com\/product\/repair-laser-cristal\/#breadcrumb\"},\"inLanguage\":\"en-US\",\"potentialAction\":[{\"@type\":\"ReadAction\",\"target\":[\"https:\/\/rinnovomedspa.com\/product\/repair-laser-cristal\/\"]}]},{\"@type\":\"ImageObject\",\"inLanguage\":\"en-US\",\"@id\":\"https:\/\/rinnovomedspa.com\/product\/repair-laser-cristal\/#primaryimage\",\"url\":\"https:\/\/rinnovomedspa.com\/wp-content\/uploads\/2023\/01\/Gel_facial_repair_laser_cristal_30ml-copia.png\",\"contentUrl\":\"https:\/\/rinnovomedspa.com\/wp-content\/uploads\/2023\/01\/Gel_facial_repair_laser_cristal_30ml-copia.png\",\"width\":1000,\"height\":1000},{\"@type\":\"BreadcrumbList\",\"@id\":\"https:\/\/rinnovomedspa.com\/product\/repair-laser-cristal\/#breadcrumb\",\"itemListElement\":[{\"@type\":\"ListItem\",\"position\":1,\"name\":\"Inicio\",\"item\":\"https:\/\/rinnovomedspa.com\/\"},{\"@type\":\"ListItem\",\"position\":2,\"name\":\"Nuestra Tienda\",\"item\":\"https:\/\/rinnovomedspa.com\/tienda\/\"},{\"@type\":\"ListItem\",\"position\":3,\"name\":\"Repair L\u00e1ser Cristal\"}]},{\"@type\":\"WebSite\",\"@id\":\"https:\/\/rinnovomedspa.com\/#website\",\"url\":\"https:\/\/rinnovomedspa.com\/\",\"name\":\"Rinnovo Med Spa\",\"description\":\"Med Spa\",\"publisher\":{\"@id\":\"https:\/\/rinnovomedspa.com\/#organization\"},\"potentialAction\":[{\"@type\":\"SearchAction\",\"target\":{\"@type\":\"EntryPoint\",\"urlTemplate\":\"https:\/\/rinnovomedspa.com\/?s={search_term_string}\"},\"query-input\":{\"@type\":\"PropertyValueSpecification\",\"valueRequired\":true,\"valueName\":\"search_term_string\"}}],\"inLanguage\":\"en-US\"},{\"@type\":\"Organization\",\"@id\":\"https:\/\/rinnovomedspa.com\/#organization\",\"name\":\"Rinnovo Med Spa\",\"url\":\"https:\/\/rinnovomedspa.com\/\",\"logo\":{\"@type\":\"ImageObject\",\"inLanguage\":\"en-US\",\"@id\":\"https:\/\/rinnovomedspa.com\/#\/schema\/logo\/image\/\",\"url\":\"https:\/\/rinnovomedspa.com\/wp-content\/uploads\/2022\/12\/rinnovo-med-spa-logo-purpule.png\",\"contentUrl\":\"https:\/\/rinnovomedspa.com\/wp-content\/uploads\/2022\/12\/rinnovo-med-spa-logo-purpule.png\",\"width\":150,\"height\":41,\"caption\":\"Rinnovo Med Spa\"},\"image\":{\"@id\":\"https:\/\/rinnovomedspa.com\/#\/schema\/logo\/image\/\"},\"sameAs\":[\"https:\/\/www.facebook.com\/RinnovoMedSpa\"]}]}<\/script>\n<!-- \/ Yoast SEO plugin. -->","yoast_head_json":{"title":"Repair Laser Glass - Rinnovo","robots":{"index":"index","follow":"follow","max-snippet":"max-snippet:-1","max-image-preview":"max-image-preview:large","max-video-preview":"max-video-preview:-1"},"canonical":"https:\/\/rinnovomedspa.com\/en\/products\/repair-laser-crystal\/","og_locale":"en_US","og_type":"article","og_title":"Repair L\u00e1ser Cristal - Rinnovo","og_description":"Presentaci\u00f3n. 30ml  INDICADO PARA: *Todo tipo de piel A partir de los 35 a\u00f1os  BENEFICIOS: Aporta energ\u00eda a la c\u00e9lula Humecta Reafirma Estimula Reduce ojeras  ACTIVOS Los mejores activos humectantes como son el Col\u00e1geno Marino, la Elastina y el Extracto de S\u00e1bila se encuentran en esta formulaci\u00f3n adem\u00e1s de la Vitamina E uno de los mejores protectores contra los radicales libres; Germen de trigo. Sugerencia: en caso de pieles con envejecimiento prematuro se puede recomendar para edades mas tempranas El uso de este producto es responsabilidad de quien lo consume y de quien lo recomienda.","og_url":"https:\/\/rinnovomedspa.com\/en\/products\/repair-laser-crystal\/","og_site_name":"Rinnovo","article_publisher":"https:\/\/www.facebook.com\/RinnovoMedSpa","article_modified_time":"2024-03-03T12:39:10+00:00","og_image":[{"width":1000,"height":1000,"url":"https:\/\/rinnovomedspa.com\/wp-content\/uploads\/2023\/01\/Gel_facial_repair_laser_cristal_30ml-copia.png","type":"image\/png"}],"twitter_card":"summary_large_image","twitter_misc":{"Est. reading time":"1 minute"},"schema":{"@context":"https:\/\/schema.org","@graph":[{"@type":"WebPage","@id":"https:\/\/rinnovomedspa.com\/product\/repair-laser-cristal\/","url":"https:\/\/rinnovomedspa.com\/product\/repair-laser-cristal\/","name":"Repair Laser Glass - Rinnovo","isPartOf":{"@id":"https:\/\/rinnovomedspa.com\/#website"},"primaryImageOfPage":{"@id":"https:\/\/rinnovomedspa.com\/product\/repair-laser-cristal\/#primaryimage"},"image":{"@id":"https:\/\/rinnovomedspa.com\/product\/repair-laser-cristal\/#primaryimage"},"thumbnailUrl":"https:\/\/rinnovomedspa.com\/wp-content\/uploads\/2023\/01\/Gel_facial_repair_laser_cristal_30ml-copia.png","datePublished":"2023-01-18T18:57:43+00:00","dateModified":"2024-03-03T12:39:10+00:00","breadcrumb":{"@id":"https:\/\/rinnovomedspa.com\/product\/repair-laser-cristal\/#breadcrumb"},"inLanguage":"en-US","potentialAction":[{"@type":"ReadAction","target":["https:\/\/rinnovomedspa.com\/product\/repair-laser-cristal\/"]}]},{"@type":"ImageObject","inLanguage":"en-US","@id":"https:\/\/rinnovomedspa.com\/product\/repair-laser-cristal\/#primaryimage","url":"https:\/\/rinnovomedspa.com\/wp-content\/uploads\/2023\/01\/Gel_facial_repair_laser_cristal_30ml-copia.png","contentUrl":"https:\/\/rinnovomedspa.com\/wp-content\/uploads\/2023\/01\/Gel_facial_repair_laser_cristal_30ml-copia.png","width":1000,"height":1000},{"@type":"BreadcrumbList","@id":"https:\/\/rinnovomedspa.com\/product\/repair-laser-cristal\/#breadcrumb","itemListElement":[{"@type":"ListItem","position":1,"name":"Inicio","item":"https:\/\/rinnovomedspa.com\/"},{"@type":"ListItem","position":2,"name":"Nuestra Tienda","item":"https:\/\/rinnovomedspa.com\/tienda\/"},{"@type":"ListItem","position":3,"name":"Repair L\u00e1ser Cristal"}]},{"@type":"WebSite","@id":"https:\/\/rinnovomedspa.com\/#website","url":"https:\/\/rinnovomedspa.com\/","name":"Rinnovo Med Spa","description":"med-spa","publisher":{"@id":"https:\/\/rinnovomedspa.com\/#organization"},"potentialAction":[{"@type":"SearchAction","target":{"@type":"EntryPoint","urlTemplate":"https:\/\/rinnovomedspa.com\/?s={search_term_string}"},"query-input":{"@type":"PropertyValueSpecification","valueRequired":true,"valueName":"search_term_string"}}],"inLanguage":"en-US"},{"@type":"Organization","@id":"https:\/\/rinnovomedspa.com\/#organization","name":"Rinnovo Med Spa","url":"https:\/\/rinnovomedspa.com\/","logo":{"@type":"ImageObject","inLanguage":"en-US","@id":"https:\/\/rinnovomedspa.com\/#\/schema\/logo\/image\/","url":"https:\/\/rinnovomedspa.com\/wp-content\/uploads\/2022\/12\/rinnovo-med-spa-logo-purpule.png","contentUrl":"https:\/\/rinnovomedspa.com\/wp-content\/uploads\/2022\/12\/rinnovo-med-spa-logo-purpule.png","width":150,"height":41,"caption":"Rinnovo Med Spa"},"image":{"@id":"https:\/\/rinnovomedspa.com\/#\/schema\/logo\/image\/"},"sameAs":["https:\/\/www.facebook.com\/RinnovoMedSpa"]}]}},"_links":{"self":[{"href":"https:\/\/rinnovomedspa.com\/en\/wp-json\/wp\/v2\/product\/4432","targetHints":{"allow":["GET"]}}],"collection":[{"href":"https:\/\/rinnovomedspa.com\/en\/wp-json\/wp\/v2\/product"}],"about":[{"href":"https:\/\/rinnovomedspa.com\/en\/wp-json\/wp\/v2\/types\/product"}],"replies":[{"embeddable":true,"href":"https:\/\/rinnovomedspa.com\/en\/wp-json\/wp\/v2\/comments?post=4432"}],"wp:featuredmedia":[{"embeddable":true,"href":"https:\/\/rinnovomedspa.com\/en\/wp-json\/wp\/v2\/media\/4552"}],"wp:attachment":[{"href":"https:\/\/rinnovomedspa.com\/en\/wp-json\/wp\/v2\/media?parent=4432"}],"wp:term":[{"taxonomy":"product_brand","embeddable":true,"href":"https:\/\/rinnovomedspa.com\/en\/wp-json\/wp\/v2\/product_brand?post=4432"},{"taxonomy":"product_cat","embeddable":true,"href":"https:\/\/rinnovomedspa.com\/en\/wp-json\/wp\/v2\/product_cat?post=4432"},{"taxonomy":"product_tag","embeddable":true,"href":"https:\/\/rinnovomedspa.com\/en\/wp-json\/wp\/v2\/product_tag?post=4432"}],"curies":[{"name":"wp","href":"https:\/\/api.w.org\/{rel}","templated":true}]}}