{"id":4429,"date":"2023-01-18T18:57:43","date_gmt":"2023-01-18T18:57:43","guid":{"rendered":"https:\/\/rinnovomedspa.com\/?post_type=product&#038;p=4429"},"modified":"2023-06-15T16:10:35","modified_gmt":"2023-06-15T16:10:35","slug":"acneid","status":"publish","type":"product","link":"https:\/\/rinnovomedspa.com\/en\/products\/acneid\/","title":{"rendered":"acne"},"content":{"rendered":"<p>Presentation: 110ml<\/p>\n<p>INDICATED FOR: *Seborrheic Skin *Acneic Skin Facial Body Lotion with Activated Charcoal and Organic Acids Drying effect.<\/p>\n<p>BENEFITS: \u2013 Eliminates impurities \u2013 Refines the pore \u2013 Bactericidal<\/p>\n<p>ACTIVE ACTIVES: Hamamelis (Hammamelis Virginiana) \u2013 mild astringent, Rosemary (Rosmarinus officinalis extract) \u2013 anti-inflammatory, Benzoin (Styrax benzoin) \u2013 has antiseptic, healing, moisturizing, soothing properties that are very beneficial for the skin, Organic Acids. Shake before use. Observations: in case of sensitive skin or irritation, apply the lotion every third day in localized areas, or, if necessary, discontinue it. The use of this product is the responsibility of the person who consumes it and the person who recommends it.<\/p>","protected":false},"excerpt":{"rendered":"<p>Presentation: 110ml<\/p>\n<p>INDICATED FOR: *Seborrheic Skin *Acneic Skin Facial Body Lotion with Activated Charcoal and Organic Acids Drying effect.<\/p>\n<p>BENEFITS: \u2013 Eliminates impurities \u2013 Refines the pore \u2013 Bactericidal<\/p>\n<p>ACTIVE ACTIVES: Hamamelis (Hammamelis Virginiana) \u2013 mild astringent, Rosemary (Rosmarinus officinalis extract) \u2013 anti-inflammatory, Benzoin (Styrax benzoin) \u2013 has antiseptic, healing, moisturizing, soothing properties that are very beneficial for the skin, Organic Acids. Shake before use. Observations: in case of sensitive skin or irritation, apply the lotion every third day in localized areas, or, if necessary, discontinue it. The use of this product is the responsibility of the person who consumes it and the person who recommends it.<\/p>","protected":false},"featured_media":4555,"comment_status":"open","ping_status":"closed","template":"","meta":{"inline_featured_image":false},"product_brand":[],"product_cat":[148],"product_tag":[],"class_list":{"0":"post-4429","1":"product","2":"type-product","3":"status-publish","4":"has-post-thumbnail","6":"product_cat-lociones-facilales","8":"first","9":"instock","10":"shipping-taxable","11":"purchasable","12":"product-type-simple"},"yoast_head":"<!-- This site is optimized with the Yoast SEO plugin v26.0 - https:\/\/yoast.com\/wordpress\/plugins\/seo\/ -->\n<title>Acneid - Rinnovo<\/title>\n<meta name=\"robots\" content=\"index, follow, max-snippet:-1, max-image-preview:large, max-video-preview:-1\" \/>\n<link rel=\"canonical\" href=\"https:\/\/rinnovomedspa.com\/en\/products\/acneid\/\" \/>\n<meta property=\"og:locale\" content=\"en_US\" \/>\n<meta property=\"og:type\" content=\"article\" \/>\n<meta property=\"og:title\" content=\"Acneid - Rinnovo\" \/>\n<meta property=\"og:description\" content=\"Presentaci\u00f3n: 110ml  INDICADO PARA: *Piel Seborreica *Piel Acn\u00e9ica Loci\u00f3n Corpo facial con Carb\u00f3n Activado y \u00c1cidos Org\u00e1nicos Efecto secante.  BENEFICIOS: \u2013 Elimina impurezas \u2013 Afina el poro \u2013 Bactericida  ACTIVOS: Hamamelis (Hammamelis Virginiana) \u2013 astringente suave, Romero (Rosmarinus officinalis extract) \u2013 antiinflamatorio, Benju\u00ed (Styrax benzoin) \u2013 tiene propiedades antis\u00e9pticas, cicatrizantes, hidratantes, calmantes muy beneficiosas para la piel, \u00c1cidos Org\u00e1nicos. Agite antes de usar. Observaciones: en caso de pieles sensibles o irritaci\u00f3n, aplica la loci\u00f3n cada tercer dia en zonas localizadas, o en su caso suspenderla. El uso de este producto es responsabilidad de quien lo consume y de quien lo recomienda.\" \/>\n<meta property=\"og:url\" content=\"https:\/\/rinnovomedspa.com\/en\/products\/acneid\/\" \/>\n<meta property=\"og:site_name\" content=\"Rinnovo\" \/>\n<meta property=\"article:publisher\" content=\"https:\/\/www.facebook.com\/RinnovoMedSpa\" \/>\n<meta property=\"article:modified_time\" content=\"2023-06-15T16:10:35+00:00\" \/>\n<meta property=\"og:image\" content=\"https:\/\/rinnovomedspa.com\/wp-content\/uploads\/2023\/01\/Locion_copor_facial_acneid_con_carbon_110ml.png\" \/>\n\t<meta property=\"og:image:width\" content=\"1000\" \/>\n\t<meta property=\"og:image:height\" content=\"1000\" \/>\n\t<meta property=\"og:image:type\" content=\"image\/png\" \/>\n<meta name=\"twitter:card\" content=\"summary_large_image\" \/>\n<meta name=\"twitter:label1\" content=\"Est. reading time\" \/>\n\t<meta name=\"twitter:data1\" content=\"1 minute\" \/>\n<script type=\"application\/ld+json\" class=\"yoast-schema-graph\">{\"@context\":\"https:\/\/schema.org\",\"@graph\":[{\"@type\":\"WebPage\",\"@id\":\"https:\/\/rinnovomedspa.com\/product\/acneid\/\",\"url\":\"https:\/\/rinnovomedspa.com\/product\/acneid\/\",\"name\":\"Acneid - Rinnovo\",\"isPartOf\":{\"@id\":\"https:\/\/rinnovomedspa.com\/#website\"},\"primaryImageOfPage\":{\"@id\":\"https:\/\/rinnovomedspa.com\/product\/acneid\/#primaryimage\"},\"image\":{\"@id\":\"https:\/\/rinnovomedspa.com\/product\/acneid\/#primaryimage\"},\"thumbnailUrl\":\"https:\/\/rinnovomedspa.com\/wp-content\/uploads\/2023\/01\/Locion_copor_facial_acneid_con_carbon_110ml.png\",\"datePublished\":\"2023-01-18T18:57:43+00:00\",\"dateModified\":\"2023-06-15T16:10:35+00:00\",\"breadcrumb\":{\"@id\":\"https:\/\/rinnovomedspa.com\/product\/acneid\/#breadcrumb\"},\"inLanguage\":\"en-US\",\"potentialAction\":[{\"@type\":\"ReadAction\",\"target\":[\"https:\/\/rinnovomedspa.com\/product\/acneid\/\"]}]},{\"@type\":\"ImageObject\",\"inLanguage\":\"en-US\",\"@id\":\"https:\/\/rinnovomedspa.com\/product\/acneid\/#primaryimage\",\"url\":\"https:\/\/rinnovomedspa.com\/wp-content\/uploads\/2023\/01\/Locion_copor_facial_acneid_con_carbon_110ml.png\",\"contentUrl\":\"https:\/\/rinnovomedspa.com\/wp-content\/uploads\/2023\/01\/Locion_copor_facial_acneid_con_carbon_110ml.png\",\"width\":1000,\"height\":1000},{\"@type\":\"BreadcrumbList\",\"@id\":\"https:\/\/rinnovomedspa.com\/product\/acneid\/#breadcrumb\",\"itemListElement\":[{\"@type\":\"ListItem\",\"position\":1,\"name\":\"Inicio\",\"item\":\"https:\/\/rinnovomedspa.com\/\"},{\"@type\":\"ListItem\",\"position\":2,\"name\":\"Nuestra Tienda\",\"item\":\"https:\/\/rinnovomedspa.com\/tienda\/\"},{\"@type\":\"ListItem\",\"position\":3,\"name\":\"Acneid\"}]},{\"@type\":\"WebSite\",\"@id\":\"https:\/\/rinnovomedspa.com\/#website\",\"url\":\"https:\/\/rinnovomedspa.com\/\",\"name\":\"Rinnovo Med Spa\",\"description\":\"Med Spa\",\"publisher\":{\"@id\":\"https:\/\/rinnovomedspa.com\/#organization\"},\"potentialAction\":[{\"@type\":\"SearchAction\",\"target\":{\"@type\":\"EntryPoint\",\"urlTemplate\":\"https:\/\/rinnovomedspa.com\/?s={search_term_string}\"},\"query-input\":{\"@type\":\"PropertyValueSpecification\",\"valueRequired\":true,\"valueName\":\"search_term_string\"}}],\"inLanguage\":\"en-US\"},{\"@type\":\"Organization\",\"@id\":\"https:\/\/rinnovomedspa.com\/#organization\",\"name\":\"Rinnovo Med Spa\",\"url\":\"https:\/\/rinnovomedspa.com\/\",\"logo\":{\"@type\":\"ImageObject\",\"inLanguage\":\"en-US\",\"@id\":\"https:\/\/rinnovomedspa.com\/#\/schema\/logo\/image\/\",\"url\":\"https:\/\/rinnovomedspa.com\/wp-content\/uploads\/2022\/12\/rinnovo-med-spa-logo-purpule.png\",\"contentUrl\":\"https:\/\/rinnovomedspa.com\/wp-content\/uploads\/2022\/12\/rinnovo-med-spa-logo-purpule.png\",\"width\":150,\"height\":41,\"caption\":\"Rinnovo Med Spa\"},\"image\":{\"@id\":\"https:\/\/rinnovomedspa.com\/#\/schema\/logo\/image\/\"},\"sameAs\":[\"https:\/\/www.facebook.com\/RinnovoMedSpa\"]}]}<\/script>\n<!-- \/ Yoast SEO plugin. -->","yoast_head_json":{"title":"Acneid - Rinnovo","robots":{"index":"index","follow":"follow","max-snippet":"max-snippet:-1","max-image-preview":"max-image-preview:large","max-video-preview":"max-video-preview:-1"},"canonical":"https:\/\/rinnovomedspa.com\/en\/products\/acneid\/","og_locale":"en_US","og_type":"article","og_title":"Acneid - Rinnovo","og_description":"Presentaci\u00f3n: 110ml  INDICADO PARA: *Piel Seborreica *Piel Acn\u00e9ica Loci\u00f3n Corpo facial con Carb\u00f3n Activado y \u00c1cidos Org\u00e1nicos Efecto secante.  BENEFICIOS: \u2013 Elimina impurezas \u2013 Afina el poro \u2013 Bactericida  ACTIVOS: Hamamelis (Hammamelis Virginiana) \u2013 astringente suave, Romero (Rosmarinus officinalis extract) \u2013 antiinflamatorio, Benju\u00ed (Styrax benzoin) \u2013 tiene propiedades antis\u00e9pticas, cicatrizantes, hidratantes, calmantes muy beneficiosas para la piel, \u00c1cidos Org\u00e1nicos. Agite antes de usar. Observaciones: en caso de pieles sensibles o irritaci\u00f3n, aplica la loci\u00f3n cada tercer dia en zonas localizadas, o en su caso suspenderla. El uso de este producto es responsabilidad de quien lo consume y de quien lo recomienda.","og_url":"https:\/\/rinnovomedspa.com\/en\/products\/acneid\/","og_site_name":"Rinnovo","article_publisher":"https:\/\/www.facebook.com\/RinnovoMedSpa","article_modified_time":"2023-06-15T16:10:35+00:00","og_image":[{"width":1000,"height":1000,"url":"https:\/\/rinnovomedspa.com\/wp-content\/uploads\/2023\/01\/Locion_copor_facial_acneid_con_carbon_110ml.png","type":"image\/png"}],"twitter_card":"summary_large_image","twitter_misc":{"Est. reading time":"1 minute"},"schema":{"@context":"https:\/\/schema.org","@graph":[{"@type":"WebPage","@id":"https:\/\/rinnovomedspa.com\/product\/acneid\/","url":"https:\/\/rinnovomedspa.com\/product\/acneid\/","name":"Acneid - Rinnovo","isPartOf":{"@id":"https:\/\/rinnovomedspa.com\/#website"},"primaryImageOfPage":{"@id":"https:\/\/rinnovomedspa.com\/product\/acneid\/#primaryimage"},"image":{"@id":"https:\/\/rinnovomedspa.com\/product\/acneid\/#primaryimage"},"thumbnailUrl":"https:\/\/rinnovomedspa.com\/wp-content\/uploads\/2023\/01\/Locion_copor_facial_acneid_con_carbon_110ml.png","datePublished":"2023-01-18T18:57:43+00:00","dateModified":"2023-06-15T16:10:35+00:00","breadcrumb":{"@id":"https:\/\/rinnovomedspa.com\/product\/acneid\/#breadcrumb"},"inLanguage":"en-US","potentialAction":[{"@type":"ReadAction","target":["https:\/\/rinnovomedspa.com\/product\/acneid\/"]}]},{"@type":"ImageObject","inLanguage":"en-US","@id":"https:\/\/rinnovomedspa.com\/product\/acneid\/#primaryimage","url":"https:\/\/rinnovomedspa.com\/wp-content\/uploads\/2023\/01\/Locion_copor_facial_acneid_con_carbon_110ml.png","contentUrl":"https:\/\/rinnovomedspa.com\/wp-content\/uploads\/2023\/01\/Locion_copor_facial_acneid_con_carbon_110ml.png","width":1000,"height":1000},{"@type":"BreadcrumbList","@id":"https:\/\/rinnovomedspa.com\/product\/acneid\/#breadcrumb","itemListElement":[{"@type":"ListItem","position":1,"name":"Inicio","item":"https:\/\/rinnovomedspa.com\/"},{"@type":"ListItem","position":2,"name":"Nuestra Tienda","item":"https:\/\/rinnovomedspa.com\/tienda\/"},{"@type":"ListItem","position":3,"name":"Acneid"}]},{"@type":"WebSite","@id":"https:\/\/rinnovomedspa.com\/#website","url":"https:\/\/rinnovomedspa.com\/","name":"Rinnovo Med Spa","description":"med-spa","publisher":{"@id":"https:\/\/rinnovomedspa.com\/#organization"},"potentialAction":[{"@type":"SearchAction","target":{"@type":"EntryPoint","urlTemplate":"https:\/\/rinnovomedspa.com\/?s={search_term_string}"},"query-input":{"@type":"PropertyValueSpecification","valueRequired":true,"valueName":"search_term_string"}}],"inLanguage":"en-US"},{"@type":"Organization","@id":"https:\/\/rinnovomedspa.com\/#organization","name":"Rinnovo Med Spa","url":"https:\/\/rinnovomedspa.com\/","logo":{"@type":"ImageObject","inLanguage":"en-US","@id":"https:\/\/rinnovomedspa.com\/#\/schema\/logo\/image\/","url":"https:\/\/rinnovomedspa.com\/wp-content\/uploads\/2022\/12\/rinnovo-med-spa-logo-purpule.png","contentUrl":"https:\/\/rinnovomedspa.com\/wp-content\/uploads\/2022\/12\/rinnovo-med-spa-logo-purpule.png","width":150,"height":41,"caption":"Rinnovo Med Spa"},"image":{"@id":"https:\/\/rinnovomedspa.com\/#\/schema\/logo\/image\/"},"sameAs":["https:\/\/www.facebook.com\/RinnovoMedSpa"]}]}},"_links":{"self":[{"href":"https:\/\/rinnovomedspa.com\/en\/wp-json\/wp\/v2\/product\/4429","targetHints":{"allow":["GET"]}}],"collection":[{"href":"https:\/\/rinnovomedspa.com\/en\/wp-json\/wp\/v2\/product"}],"about":[{"href":"https:\/\/rinnovomedspa.com\/en\/wp-json\/wp\/v2\/types\/product"}],"replies":[{"embeddable":true,"href":"https:\/\/rinnovomedspa.com\/en\/wp-json\/wp\/v2\/comments?post=4429"}],"wp:featuredmedia":[{"embeddable":true,"href":"https:\/\/rinnovomedspa.com\/en\/wp-json\/wp\/v2\/media\/4555"}],"wp:attachment":[{"href":"https:\/\/rinnovomedspa.com\/en\/wp-json\/wp\/v2\/media?parent=4429"}],"wp:term":[{"taxonomy":"product_brand","embeddable":true,"href":"https:\/\/rinnovomedspa.com\/en\/wp-json\/wp\/v2\/product_brand?post=4429"},{"taxonomy":"product_cat","embeddable":true,"href":"https:\/\/rinnovomedspa.com\/en\/wp-json\/wp\/v2\/product_cat?post=4429"},{"taxonomy":"product_tag","embeddable":true,"href":"https:\/\/rinnovomedspa.com\/en\/wp-json\/wp\/v2\/product_tag?post=4429"}],"curies":[{"name":"wp","href":"https:\/\/api.w.org\/{rel}","templated":true}]}}