{"id":4426,"date":"2023-01-18T18:57:43","date_gmt":"2023-01-18T18:57:43","guid":{"rendered":"https:\/\/rinnovomedspa.com\/?post_type=product&#038;p=4426"},"modified":"2023-06-15T16:13:30","modified_gmt":"2023-06-15T16:13:30","slug":"rosa-mosqueta","status":"publish","type":"product","link":"https:\/\/rinnovomedspa.com\/en\/product\/rosa-mosqueta\/","title":{"rendered":"Rosehip"},"content":{"rendered":"<p>Presentation: 150ml<\/p>\n<p>SUITABLE FOR: Alipic, Devitalized and Young Skins Super moisturizing and hydrating formula that optimizes skin regeneration with active Rosehip with great benefits. Delays the signs of aging, improves expression lines.<\/p>\n<p>BENEFITS: Hydrates Moisturizes Protects and Revitalizes Brighter and smoother skin<\/p>\n<p>INGREDIENTS: Rosa Rubiginosa (hip) Extract \u2013 It has moisturizing, nourishing and regenerative properties for the skin, Rosa Centifolia Extract \u2013 Very moisturizing and firming, helps control the appearance of skin blemishes, Rosa Canina Extract \u2013 has draining and toning properties, Bulgarian Rose \u2013 with very moisturizing properties, Aloe extract \u2013 its moisturizing properties make the skin softer and silkier. The use of this product is the responsibility of whoever consumes it and whoever recommends it<\/p>","protected":false},"excerpt":{"rendered":"<p>Presentation: 150ml<\/p>\n<p>SUITABLE FOR: Alipic, Devitalized and Young Skins Super moisturizing and hydrating formula that optimizes skin regeneration with active Rosehip with great benefits. Delays the signs of aging, improves expression lines.<\/p>\n<p>BENEFITS: Hydrates Moisturizes Protects and Revitalizes Brighter and smoother skin<\/p>\n<p>INGREDIENTS: Rosa Rubiginosa (hip) Extract \u2013 It has moisturizing, nourishing and regenerative properties for the skin, Rosa Centifolia Extract \u2013 Very moisturizing and firming, helps control the appearance of skin blemishes, Rosa Canina Extract \u2013 has draining and toning properties, Bulgarian Rose \u2013 with very moisturizing properties, Aloe extract \u2013 its moisturizing properties make the skin softer and silkier. The use of this product is the responsibility of whoever consumes it and whoever recommends it<\/p>","protected":false},"featured_media":4571,"comment_status":"open","ping_status":"closed","template":"","meta":{"inline_featured_image":false},"product_brand":[],"product_cat":[148],"product_tag":[],"class_list":{"0":"post-4426","1":"product","2":"type-product","3":"status-publish","4":"has-post-thumbnail","6":"product_cat-lociones-facilales","8":"first","9":"instock","10":"shipping-taxable","11":"purchasable","12":"product-type-simple"},"yoast_head":"<!-- This site is optimized with the Yoast SEO plugin v27.4 - https:\/\/yoast.com\/product\/yoast-seo-wordpress\/ -->\n<title>Rosa Mosqueta - Rinnovo<\/title>\n<meta name=\"robots\" content=\"index, follow, max-snippet:-1, max-image-preview:large, max-video-preview:-1\" \/>\n<link rel=\"canonical\" href=\"https:\/\/rinnovomedspa.com\/en\/products\/rosehip\/\" \/>\n<meta property=\"og:locale\" content=\"en_US\" \/>\n<meta property=\"og:type\" content=\"article\" \/>\n<meta property=\"og:title\" content=\"Rosa Mosqueta - Rinnovo\" \/>\n<meta property=\"og:description\" content=\"Presentaci\u00f3n: 150 ml  INDICADO PARA: Pieles Al\u00edpicas, Desvitalizadas y J\u00f3venes Formula s\u00faper humectante e hidratante que optimiza la regeneraci\u00f3n de la piel con Rosa Mosqueta activo con grandes beneficios. Retrasa los signos de la edad, mejorar las l\u00edneas de expresi\u00f3n.  BENEFICIOS: Hidrata Humecta Protege y Revitaliza Piel m\u00e1s luminosa y tersa  ACTIVOS: Extracto de Rosa Rubiginosa (mosqueta) \u2013 Tiene propiedades hidratantes, nutritivas y regeneradora de piel, Extracto de Rosa Centifolia \u2013 Muy hidratante y reafirmante, contribuye a controlar la aparici\u00f3n de manchas cut\u00e1neas, Extracto de Rosa Canina \u2013 tiene propiedades drenantes y tonificantes, Rosa B\u00falgara \u2013 con propiedades muy humectantes, extracto de Aloe \u2013 sus propiedades hidratantes hacen que la piel sea m\u00e1s suave y sedosa. El uso de este producto es responsabilidad de quien lo consume y de quien lo recomienda\" \/>\n<meta property=\"og:url\" content=\"https:\/\/rinnovomedspa.com\/en\/products\/rosehip\/\" \/>\n<meta property=\"og:site_name\" content=\"Rinnovo\" \/>\n<meta property=\"article:publisher\" content=\"https:\/\/www.facebook.com\/RinnovoMedSpa\" \/>\n<meta property=\"article:modified_time\" content=\"2023-06-15T16:13:30+00:00\" \/>\n<meta property=\"og:image\" content=\"https:\/\/rinnovomedspa.com\/wp-content\/uploads\/2023\/01\/Locion_rosa-moqueta_piel_luminosa_y_tersa_150ml.png\" \/>\n\t<meta property=\"og:image:width\" content=\"1000\" \/>\n\t<meta property=\"og:image:height\" content=\"1000\" \/>\n\t<meta property=\"og:image:type\" content=\"image\/png\" \/>\n<meta name=\"twitter:card\" content=\"summary_large_image\" \/>\n<meta name=\"twitter:label1\" content=\"Est. reading time\" \/>\n\t<meta name=\"twitter:data1\" content=\"1 minute\" \/>\n<script type=\"application\/ld+json\" class=\"yoast-schema-graph\">{\"@context\":\"https:\\\/\\\/schema.org\",\"@graph\":[{\"@type\":\"WebPage\",\"@id\":\"https:\\\/\\\/rinnovomedspa.com\\\/product\\\/rosa-mosqueta\\\/\",\"url\":\"https:\\\/\\\/rinnovomedspa.com\\\/product\\\/rosa-mosqueta\\\/\",\"name\":\"Rosa Mosqueta - Rinnovo\",\"isPartOf\":{\"@id\":\"https:\\\/\\\/rinnovomedspa.com\\\/#website\"},\"primaryImageOfPage\":{\"@id\":\"https:\\\/\\\/rinnovomedspa.com\\\/product\\\/rosa-mosqueta\\\/#primaryimage\"},\"image\":{\"@id\":\"https:\\\/\\\/rinnovomedspa.com\\\/product\\\/rosa-mosqueta\\\/#primaryimage\"},\"thumbnailUrl\":\"https:\\\/\\\/rinnovomedspa.com\\\/wp-content\\\/uploads\\\/2023\\\/01\\\/Locion_rosa-moqueta_piel_luminosa_y_tersa_150ml.png\",\"datePublished\":\"2023-01-18T18:57:43+00:00\",\"dateModified\":\"2023-06-15T16:13:30+00:00\",\"breadcrumb\":{\"@id\":\"https:\\\/\\\/rinnovomedspa.com\\\/product\\\/rosa-mosqueta\\\/#breadcrumb\"},\"inLanguage\":\"en-US\",\"potentialAction\":[{\"@type\":\"ReadAction\",\"target\":[\"https:\\\/\\\/rinnovomedspa.com\\\/product\\\/rosa-mosqueta\\\/\"]}]},{\"@type\":\"ImageObject\",\"inLanguage\":\"en-US\",\"@id\":\"https:\\\/\\\/rinnovomedspa.com\\\/product\\\/rosa-mosqueta\\\/#primaryimage\",\"url\":\"https:\\\/\\\/rinnovomedspa.com\\\/wp-content\\\/uploads\\\/2023\\\/01\\\/Locion_rosa-moqueta_piel_luminosa_y_tersa_150ml.png\",\"contentUrl\":\"https:\\\/\\\/rinnovomedspa.com\\\/wp-content\\\/uploads\\\/2023\\\/01\\\/Locion_rosa-moqueta_piel_luminosa_y_tersa_150ml.png\",\"width\":1000,\"height\":1000},{\"@type\":\"BreadcrumbList\",\"@id\":\"https:\\\/\\\/rinnovomedspa.com\\\/product\\\/rosa-mosqueta\\\/#breadcrumb\",\"itemListElement\":[{\"@type\":\"ListItem\",\"position\":1,\"name\":\"Inicio\",\"item\":\"https:\\\/\\\/rinnovomedspa.com\\\/\"},{\"@type\":\"ListItem\",\"position\":2,\"name\":\"Nuestra Tienda\",\"item\":\"https:\\\/\\\/rinnovomedspa.com\\\/tienda\\\/\"},{\"@type\":\"ListItem\",\"position\":3,\"name\":\"Rosa Mosqueta\"}]},{\"@type\":\"WebSite\",\"@id\":\"https:\\\/\\\/rinnovomedspa.com\\\/#website\",\"url\":\"https:\\\/\\\/rinnovomedspa.com\\\/\",\"name\":\"Rinnovo Med Spa\",\"description\":\"Med Spa\",\"publisher\":{\"@id\":\"https:\\\/\\\/rinnovomedspa.com\\\/#organization\"},\"potentialAction\":[{\"@type\":\"SearchAction\",\"target\":{\"@type\":\"EntryPoint\",\"urlTemplate\":\"https:\\\/\\\/rinnovomedspa.com\\\/?s={search_term_string}\"},\"query-input\":{\"@type\":\"PropertyValueSpecification\",\"valueRequired\":true,\"valueName\":\"search_term_string\"}}],\"inLanguage\":\"en-US\"},{\"@type\":\"Organization\",\"@id\":\"https:\\\/\\\/rinnovomedspa.com\\\/#organization\",\"name\":\"Rinnovo Med Spa\",\"url\":\"https:\\\/\\\/rinnovomedspa.com\\\/\",\"logo\":{\"@type\":\"ImageObject\",\"inLanguage\":\"en-US\",\"@id\":\"https:\\\/\\\/rinnovomedspa.com\\\/#\\\/schema\\\/logo\\\/image\\\/\",\"url\":\"https:\\\/\\\/rinnovomedspa.com\\\/wp-content\\\/uploads\\\/2022\\\/12\\\/rinnovo-med-spa-logo-purpule.png\",\"contentUrl\":\"https:\\\/\\\/rinnovomedspa.com\\\/wp-content\\\/uploads\\\/2022\\\/12\\\/rinnovo-med-spa-logo-purpule.png\",\"width\":150,\"height\":41,\"caption\":\"Rinnovo Med Spa\"},\"image\":{\"@id\":\"https:\\\/\\\/rinnovomedspa.com\\\/#\\\/schema\\\/logo\\\/image\\\/\"},\"sameAs\":[\"https:\\\/\\\/www.facebook.com\\\/RinnovoMedSpa\"]}]}<\/script>\n<!-- \/ Yoast SEO plugin. -->","yoast_head_json":{"title":"Rosehip - Rinnovo","robots":{"index":"index","follow":"follow","max-snippet":"max-snippet:-1","max-image-preview":"max-image-preview:large","max-video-preview":"max-video-preview:-1"},"canonical":"https:\/\/rinnovomedspa.com\/en\/products\/rosehip\/","og_locale":"en_US","og_type":"article","og_title":"Rosa Mosqueta - Rinnovo","og_description":"Presentaci\u00f3n: 150 ml  INDICADO PARA: Pieles Al\u00edpicas, Desvitalizadas y J\u00f3venes Formula s\u00faper humectante e hidratante que optimiza la regeneraci\u00f3n de la piel con Rosa Mosqueta activo con grandes beneficios. Retrasa los signos de la edad, mejorar las l\u00edneas de expresi\u00f3n.  BENEFICIOS: Hidrata Humecta Protege y Revitaliza Piel m\u00e1s luminosa y tersa  ACTIVOS: Extracto de Rosa Rubiginosa (mosqueta) \u2013 Tiene propiedades hidratantes, nutritivas y regeneradora de piel, Extracto de Rosa Centifolia \u2013 Muy hidratante y reafirmante, contribuye a controlar la aparici\u00f3n de manchas cut\u00e1neas, Extracto de Rosa Canina \u2013 tiene propiedades drenantes y tonificantes, Rosa B\u00falgara \u2013 con propiedades muy humectantes, extracto de Aloe \u2013 sus propiedades hidratantes hacen que la piel sea m\u00e1s suave y sedosa. El uso de este producto es responsabilidad de quien lo consume y de quien lo recomienda","og_url":"https:\/\/rinnovomedspa.com\/en\/products\/rosehip\/","og_site_name":"Rinnovo","article_publisher":"https:\/\/www.facebook.com\/RinnovoMedSpa","article_modified_time":"2023-06-15T16:13:30+00:00","og_image":[{"width":1000,"height":1000,"url":"https:\/\/rinnovomedspa.com\/wp-content\/uploads\/2023\/01\/Locion_rosa-moqueta_piel_luminosa_y_tersa_150ml.png","type":"image\/png"}],"twitter_card":"summary_large_image","twitter_misc":{"Est. reading time":"1 minute"},"schema":{"@context":"https:\/\/schema.org","@graph":[{"@type":"WebPage","@id":"https:\/\/rinnovomedspa.com\/product\/rosa-mosqueta\/","url":"https:\/\/rinnovomedspa.com\/product\/rosa-mosqueta\/","name":"Rosehip - Rinnovo","isPartOf":{"@id":"https:\/\/rinnovomedspa.com\/#website"},"primaryImageOfPage":{"@id":"https:\/\/rinnovomedspa.com\/product\/rosa-mosqueta\/#primaryimage"},"image":{"@id":"https:\/\/rinnovomedspa.com\/product\/rosa-mosqueta\/#primaryimage"},"thumbnailUrl":"https:\/\/rinnovomedspa.com\/wp-content\/uploads\/2023\/01\/Locion_rosa-moqueta_piel_luminosa_y_tersa_150ml.png","datePublished":"2023-01-18T18:57:43+00:00","dateModified":"2023-06-15T16:13:30+00:00","breadcrumb":{"@id":"https:\/\/rinnovomedspa.com\/product\/rosa-mosqueta\/#breadcrumb"},"inLanguage":"en-US","potentialAction":[{"@type":"ReadAction","target":["https:\/\/rinnovomedspa.com\/product\/rosa-mosqueta\/"]}]},{"@type":"ImageObject","inLanguage":"en-US","@id":"https:\/\/rinnovomedspa.com\/product\/rosa-mosqueta\/#primaryimage","url":"https:\/\/rinnovomedspa.com\/wp-content\/uploads\/2023\/01\/Locion_rosa-moqueta_piel_luminosa_y_tersa_150ml.png","contentUrl":"https:\/\/rinnovomedspa.com\/wp-content\/uploads\/2023\/01\/Locion_rosa-moqueta_piel_luminosa_y_tersa_150ml.png","width":1000,"height":1000},{"@type":"BreadcrumbList","@id":"https:\/\/rinnovomedspa.com\/product\/rosa-mosqueta\/#breadcrumb","itemListElement":[{"@type":"ListItem","position":1,"name":"Inicio","item":"https:\/\/rinnovomedspa.com\/"},{"@type":"ListItem","position":2,"name":"Nuestra Tienda","item":"https:\/\/rinnovomedspa.com\/tienda\/"},{"@type":"ListItem","position":3,"name":"Rosa Mosqueta"}]},{"@type":"WebSite","@id":"https:\/\/rinnovomedspa.com\/#website","url":"https:\/\/rinnovomedspa.com\/","name":"Rinnovo Med Spa","description":"med-spa","publisher":{"@id":"https:\/\/rinnovomedspa.com\/#organization"},"potentialAction":[{"@type":"SearchAction","target":{"@type":"EntryPoint","urlTemplate":"https:\/\/rinnovomedspa.com\/?s={search_term_string}"},"query-input":{"@type":"PropertyValueSpecification","valueRequired":true,"valueName":"search_term_string"}}],"inLanguage":"en-US"},{"@type":"Organization","@id":"https:\/\/rinnovomedspa.com\/#organization","name":"Rinnovo Med Spa","url":"https:\/\/rinnovomedspa.com\/","logo":{"@type":"ImageObject","inLanguage":"en-US","@id":"https:\/\/rinnovomedspa.com\/#\/schema\/logo\/image\/","url":"https:\/\/rinnovomedspa.com\/wp-content\/uploads\/2022\/12\/rinnovo-med-spa-logo-purpule.png","contentUrl":"https:\/\/rinnovomedspa.com\/wp-content\/uploads\/2022\/12\/rinnovo-med-spa-logo-purpule.png","width":150,"height":41,"caption":"Rinnovo Med Spa"},"image":{"@id":"https:\/\/rinnovomedspa.com\/#\/schema\/logo\/image\/"},"sameAs":["https:\/\/www.facebook.com\/RinnovoMedSpa"]}]}},"_links":{"self":[{"href":"https:\/\/rinnovomedspa.com\/en\/wp-json\/wp\/v2\/product\/4426","targetHints":{"allow":["GET"]}}],"collection":[{"href":"https:\/\/rinnovomedspa.com\/en\/wp-json\/wp\/v2\/product"}],"about":[{"href":"https:\/\/rinnovomedspa.com\/en\/wp-json\/wp\/v2\/types\/product"}],"replies":[{"embeddable":true,"href":"https:\/\/rinnovomedspa.com\/en\/wp-json\/wp\/v2\/comments?post=4426"}],"wp:featuredmedia":[{"embeddable":true,"href":"https:\/\/rinnovomedspa.com\/en\/wp-json\/wp\/v2\/media\/4571"}],"wp:attachment":[{"href":"https:\/\/rinnovomedspa.com\/en\/wp-json\/wp\/v2\/media?parent=4426"}],"wp:term":[{"taxonomy":"product_brand","embeddable":true,"href":"https:\/\/rinnovomedspa.com\/en\/wp-json\/wp\/v2\/product_brand?post=4426"},{"taxonomy":"product_cat","embeddable":true,"href":"https:\/\/rinnovomedspa.com\/en\/wp-json\/wp\/v2\/product_cat?post=4426"},{"taxonomy":"product_tag","embeddable":true,"href":"https:\/\/rinnovomedspa.com\/en\/wp-json\/wp\/v2\/product_tag?post=4426"}],"curies":[{"name":"wp","href":"https:\/\/api.w.org\/{rel}","templated":true}]}}