{"id":4423,"date":"2023-01-18T18:57:43","date_gmt":"2023-01-18T18:57:43","guid":{"rendered":"https:\/\/rinnovomedspa.com\/?post_type=product&#038;p=4423"},"modified":"2023-06-15T16:24:01","modified_gmt":"2023-06-15T16:24:01","slug":"acneid-prebioticos","status":"publish","type":"product","link":"https:\/\/rinnovomedspa.com\/en\/products\/acneid-prebiotics\/","title":{"rendered":"Prebiotics"},"content":{"rendered":"<p>Presentation: 150ml<\/p>\n<p>INDICATED FOR: Thick, oily, acne-prone and seborrheic skin: Performs a deep cleansing, frees the skin of impurities, reduces imperfections.<\/p>\n<p>BENEFITS Greater power to drag lipids, Decreases sebum production With activated carbon microspheres Removes excess fat Astringent It is characterized by being a rich and soft cleanser that melts when massaged to eliminate impurities and, where appropriate, makeup Does not dry out the skin.<\/p>\n<p>ACTIVE INGREDIENTS: Saponaria \u2013 deep cleaning, removes impurities, Inulin \u2013 Recognized PREBIOTIC \u2013 Feeds the beneficial bacteria on the skin and prevents the proliferation of harmful ones. ACTIVATED CARBON \u2013 Extracts impurities from the pilosebaseous follicle, purifies. Hamamelis Virginiana Extract. \u2013 It has a healing and astringent effect. The use of this product is the responsibility of who consumes it and who recommends it.<\/p>","protected":false},"excerpt":{"rendered":"<p>Presentation: 150ml<\/p>\n<p>INDICATED FOR: Thick, oily, acne-prone and seborrheic skin: Performs a deep cleansing, frees the skin of impurities, reduces imperfections.<\/p>\n<p>BENEFITS Greater power to drag lipids, Decreases sebum production With activated carbon microspheres Removes excess fat Astringent It is characterized by being a rich and soft cleanser that melts when massaged to eliminate impurities and, where appropriate, makeup Does not dry out the skin.<\/p>\n<p>ACTIVE INGREDIENTS: Saponaria \u2013 deep cleaning, removes impurities, Inulin \u2013 Recognized PREBIOTIC \u2013 Feeds the beneficial bacteria on the skin and prevents the proliferation of harmful ones. ACTIVATED CARBON \u2013 Extracts impurities from the pilosebaseous follicle, purifies. Hamamelis Virginiana Extract. \u2013 It has a healing and astringent effect. The use of this product is the responsibility of who consumes it and who recommends it.<\/p>","protected":false},"featured_media":4559,"comment_status":"open","ping_status":"closed","template":"","meta":{"inline_featured_image":false},"product_brand":[],"product_cat":[147],"product_tag":[],"class_list":{"0":"post-4423","1":"product","2":"type-product","3":"status-publish","4":"has-post-thumbnail","6":"product_cat-shampoos-faciales","8":"first","9":"instock","10":"shipping-taxable","11":"purchasable","12":"product-type-simple"},"yoast_head":"<!-- This site is optimized with the Yoast SEO plugin v26.0 - https:\/\/yoast.com\/wordpress\/plugins\/seo\/ -->\n<title>Acneid Prebi\u00f3ticos - Rinnovo<\/title>\n<meta name=\"robots\" content=\"index, follow, max-snippet:-1, max-image-preview:large, max-video-preview:-1\" \/>\n<link rel=\"canonical\" href=\"https:\/\/rinnovomedspa.com\/en\/products\/acneid-prebiotics\/\" \/>\n<meta property=\"og:locale\" content=\"en_US\" \/>\n<meta property=\"og:type\" content=\"article\" \/>\n<meta property=\"og:title\" content=\"Acneid Prebi\u00f3ticos - Rinnovo\" \/>\n<meta property=\"og:description\" content=\"Presentaci\u00f3n: 150ml  INDICADO PARA: Pieles gruesas, grasas, acn\u00e9icas y seborreicas: Realiza una limpieza profunda, libera a la piel de impurezas, disminuye las imperfecciones.  BENEFICIOS Mayor poder de arrastre de l\u00edpidos, Disminuye la producci\u00f3n de sebo Con microesferas de carb\u00f3n activado Retira el exceso de grasa Astringente Se caracteriza por ser un limpiador rico y suave que se funde al masajear para eliminar las impurezas y en su caso el maquillaje No reseca la piel.  ACTIVOS: Saponaria \u2013 limpieza profunda, elimina impurezas, Inulina \u2013 Reconocido PREBI\u00d3TICO \u2013 Alimenta a las bacterias ben\u00e9ficas de la piel y evita la proliferaci\u00f3n de las da\u00f1inas. CARB\u00d3N ACTIVADO \u2013 Extrae las impurezas del foliculo piloseb\u00e1seo, depura. Hamamelis Virginiana Extract. \u2013 Tiene efecto cicatrizante y astringente. El uso de este producto es responsabilidad de quien lo consume y de quien lo recomienda.\" \/>\n<meta property=\"og:url\" content=\"https:\/\/rinnovomedspa.com\/en\/products\/acneid-prebiotics\/\" \/>\n<meta property=\"og:site_name\" content=\"Rinnovo\" \/>\n<meta property=\"article:publisher\" content=\"https:\/\/www.facebook.com\/RinnovoMedSpa\" \/>\n<meta property=\"article:modified_time\" content=\"2023-06-15T16:24:01+00:00\" \/>\n<meta property=\"og:image\" content=\"https:\/\/rinnovomedspa.com\/wp-content\/uploads\/2023\/01\/Shampoo_acneid_carbon_activado_150ml.png\" \/>\n\t<meta property=\"og:image:width\" content=\"1000\" \/>\n\t<meta property=\"og:image:height\" content=\"1000\" \/>\n\t<meta property=\"og:image:type\" content=\"image\/png\" \/>\n<meta name=\"twitter:card\" content=\"summary_large_image\" \/>\n<meta name=\"twitter:label1\" content=\"Est. reading time\" \/>\n\t<meta name=\"twitter:data1\" content=\"1 minute\" \/>\n<script type=\"application\/ld+json\" class=\"yoast-schema-graph\">{\"@context\":\"https:\/\/schema.org\",\"@graph\":[{\"@type\":\"WebPage\",\"@id\":\"https:\/\/rinnovomedspa.com\/product\/acneid-prebioticos\/\",\"url\":\"https:\/\/rinnovomedspa.com\/product\/acneid-prebioticos\/\",\"name\":\"Acneid Prebi\u00f3ticos - Rinnovo\",\"isPartOf\":{\"@id\":\"https:\/\/rinnovomedspa.com\/#website\"},\"primaryImageOfPage\":{\"@id\":\"https:\/\/rinnovomedspa.com\/product\/acneid-prebioticos\/#primaryimage\"},\"image\":{\"@id\":\"https:\/\/rinnovomedspa.com\/product\/acneid-prebioticos\/#primaryimage\"},\"thumbnailUrl\":\"https:\/\/rinnovomedspa.com\/wp-content\/uploads\/2023\/01\/Shampoo_acneid_carbon_activado_150ml.png\",\"datePublished\":\"2023-01-18T18:57:43+00:00\",\"dateModified\":\"2023-06-15T16:24:01+00:00\",\"breadcrumb\":{\"@id\":\"https:\/\/rinnovomedspa.com\/product\/acneid-prebioticos\/#breadcrumb\"},\"inLanguage\":\"en-US\",\"potentialAction\":[{\"@type\":\"ReadAction\",\"target\":[\"https:\/\/rinnovomedspa.com\/product\/acneid-prebioticos\/\"]}]},{\"@type\":\"ImageObject\",\"inLanguage\":\"en-US\",\"@id\":\"https:\/\/rinnovomedspa.com\/product\/acneid-prebioticos\/#primaryimage\",\"url\":\"https:\/\/rinnovomedspa.com\/wp-content\/uploads\/2023\/01\/Shampoo_acneid_carbon_activado_150ml.png\",\"contentUrl\":\"https:\/\/rinnovomedspa.com\/wp-content\/uploads\/2023\/01\/Shampoo_acneid_carbon_activado_150ml.png\",\"width\":1000,\"height\":1000},{\"@type\":\"BreadcrumbList\",\"@id\":\"https:\/\/rinnovomedspa.com\/product\/acneid-prebioticos\/#breadcrumb\",\"itemListElement\":[{\"@type\":\"ListItem\",\"position\":1,\"name\":\"Inicio\",\"item\":\"https:\/\/rinnovomedspa.com\/\"},{\"@type\":\"ListItem\",\"position\":2,\"name\":\"Nuestra Tienda\",\"item\":\"https:\/\/rinnovomedspa.com\/tienda\/\"},{\"@type\":\"ListItem\",\"position\":3,\"name\":\"Acneid Prebi\u00f3ticos\"}]},{\"@type\":\"WebSite\",\"@id\":\"https:\/\/rinnovomedspa.com\/#website\",\"url\":\"https:\/\/rinnovomedspa.com\/\",\"name\":\"Rinnovo Med Spa\",\"description\":\"Med Spa\",\"publisher\":{\"@id\":\"https:\/\/rinnovomedspa.com\/#organization\"},\"potentialAction\":[{\"@type\":\"SearchAction\",\"target\":{\"@type\":\"EntryPoint\",\"urlTemplate\":\"https:\/\/rinnovomedspa.com\/?s={search_term_string}\"},\"query-input\":{\"@type\":\"PropertyValueSpecification\",\"valueRequired\":true,\"valueName\":\"search_term_string\"}}],\"inLanguage\":\"en-US\"},{\"@type\":\"Organization\",\"@id\":\"https:\/\/rinnovomedspa.com\/#organization\",\"name\":\"Rinnovo Med Spa\",\"url\":\"https:\/\/rinnovomedspa.com\/\",\"logo\":{\"@type\":\"ImageObject\",\"inLanguage\":\"en-US\",\"@id\":\"https:\/\/rinnovomedspa.com\/#\/schema\/logo\/image\/\",\"url\":\"https:\/\/rinnovomedspa.com\/wp-content\/uploads\/2022\/12\/rinnovo-med-spa-logo-purpule.png\",\"contentUrl\":\"https:\/\/rinnovomedspa.com\/wp-content\/uploads\/2022\/12\/rinnovo-med-spa-logo-purpule.png\",\"width\":150,\"height\":41,\"caption\":\"Rinnovo Med Spa\"},\"image\":{\"@id\":\"https:\/\/rinnovomedspa.com\/#\/schema\/logo\/image\/\"},\"sameAs\":[\"https:\/\/www.facebook.com\/RinnovoMedSpa\"]}]}<\/script>\n<!-- \/ Yoast SEO plugin. -->","yoast_head_json":{"title":"Acneid Prebiotics - Rinnovo","robots":{"index":"index","follow":"follow","max-snippet":"max-snippet:-1","max-image-preview":"max-image-preview:large","max-video-preview":"max-video-preview:-1"},"canonical":"https:\/\/rinnovomedspa.com\/en\/products\/acneid-prebiotics\/","og_locale":"en_US","og_type":"article","og_title":"Acneid Prebi\u00f3ticos - Rinnovo","og_description":"Presentaci\u00f3n: 150ml  INDICADO PARA: Pieles gruesas, grasas, acn\u00e9icas y seborreicas: Realiza una limpieza profunda, libera a la piel de impurezas, disminuye las imperfecciones.  BENEFICIOS Mayor poder de arrastre de l\u00edpidos, Disminuye la producci\u00f3n de sebo Con microesferas de carb\u00f3n activado Retira el exceso de grasa Astringente Se caracteriza por ser un limpiador rico y suave que se funde al masajear para eliminar las impurezas y en su caso el maquillaje No reseca la piel.  ACTIVOS: Saponaria \u2013 limpieza profunda, elimina impurezas, Inulina \u2013 Reconocido PREBI\u00d3TICO \u2013 Alimenta a las bacterias ben\u00e9ficas de la piel y evita la proliferaci\u00f3n de las da\u00f1inas. CARB\u00d3N ACTIVADO \u2013 Extrae las impurezas del foliculo piloseb\u00e1seo, depura. Hamamelis Virginiana Extract. \u2013 Tiene efecto cicatrizante y astringente. El uso de este producto es responsabilidad de quien lo consume y de quien lo recomienda.","og_url":"https:\/\/rinnovomedspa.com\/en\/products\/acneid-prebiotics\/","og_site_name":"Rinnovo","article_publisher":"https:\/\/www.facebook.com\/RinnovoMedSpa","article_modified_time":"2023-06-15T16:24:01+00:00","og_image":[{"width":1000,"height":1000,"url":"https:\/\/rinnovomedspa.com\/wp-content\/uploads\/2023\/01\/Shampoo_acneid_carbon_activado_150ml.png","type":"image\/png"}],"twitter_card":"summary_large_image","twitter_misc":{"Est. reading time":"1 minute"},"schema":{"@context":"https:\/\/schema.org","@graph":[{"@type":"WebPage","@id":"https:\/\/rinnovomedspa.com\/product\/acneid-prebioticos\/","url":"https:\/\/rinnovomedspa.com\/product\/acneid-prebioticos\/","name":"Acneid Prebiotics - Rinnovo","isPartOf":{"@id":"https:\/\/rinnovomedspa.com\/#website"},"primaryImageOfPage":{"@id":"https:\/\/rinnovomedspa.com\/product\/acneid-prebioticos\/#primaryimage"},"image":{"@id":"https:\/\/rinnovomedspa.com\/product\/acneid-prebioticos\/#primaryimage"},"thumbnailUrl":"https:\/\/rinnovomedspa.com\/wp-content\/uploads\/2023\/01\/Shampoo_acneid_carbon_activado_150ml.png","datePublished":"2023-01-18T18:57:43+00:00","dateModified":"2023-06-15T16:24:01+00:00","breadcrumb":{"@id":"https:\/\/rinnovomedspa.com\/product\/acneid-prebioticos\/#breadcrumb"},"inLanguage":"en-US","potentialAction":[{"@type":"ReadAction","target":["https:\/\/rinnovomedspa.com\/product\/acneid-prebioticos\/"]}]},{"@type":"ImageObject","inLanguage":"en-US","@id":"https:\/\/rinnovomedspa.com\/product\/acneid-prebioticos\/#primaryimage","url":"https:\/\/rinnovomedspa.com\/wp-content\/uploads\/2023\/01\/Shampoo_acneid_carbon_activado_150ml.png","contentUrl":"https:\/\/rinnovomedspa.com\/wp-content\/uploads\/2023\/01\/Shampoo_acneid_carbon_activado_150ml.png","width":1000,"height":1000},{"@type":"BreadcrumbList","@id":"https:\/\/rinnovomedspa.com\/product\/acneid-prebioticos\/#breadcrumb","itemListElement":[{"@type":"ListItem","position":1,"name":"Inicio","item":"https:\/\/rinnovomedspa.com\/"},{"@type":"ListItem","position":2,"name":"Nuestra Tienda","item":"https:\/\/rinnovomedspa.com\/tienda\/"},{"@type":"ListItem","position":3,"name":"Acneid Prebi\u00f3ticos"}]},{"@type":"WebSite","@id":"https:\/\/rinnovomedspa.com\/#website","url":"https:\/\/rinnovomedspa.com\/","name":"Rinnovo Med Spa","description":"med-spa","publisher":{"@id":"https:\/\/rinnovomedspa.com\/#organization"},"potentialAction":[{"@type":"SearchAction","target":{"@type":"EntryPoint","urlTemplate":"https:\/\/rinnovomedspa.com\/?s={search_term_string}"},"query-input":{"@type":"PropertyValueSpecification","valueRequired":true,"valueName":"search_term_string"}}],"inLanguage":"en-US"},{"@type":"Organization","@id":"https:\/\/rinnovomedspa.com\/#organization","name":"Rinnovo Med Spa","url":"https:\/\/rinnovomedspa.com\/","logo":{"@type":"ImageObject","inLanguage":"en-US","@id":"https:\/\/rinnovomedspa.com\/#\/schema\/logo\/image\/","url":"https:\/\/rinnovomedspa.com\/wp-content\/uploads\/2022\/12\/rinnovo-med-spa-logo-purpule.png","contentUrl":"https:\/\/rinnovomedspa.com\/wp-content\/uploads\/2022\/12\/rinnovo-med-spa-logo-purpule.png","width":150,"height":41,"caption":"Rinnovo Med Spa"},"image":{"@id":"https:\/\/rinnovomedspa.com\/#\/schema\/logo\/image\/"},"sameAs":["https:\/\/www.facebook.com\/RinnovoMedSpa"]}]}},"_links":{"self":[{"href":"https:\/\/rinnovomedspa.com\/en\/wp-json\/wp\/v2\/product\/4423","targetHints":{"allow":["GET"]}}],"collection":[{"href":"https:\/\/rinnovomedspa.com\/en\/wp-json\/wp\/v2\/product"}],"about":[{"href":"https:\/\/rinnovomedspa.com\/en\/wp-json\/wp\/v2\/types\/product"}],"replies":[{"embeddable":true,"href":"https:\/\/rinnovomedspa.com\/en\/wp-json\/wp\/v2\/comments?post=4423"}],"wp:featuredmedia":[{"embeddable":true,"href":"https:\/\/rinnovomedspa.com\/en\/wp-json\/wp\/v2\/media\/4559"}],"wp:attachment":[{"href":"https:\/\/rinnovomedspa.com\/en\/wp-json\/wp\/v2\/media?parent=4423"}],"wp:term":[{"taxonomy":"product_brand","embeddable":true,"href":"https:\/\/rinnovomedspa.com\/en\/wp-json\/wp\/v2\/product_brand?post=4423"},{"taxonomy":"product_cat","embeddable":true,"href":"https:\/\/rinnovomedspa.com\/en\/wp-json\/wp\/v2\/product_cat?post=4423"},{"taxonomy":"product_tag","embeddable":true,"href":"https:\/\/rinnovomedspa.com\/en\/wp-json\/wp\/v2\/product_tag?post=4423"}],"curies":[{"name":"wp","href":"https:\/\/api.w.org\/{rel}","templated":true}]}}