{"id":1195,"date":"2020-08-05T08:00:07","date_gmt":"2020-08-05T08:00:07","guid":{"rendered":"https:\/\/firstsight.design\/cherie\/beauty\/?page_id=1195"},"modified":"2023-03-14T05:39:51","modified_gmt":"2023-03-14T05:39:51","slug":"contact-us","status":"publish","type":"page","link":"https:\/\/rinnovomedspa.com\/en\/contact-us\/","title":{"rendered":"contact us"},"content":{"rendered":"<div data-elementor-type=\"wp-page\" data-elementor-id=\"1195\" class=\"elementor elementor-1195\">\n\t\t\t\t\t\t<section class=\"elementor-section elementor-top-section elementor-element elementor-element-20c53e5 elementor-section-full_width elementor-section-height-default elementor-section-height-default\" data-id=\"20c53e5\" data-element_type=\"section\">\n\t\t\t\t\t\t<div class=\"elementor-container elementor-column-gap-default\">\n\t\t\t\t\t<div class=\"elementor-column elementor-col-100 elementor-top-column elementor-element elementor-element-062f336\" data-id=\"062f336\" data-element_type=\"column\">\n\t\t\t<div class=\"elementor-widget-wrap elementor-element-populated\">\n\t\t\t\t\t\t<div class=\"elementor-element elementor-element-3769cc2 elementor-widget elementor-widget-art-ordinary-page-header\" data-id=\"3769cc2\" data-element_type=\"widget\" data-widget_type=\"art-ordinary-page-header.default\">\n\t\t\t\t<div class=\"elementor-widget-container\">\n\t\t\t\t\t\r\n\t\t<div class=\"art-ordinary-page-header\" style=\"background-image:url(https:\/\/rinnovomedspa.com\/wp-content\/uploads\/2022\/12\/rinnovo-hero-1-scaled.jpg)\">\r\n\r\n\t\t\t<div class=\"container\">\r\n\r\n\t\t\t\t<div class=\"art-ordinary-page-data\" style=\"text-align:center\">\r\n\r\n\t\t\t\t\t<h1 class=\"art-page-header-title\">contact us<\/h1>\r\n\r\n                                            <div class=\"art-page-header-description\">\r\n                            <p>At Rinnovo Med Spa we are here to help you with any questions or suggestions you may have.<\/p>                        <\/div>\r\n                    \r\n\t\t\t\t<\/div>\r\n\r\n\t\t\t<\/div>\r\n\r\n\t\t<\/div>\r\n\r\n\t\t\t\t\t\t<\/div>\n\t\t\t\t<\/div>\n\t\t\t\t\t<\/div>\n\t\t<\/div>\n\t\t\t\t\t<\/div>\n\t\t<\/section>\n\t\t\t\t<section class=\"elementor-section elementor-top-section elementor-element elementor-element-5787ef7e elementor-section-boxed elementor-section-height-default elementor-section-height-default\" data-id=\"5787ef7e\" data-element_type=\"section\" data-settings=\"{&quot;background_background&quot;:&quot;classic&quot;}\">\n\t\t\t\t\t\t\t<div class=\"elementor-background-overlay\"><\/div>\n\t\t\t\t\t\t\t<div class=\"elementor-container elementor-column-gap-default\">\n\t\t\t\t\t<div class=\"elementor-column elementor-col-100 elementor-top-column elementor-element elementor-element-4fed2401\" data-id=\"4fed2401\" data-element_type=\"column\">\n\t\t\t<div class=\"elementor-widget-wrap elementor-element-populated\">\n\t\t\t\t\t\t<div class=\"elementor-element elementor-element-1950d327 elementor-widget elementor-widget-art-contact-info\" data-id=\"1950d327\" data-element_type=\"widget\" data-widget_type=\"art-contact-info.default\">\n\t\t\t\t<div class=\"elementor-widget-container\">\n\t\t\t\t\t\r\n            <div class=\"art-contact-info-widget\">\r\n                                    <div class=\"col-md-4 art-item\">\r\n                        <div class=\"art-icon\"><svg xmlns=\"http:\/\/www.w3.org\/2000\/svg\" width=\"48\" height=\"48\" viewbox=\"0 0 48 48\" fill=\"none\"><rect x=\"11.5\" y=\"2.5\" width=\"24\" height=\"43\" rx=\"1.5\" fill=\"#F6EBE7\" stroke=\"black\"><\/rect><rect x=\"20\" y=\"7\" width=\"7\" height=\"1\" fill=\"black\"><\/rect><circle cx=\"23.5\" cy=\"39.5\" r=\"1.5\" fill=\"black\"><\/circle><\/svg><\/div>\r\n                        <h6 class=\"art-title\">Contact<\/h6>\r\n                        <div class=\"art-description art-body-two-font\"><p>T: 899 755 1289<br \/>T: 899 798 9293<br \/>contact@rinnovomedspa.com<\/p><\/div>\r\n                    <\/div>\r\n                                    <div class=\"col-md-4 art-item\">\r\n                        <div class=\"art-icon\"><svg xmlns=\"http:\/\/www.w3.org\/2000\/svg\" width=\"48\" height=\"48\" viewbox=\"0 0 48 48\" fill=\"none\"><circle cx=\"24.5\" cy=\"24.5\" r=\"19\" fill=\"#F6EBE7\" stroke=\"black\"><\/circle><path d=\"M24 12.5V25.5L30 31.5\" stroke=\"black\"><\/path><\/svg><\/div>\r\n                        <h6 class=\"art-title\">Schedule<\/h6>\r\n                        <div class=\"art-description art-body-two-font\"><p>Monday to Friday: 8:00 a.m. - 7:00 p.m.<br \/>Saturday: 8:00 a.m.- 3:00 p.m.<\/p><\/div>\r\n                    <\/div>\r\n                                    <div class=\"col-md-4 art-item\">\r\n                        <div class=\"art-icon\"><svg xmlns=\"http:\/\/www.w3.org\/2000\/svg\" width=\"48\" height=\"48\" viewbox=\"0 0 48 48\" fill=\"none\"><path d=\"M39.5 18.5C39.5 22.9086 37.6893 26.8697 34.714 31.1637C32.7635 33.9788 30.3434 36.8965 27.6388 40.1573C26.3183 41.7493 24.93 43.4232 23.4953 45.2068C22.2962 43.7506 21.1349 42.3668 20.022 41.0407C16.9832 37.4197 14.3051 34.2285 12.2027 31.1656C9.2574 26.8745 7.5 22.9121 7.5 18.5C7.5 9.66344 14.6634 2.5 23.5 2.5C32.3366 2.5 39.5 9.66344 39.5 18.5Z\" fill=\"#F6EBE7\" stroke=\"black\"><\/path><circle cx=\"23.5\" cy=\"17.5\" r=\"6\" fill=\"white\" stroke=\"black\"><\/circle><\/svg><\/div>\r\n                        <h6 class=\"art-title\">Location<\/h6>\r\n                        <div class=\"art-description art-body-two-font\"><p>Santa Catarina North River 941 Col. Las Fuentes Lomas Section<\/p><\/div>\r\n                    <\/div>\r\n                            <\/div>\r\n\r\n        \t\t\t\t<\/div>\n\t\t\t\t<\/div>\n\t\t\t\t<div class=\"elementor-element elementor-element-177f77d7 content-align-center elementor-widget elementor-widget-art-light-button\" data-id=\"177f77d7\" data-element_type=\"widget\" data-widget_type=\"art-light-button.default\">\n\t\t\t\t<div class=\"elementor-widget-container\">\n\t\t\t\t\t\r\n\r\n        \r\n                <div class=\"art-widget-button art--aliment-center art--aliment-tablet- art--aliment-mobile-\">\r\n                    <a href=\"https:\/\/rinnovomedspa.com\/en\/appointments-bookme\/\" class=\"art-button art-button-light\">Schedule your appointment<\/a>\r\n                <\/div>\r\n\r\n                \r\n\r\n\r\n\r\n\r\n\r\n\r\n\r\n\t\t\t\t\t\t<\/div>\n\t\t\t\t<\/div>\n\t\t\t\t\t<\/div>\n\t\t<\/div>\n\t\t\t\t\t<\/div>\n\t\t<\/section>\n\t\t\t\t<section class=\"elementor-section elementor-top-section elementor-element elementor-element-f3bb843 elementor-section-full_width elementor-section-height-default elementor-section-height-default\" data-id=\"f3bb843\" data-element_type=\"section\">\n\t\t\t\t\t\t<div class=\"elementor-container elementor-column-gap-default\">\n\t\t\t\t\t<div class=\"elementor-column elementor-col-100 elementor-top-column elementor-element elementor-element-3c465e2\" data-id=\"3c465e2\" data-element_type=\"column\">\n\t\t\t<div class=\"elementor-widget-wrap elementor-element-populated\">\n\t\t\t\t\t\t<div class=\"elementor-element elementor-element-ff40366 elementor-widget elementor-widget-art-my-map\" data-id=\"ff40366\" data-element_type=\"widget\" data-widget_type=\"art-my-map.default\">\n\t\t\t\t<div class=\"elementor-widget-container\">\n\t\t\t\t\t        \r\n\r\n        <div class=\"art-map-image-block-wrapper\">\r\n\r\n            <div class=\"art-my-map-left\">\r\n                <img decoding=\"async\" src=\"https:\/\/rinnovomedspa.com\/wp-content\/uploads\/2023\/03\/rinnovo-inst-01.png\" alt=\"\">\r\n            <\/div>\r\n\r\n            <div class=\"art-my-map-right\">\r\n                                    <div class=\"elementor-custom-embed\"><iframe frameborder=\"0\" scrolling=\"no\" marginheight=\"0\" marginwidth=\"0\" src=\"https:\/\/maps.google.com\/maps?q=26.056561%2C%20-98.320923&amp;t=m&amp;z=17&amp;output=embed&amp;iwloc=near\" title=\"26.056561, -98.320923\" aria-label=\"26.056561, -98.320923\"><\/iframe><\/div>                            <\/div>\r\n\r\n        <\/div>\r\n\r\n        \r\n        \t\t\t\t<\/div>\n\t\t\t\t<\/div>\n\t\t\t\t\t<\/div>\n\t\t<\/div>\n\t\t\t\t\t<\/div>\n\t\t<\/section>\n\t\t\t\t<section class=\"elementor-section elementor-top-section elementor-element elementor-element-5d7a91f2 elementor-section-boxed elementor-section-height-default elementor-section-height-default\" data-id=\"5d7a91f2\" data-element_type=\"section\">\n\t\t\t\t\t\t<div class=\"elementor-container elementor-column-gap-default\">\n\t\t\t\t\t<div class=\"elementor-column elementor-col-100 elementor-top-column elementor-element elementor-element-19046f91\" data-id=\"19046f91\" data-element_type=\"column\">\n\t\t\t<div class=\"elementor-widget-wrap elementor-element-populated\">\n\t\t\t\t\t\t<div class=\"elementor-element elementor-element-8102eef elementor-widget elementor-widget-heading\" data-id=\"8102eef\" data-element_type=\"widget\" data-widget_type=\"heading.default\">\n\t\t\t\t<div class=\"elementor-widget-container\">\n\t\t\t\t\t<h2 class=\"elementor-heading-title elementor-size-default\">write to us<\/h2>\t\t\t\t<\/div>\n\t\t\t\t<\/div>\n\t\t\t\t\t<\/div>\n\t\t<\/div>\n\t\t\t\t\t<\/div>\n\t\t<\/section>\n\t\t\t\t<section class=\"elementor-section elementor-top-section elementor-element elementor-element-5dadcefc elementor-section-boxed elementor-section-height-default elementor-section-height-default\" data-id=\"5dadcefc\" data-element_type=\"section\">\n\t\t\t\t\t\t<div class=\"elementor-container elementor-column-gap-default\">\n\t\t\t\t\t<div class=\"elementor-column elementor-col-100 elementor-top-column elementor-element elementor-element-6d28b461\" data-id=\"6d28b461\" data-element_type=\"column\">\n\t\t\t<div class=\"elementor-widget-wrap elementor-element-populated\">\n\t\t\t\t\t\t<div class=\"elementor-element elementor-element-1943a519 elementor-widget elementor-widget-text-editor\" data-id=\"1943a519\" data-element_type=\"widget\" data-widget_type=\"text-editor.default\">\n\t\t\t\t<div class=\"elementor-widget-container\">\n\t\t\t\t\t\t\t\t\t<p>We love listening to you. Leave us a message and we will answer you as soon as possible.<\/p>\t\t\t\t\t\t\t\t<\/div>\n\t\t\t\t<\/div>\n\t\t\t\t\t<\/div>\n\t\t<\/div>\n\t\t\t\t\t<\/div>\n\t\t<\/section>\n\t\t\t\t<section class=\"elementor-section elementor-top-section elementor-element elementor-element-198b4795 elementor-section-boxed elementor-section-height-default elementor-section-height-default\" data-id=\"198b4795\" data-element_type=\"section\">\n\t\t\t\t\t\t<div class=\"elementor-container elementor-column-gap-default\">\n\t\t\t\t\t<div class=\"elementor-column elementor-col-100 elementor-top-column elementor-element elementor-element-5f3eff36\" data-id=\"5f3eff36\" data-element_type=\"column\">\n\t\t\t<div class=\"elementor-widget-wrap elementor-element-populated\">\n\t\t\t\t\t\t<div class=\"elementor-element elementor-element-5908e4a6 elementor-widget elementor-widget-art-wpcf7\" data-id=\"5908e4a6\" data-element_type=\"widget\" data-widget_type=\"art-wpcf7.default\">\n\t\t\t\t<div class=\"elementor-widget-container\">\n\t\t\t\t\t\r\n        <div class=\"art-shortcode-widget\">\r\n            \n<div class=\"wpcf7 no-js\" id=\"wpcf7-f1102-o1\" lang=\"en-US\" dir=\"ltr\" data-wpcf7-id=\"1102\">\n<div class=\"screen-reader-response\"><p role=\"status\" aria-live=\"polite\" aria-atomic=\"true\"><\/p> <ul><\/ul><\/div>\n<form action=\"\/en\/wp-json\/wp\/v2\/pages\/1195#wpcf7-f1102-o1\" method=\"post\" class=\"wpcf7-form init\" aria-label=\"Contact form\" novalidate=\"novalidate\" data-status=\"init\" data-trp-original-action=\"\/en\/wp-json\/wp\/v2\/pages\/1195#wpcf7-f1102-o1\">\n<fieldset class=\"hidden-fields-container\"><input type=\"hidden\" name=\"_wpcf7\" value=\"1102\" \/><input type=\"hidden\" name=\"_wpcf7_version\" value=\"6.1.2\" \/><input type=\"hidden\" name=\"_wpcf7_locale\" value=\"en_US\" \/><input type=\"hidden\" name=\"_wpcf7_unit_tag\" value=\"wpcf7-f1102-o1\" \/><input type=\"hidden\" name=\"_wpcf7_container_post\" value=\"0\" \/><input type=\"hidden\" name=\"_wpcf7_posted_data_hash\" value=\"\" \/>\n<\/fieldset>\n<div class=\"three-fields-row\">\n\t<p><span class=\"wpcf7-form-control-wrap\" data-name=\"your-name\"><input size=\"40\" maxlength=\"400\" class=\"wpcf7-form-control wpcf7-text wpcf7-validates-as-required\" aria-required=\"true\" aria-invalid=\"false\" placeholder=\"name *\" value=\"\" type=\"text\" name=\"your-name\" \/><\/span><span class=\"wpcf7-form-control-wrap\" data-name=\"your-email\"><input size=\"40\" maxlength=\"400\" class=\"wpcf7-form-control wpcf7-email wpcf7-validates-as-required wpcf7-text wpcf7-validates-as-email\" aria-required=\"true\" aria-invalid=\"false\" placeholder=\"Email Address *\" value=\"\" type=\"email\" name=\"your-email\" \/><\/span><span class=\"wpcf7-form-control-wrap\" data-name=\"tel-550\"><input size=\"40\" maxlength=\"400\" class=\"wpcf7-form-control wpcf7-tel wpcf7-text wpcf7-validates-as-tel\" aria-invalid=\"false\" placeholder=\"phone\" value=\"\" type=\"tel\" name=\"tel-550\" \/><\/span>\n\t<\/p>\n<\/div>\n<p><span class=\"wpcf7-form-control-wrap\" data-name=\"text-335\"><input size=\"40\" maxlength=\"400\" class=\"wpcf7-form-control wpcf7-text wpcf7-validates-as-required\" aria-required=\"true\" aria-invalid=\"false\" placeholder=\"Subject\" value=\"\" type=\"text\" name=\"text-335\" \/><\/span>\n<\/p>\n<p><span class=\"wpcf7-form-control-wrap\" data-name=\"your-message\"><textarea cols=\"40\" rows=\"10\" maxlength=\"2000\" class=\"wpcf7-form-control wpcf7-textarea\" aria-invalid=\"false\" placeholder=\"message *\" name=\"your-message\"><\/textarea><\/span>\n<\/p>\n<div class=\"field-to-right\">\n\t<p><input class=\"wpcf7-form-control wpcf7-submit has-spinner art-button art-button-dark\" type=\"submit\" value=\"send message\" \/>\n\t<\/p>\n<\/div><div class=\"wpcf7-response-output\" aria-hidden=\"true\"><\/div>\n<input type=\"hidden\" name=\"trp-form-language\" value=\"en\"\/><\/form>\n<\/div>\n        <\/div>\r\n        \r\n    \t\t\t\t<\/div>\n\t\t\t\t<\/div>\n\t\t\t\t\t<\/div>\n\t\t<\/div>\n\t\t\t\t\t<\/div>\n\t\t<\/section>\n\t\t\t\t<section class=\"elementor-section elementor-top-section elementor-element elementor-element-b878a50 elementor-section-boxed elementor-section-height-default elementor-section-height-default\" data-id=\"b878a50\" data-element_type=\"section\" data-settings=\"{&quot;background_background&quot;:&quot;classic&quot;}\">\n\t\t\t\t\t\t<div class=\"elementor-container elementor-column-gap-default\">\n\t\t\t\t\t<div class=\"elementor-column elementor-col-100 elementor-top-column elementor-element elementor-element-8459279\" data-id=\"8459279\" data-element_type=\"column\">\n\t\t\t<div class=\"elementor-widget-wrap elementor-element-populated\">\n\t\t\t\t\t\t<div class=\"elementor-element elementor-element-641b65ef elementor-widget elementor-widget-di-faqs\" data-id=\"641b65ef\" data-element_type=\"widget\" data-widget_type=\"di-faqs.default\">\n\t\t\t\t<div class=\"elementor-widget-container\">\n\t\t\t\t\t\r\n\t\t<div class=\"art-service-container\">\r\n\r\n\t\t\t\r\n\r\n\t\t\t\t\r\n\t\t\t\t\t<button class=\"accordion art-heading-seven\">\r\n                        <span class=\"service-name\">Cancellation Policy<\/span>\r\n                        <span class=\"service-price\"><\/span>\r\n                    <\/button>\r\n\t\t\t\t\t<div class=\"panel\">\r\n\r\n\t\t\t\t\t\t<div class=\"panel-data\">\r\n                            <p>The HydraFacial is a much-loved rejuvenation treatment, using patented Vortex technology to deliver botanical nutrients directly to the skin. HydraFacials infuse skin with healthy doses of hyaluronic acid, red algae extract, copper, zinc, and magnesium peptides to plump and rejuvenate your appearance, and leave you glowing from the inside out.<br \/>HydraFacials are a miracle treatment for common skin concerns such as: acne, hyperpigmentation, fine lines, wrinkles, dryness, redness, inflammation, age spots and can even general dullness. If you are looking to replenish the building blocks which lead to long-lasting, healthy-looking skin then a Hydrafacial could be exactly the ticket.<\/p>                        <\/div>\r\n\r\n\t\t\t\t\t<\/div>\r\n\r\n\t\t\t\t\r\n\t\t\t\t\t<button class=\"accordion art-heading-seven\">\r\n                        <span class=\"service-name\">Non Refund Policy<\/span>\r\n                        <span class=\"service-price\"><\/span>\r\n                    <\/button>\r\n\t\t\t\t\t<div class=\"panel\">\r\n\r\n\t\t\t\t\t\t<div class=\"panel-data\">\r\n                            <p>The HydraFacial is a much-loved rejuvenation treatment, using patented Vortex technology to deliver botanical nutrients directly to the skin. HydraFacials infuse skin with healthy doses of hyaluronic acid, red algae extract, copper, zinc, and magnesium peptides to plump and rejuvenate your appearance, and leave you glowing from the inside out.<br \/>HydraFacials are a miracle treatment for common skin concerns such as: acne, hyperpigmentation, fine lines, wrinkles, dryness, redness, inflammation, age spots and can even general dullness. If you are looking to replenish the building blocks which lead to long-lasting, healthy-looking skin then a Hydrafacial could be exactly the ticket.<\/p>                        <\/div>\r\n\r\n\t\t\t\t\t<\/div>\r\n\r\n\t\t\t\t\r\n\t\t\t\t\t<button class=\"accordion art-heading-seven\">\r\n                        <span class=\"service-name\">Terms &amp; Conditions<\/span>\r\n                        <span class=\"service-price\"><\/span>\r\n                    <\/button>\r\n\t\t\t\t\t<div class=\"panel\">\r\n\r\n\t\t\t\t\t\t<div class=\"panel-data\">\r\n                            <p>The HydraFacial is a much-loved rejuvenation treatment, using patented Vortex technology to deliver botanical nutrients directly to the skin. HydraFacials infuse skin with healthy doses of hyaluronic acid, red algae extract, copper, zinc, and magnesium peptides to plump and rejuvenate your appearance, and leave you glowing from the inside out.<br \/>HydraFacials are a miracle treatment for common skin concerns such as: acne, hyperpigmentation, fine lines, wrinkles, dryness, redness, inflammation, age spots and can even general dullness. If you are looking to replenish the building blocks which lead to long-lasting, healthy-looking skin then a Hydrafacial could be exactly the ticket.<\/p>                        <\/div>\r\n\r\n\t\t\t\t\t<\/div>\r\n\r\n\t\t\t\t\r\n\r\n\r\n\t\t\t\r\n\r\n\t\t<\/div>\r\n\r\n\r\n\t\t\t\t\t<\/div>\n\t\t\t\t<\/div>\n\t\t\t\t\t<\/div>\n\t\t<\/div>\n\t\t\t\t\t<\/div>\n\t\t<\/section>\n\t\t\t\t<\/div>","protected":false},"excerpt":{"rendered":"<p>Write to us We love to hear from you. Leave us a message and we will answer you as soon as possible.<\/p>","protected":false},"author":1,"featured_media":0,"parent":0,"menu_order":0,"comment_status":"closed","ping_status":"closed","template":"elementor-template.php","meta":{"inline_featured_image":false,"footnotes":""},"class_list":["post-1195","page","type-page","status-publish","hentry"],"yoast_head":"<!-- This site is optimized with the Yoast SEO plugin v26.0 - https:\/\/yoast.com\/wordpress\/plugins\/seo\/ -->\n<title>Cont\u00e1ctanos - Rinnovo<\/title>\n<meta name=\"robots\" content=\"index, follow, max-snippet:-1, max-image-preview:large, max-video-preview:-1\" \/>\n<link rel=\"canonical\" href=\"https:\/\/rinnovomedspa.com\/en\/contact-us\/\" \/>\n<meta property=\"og:locale\" content=\"en_US\" \/>\n<meta property=\"og:type\" content=\"article\" \/>\n<meta property=\"og:title\" content=\"Cont\u00e1ctanos - Rinnovo\" \/>\n<meta property=\"og:description\" content=\"Escr\u00edbenos Nos encanta escucharte. D\u00e9janos un mensaje y te contestaremos lo mas pronto posible.\" \/>\n<meta property=\"og:url\" content=\"https:\/\/rinnovomedspa.com\/en\/contact-us\/\" \/>\n<meta property=\"og:site_name\" content=\"Rinnovo\" \/>\n<meta property=\"article:publisher\" content=\"https:\/\/www.facebook.com\/RinnovoMedSpa\" \/>\n<meta property=\"article:modified_time\" content=\"2023-03-14T05:39:51+00:00\" \/>\n<meta name=\"twitter:card\" content=\"summary_large_image\" \/>\n<script type=\"application\/ld+json\" class=\"yoast-schema-graph\">{\"@context\":\"https:\/\/schema.org\",\"@graph\":[{\"@type\":\"WebPage\",\"@id\":\"https:\/\/rinnovomedspa.com\/contactanos\/\",\"url\":\"https:\/\/rinnovomedspa.com\/contactanos\/\",\"name\":\"Cont\u00e1ctanos - Rinnovo\",\"isPartOf\":{\"@id\":\"https:\/\/rinnovomedspa.com\/#website\"},\"datePublished\":\"2020-08-05T08:00:07+00:00\",\"dateModified\":\"2023-03-14T05:39:51+00:00\",\"breadcrumb\":{\"@id\":\"https:\/\/rinnovomedspa.com\/contactanos\/#breadcrumb\"},\"inLanguage\":\"en-US\",\"potentialAction\":[{\"@type\":\"ReadAction\",\"target\":[\"https:\/\/rinnovomedspa.com\/contactanos\/\"]}]},{\"@type\":\"BreadcrumbList\",\"@id\":\"https:\/\/rinnovomedspa.com\/contactanos\/#breadcrumb\",\"itemListElement\":[{\"@type\":\"ListItem\",\"position\":1,\"name\":\"Inicio\",\"item\":\"https:\/\/rinnovomedspa.com\/\"},{\"@type\":\"ListItem\",\"position\":2,\"name\":\"Cont\u00e1ctanos\"}]},{\"@type\":\"WebSite\",\"@id\":\"https:\/\/rinnovomedspa.com\/#website\",\"url\":\"https:\/\/rinnovomedspa.com\/\",\"name\":\"Rinnovo Med Spa\",\"description\":\"Med Spa\",\"publisher\":{\"@id\":\"https:\/\/rinnovomedspa.com\/#organization\"},\"potentialAction\":[{\"@type\":\"SearchAction\",\"target\":{\"@type\":\"EntryPoint\",\"urlTemplate\":\"https:\/\/rinnovomedspa.com\/?s={search_term_string}\"},\"query-input\":{\"@type\":\"PropertyValueSpecification\",\"valueRequired\":true,\"valueName\":\"search_term_string\"}}],\"inLanguage\":\"en-US\"},{\"@type\":\"Organization\",\"@id\":\"https:\/\/rinnovomedspa.com\/#organization\",\"name\":\"Rinnovo Med Spa\",\"url\":\"https:\/\/rinnovomedspa.com\/\",\"logo\":{\"@type\":\"ImageObject\",\"inLanguage\":\"en-US\",\"@id\":\"https:\/\/rinnovomedspa.com\/#\/schema\/logo\/image\/\",\"url\":\"https:\/\/rinnovomedspa.com\/wp-content\/uploads\/2022\/12\/rinnovo-med-spa-logo-purpule.png\",\"contentUrl\":\"https:\/\/rinnovomedspa.com\/wp-content\/uploads\/2022\/12\/rinnovo-med-spa-logo-purpule.png\",\"width\":150,\"height\":41,\"caption\":\"Rinnovo Med Spa\"},\"image\":{\"@id\":\"https:\/\/rinnovomedspa.com\/#\/schema\/logo\/image\/\"},\"sameAs\":[\"https:\/\/www.facebook.com\/RinnovoMedSpa\"]}]}<\/script>\n<!-- \/ Yoast SEO plugin. -->","yoast_head_json":{"title":"Contact us - Rinnovo","robots":{"index":"index","follow":"follow","max-snippet":"max-snippet:-1","max-image-preview":"max-image-preview:large","max-video-preview":"max-video-preview:-1"},"canonical":"https:\/\/rinnovomedspa.com\/en\/contact-us\/","og_locale":"en_US","og_type":"article","og_title":"Cont\u00e1ctanos - Rinnovo","og_description":"Escr\u00edbenos Nos encanta escucharte. D\u00e9janos un mensaje y te contestaremos lo mas pronto posible.","og_url":"https:\/\/rinnovomedspa.com\/en\/contact-us\/","og_site_name":"Rinnovo","article_publisher":"https:\/\/www.facebook.com\/RinnovoMedSpa","article_modified_time":"2023-03-14T05:39:51+00:00","twitter_card":"summary_large_image","schema":{"@context":"https:\/\/schema.org","@graph":[{"@type":"WebPage","@id":"https:\/\/rinnovomedspa.com\/contactanos\/","url":"https:\/\/rinnovomedspa.com\/contactanos\/","name":"Contact us - Rinnovo","isPartOf":{"@id":"https:\/\/rinnovomedspa.com\/#website"},"datePublished":"2020-08-05T08:00:07+00:00","dateModified":"2023-03-14T05:39:51+00:00","breadcrumb":{"@id":"https:\/\/rinnovomedspa.com\/contactanos\/#breadcrumb"},"inLanguage":"en-US","potentialAction":[{"@type":"ReadAction","target":["https:\/\/rinnovomedspa.com\/contactanos\/"]}]},{"@type":"BreadcrumbList","@id":"https:\/\/rinnovomedspa.com\/contactanos\/#breadcrumb","itemListElement":[{"@type":"ListItem","position":1,"name":"Inicio","item":"https:\/\/rinnovomedspa.com\/"},{"@type":"ListItem","position":2,"name":"Cont\u00e1ctanos"}]},{"@type":"WebSite","@id":"https:\/\/rinnovomedspa.com\/#website","url":"https:\/\/rinnovomedspa.com\/","name":"Rinnovo Med Spa","description":"med-spa","publisher":{"@id":"https:\/\/rinnovomedspa.com\/#organization"},"potentialAction":[{"@type":"SearchAction","target":{"@type":"EntryPoint","urlTemplate":"https:\/\/rinnovomedspa.com\/?s={search_term_string}"},"query-input":{"@type":"PropertyValueSpecification","valueRequired":true,"valueName":"search_term_string"}}],"inLanguage":"en-US"},{"@type":"Organization","@id":"https:\/\/rinnovomedspa.com\/#organization","name":"Rinnovo Med Spa","url":"https:\/\/rinnovomedspa.com\/","logo":{"@type":"ImageObject","inLanguage":"en-US","@id":"https:\/\/rinnovomedspa.com\/#\/schema\/logo\/image\/","url":"https:\/\/rinnovomedspa.com\/wp-content\/uploads\/2022\/12\/rinnovo-med-spa-logo-purpule.png","contentUrl":"https:\/\/rinnovomedspa.com\/wp-content\/uploads\/2022\/12\/rinnovo-med-spa-logo-purpule.png","width":150,"height":41,"caption":"Rinnovo Med Spa"},"image":{"@id":"https:\/\/rinnovomedspa.com\/#\/schema\/logo\/image\/"},"sameAs":["https:\/\/www.facebook.com\/RinnovoMedSpa"]}]}},"_links":{"self":[{"href":"https:\/\/rinnovomedspa.com\/en\/wp-json\/wp\/v2\/pages\/1195","targetHints":{"allow":["GET"]}}],"collection":[{"href":"https:\/\/rinnovomedspa.com\/en\/wp-json\/wp\/v2\/pages"}],"about":[{"href":"https:\/\/rinnovomedspa.com\/en\/wp-json\/wp\/v2\/types\/page"}],"author":[{"embeddable":true,"href":"https:\/\/rinnovomedspa.com\/en\/wp-json\/wp\/v2\/users\/1"}],"replies":[{"embeddable":true,"href":"https:\/\/rinnovomedspa.com\/en\/wp-json\/wp\/v2\/comments?post=1195"}],"version-history":[{"count":22,"href":"https:\/\/rinnovomedspa.com\/en\/wp-json\/wp\/v2\/pages\/1195\/revisions"}],"predecessor-version":[{"id":4889,"href":"https:\/\/rinnovomedspa.com\/en\/wp-json\/wp\/v2\/pages\/1195\/revisions\/4889"}],"wp:attachment":[{"href":"https:\/\/rinnovomedspa.com\/en\/wp-json\/wp\/v2\/media?parent=1195"}],"curies":[{"name":"wp","href":"https:\/\/api.w.org\/{rel}","templated":true}]}}